{"id":94,"date":"2021-12-09T09:42:32","date_gmt":"2021-12-09T08:42:32","guid":{"rendered":"http:\/\/club-arada.fr\/?page_id=94"},"modified":"2021-12-09T09:42:33","modified_gmt":"2021-12-09T08:42:33","slug":"goodies","status":"publish","type":"page","link":"http:\/\/club-arada.fr\/index.php\/goodies\/","title":{"rendered":"Goodies"},"content":{"rendered":"\n<p>Les Goodies du club<\/p>\n\n\n\n<p><strong>Commandez-les&nbsp; !<\/strong><\/p>\n\n\n\n<figure class=\"wp-block-image size-full\"><img loading=\"lazy\" width=\"150\" height=\"150\" src=\"http:\/\/club-arada.fr\/wp-content\/uploads\/2021\/12\/image-31.png\" alt=\"\" class=\"wp-image-95\" srcset=\"http:\/\/club-arada.fr\/wp-content\/uploads\/2021\/12\/image-31.png 150w, http:\/\/club-arada.fr\/wp-content\/uploads\/2021\/12\/image-31-80x80.png 80w\" sizes=\"(max-width: 150px) 100vw, 150px\" \/><\/figure>\n\n\n\n<p><a href=\"https:\/\/web.archive.org\/web\/20210509083518\/http:\/club-arada.fr\/2017\/10\/29\/goodies-la-roche-de-glun-2017\/logo-alpine-2-2\/\"><\/a><\/p>\n\n\n\n<p>Ecussons brod\u00e9s de superbe qualit\u00e9. Existent en 7 cms de diam\u00e8tre ou 20 cms de diam\u00e8tre<\/p>\n\n\n\n<p>Le DVD souvenir de la manifestation avec un montage de photo des autos en haute d\u00e9finition et un fond musical<\/p>\n\n\n\n<figure class=\"wp-block-image size-full\"><img loading=\"lazy\" width=\"300\" height=\"267\" src=\"http:\/\/club-arada.fr\/wp-content\/uploads\/2021\/12\/image-32.png\" alt=\"\" class=\"wp-image-96\"\/><\/figure>\n\n\n\n<p><a href=\"https:\/\/web.archive.org\/web\/20210509083518\/http:\/club-arada.fr\/dvd-la-roche-de-glun-2017\/\"><\/a><\/p>\n\n\n\n<p>Les goodies La Roche de Glun 2017 sont encore disponibles pour certains :<\/p>\n\n\n\n<figure class=\"wp-block-image size-full\"><img loading=\"lazy\" width=\"300\" height=\"163\" src=\"http:\/\/club-arada.fr\/wp-content\/uploads\/2021\/12\/image-33.png\" alt=\"\" class=\"wp-image-97\"\/><\/figure>\n\n\n\n<figure class=\"wp-block-image size-full\"><img loading=\"lazy\" width=\"300\" height=\"225\" src=\"http:\/\/club-arada.fr\/wp-content\/uploads\/2021\/12\/image-36.png\" alt=\"\" class=\"wp-image-100\"\/><\/figure>\n\n\n\n<p><a href=\"https:\/\/web.archive.org\/web\/20210509083518\/http:\/club-arada.fr\/2017\/04\/17\/inscriptions-rassemblement-les-20ans-darada-17-septembre-2017\/tee-shirt-arada-17-07-17\/\"><\/a><a href=\"https:\/\/web.archive.org\/web\/20210509083518\/http:\/club-arada.fr\/accueil\/img_1310\/\"><\/a><\/p>\n\n\n\n<p>Les Tee-shirts en blanc ou en noir avec au dos la magnifique plaque rallye. Questionnez-nous par mails pour les tailles restantes disponibles.<\/p>\n\n\n\n<figure class=\"wp-block-image size-full\"><img loading=\"lazy\" width=\"150\" height=\"150\" src=\"http:\/\/club-arada.fr\/wp-content\/uploads\/2021\/12\/image-34.png\" alt=\"\" class=\"wp-image-98\" srcset=\"http:\/\/club-arada.fr\/wp-content\/uploads\/2021\/12\/image-34.png 150w, http:\/\/club-arada.fr\/wp-content\/uploads\/2021\/12\/image-34-80x80.png 80w\" sizes=\"(max-width: 150px) 100vw, 150px\" \/><\/figure>\n\n\n\n<figure class=\"wp-block-image size-full\"><img loading=\"lazy\" width=\"150\" height=\"150\" src=\"http:\/\/club-arada.fr\/wp-content\/uploads\/2021\/12\/image-35.png\" alt=\"\" class=\"wp-image-99\" srcset=\"http:\/\/club-arada.fr\/wp-content\/uploads\/2021\/12\/image-35.png 150w, http:\/\/club-arada.fr\/wp-content\/uploads\/2021\/12\/image-35-80x80.png 80w\" sizes=\"(max-width: 150px) 100vw, 150px\" \/><\/figure>\n\n\n\n<figure class=\"wp-block-image size-full\"><img loading=\"lazy\" width=\"150\" height=\"150\" src=\"http:\/\/club-arada.fr\/wp-content\/uploads\/2021\/12\/image-37.png\" alt=\"\" class=\"wp-image-101\" srcset=\"http:\/\/club-arada.fr\/wp-content\/uploads\/2021\/12\/image-37.png 150w, http:\/\/club-arada.fr\/wp-content\/uploads\/2021\/12\/image-37-80x80.png 80w\" sizes=\"(max-width: 150px) 100vw, 150px\" \/><\/figure>\n\n\n\n<figure class=\"wp-block-image size-full\"><img loading=\"lazy\" width=\"300\" height=\"228\" src=\"http:\/\/club-arada.fr\/wp-content\/uploads\/2021\/12\/image-39.png\" alt=\"\" class=\"wp-image-103\"\/><\/figure>\n\n\n\n<figure class=\"wp-block-image size-full\"><img loading=\"lazy\" width=\"300\" height=\"198\" src=\"http:\/\/club-arada.fr\/wp-content\/uploads\/2021\/12\/image-38.png\" alt=\"\" class=\"wp-image-102\"\/><\/figure>\n\n\n\n<p><a href=\"https:\/\/web.archive.org\/web\/20210509083518\/http:\/club-arada.fr\/2017\/04\/17\/inscriptions-rassemblement-les-20ans-darada-17-septembre-2017\/mug2\/\">&nbsp;<\/a><a href=\"https:\/\/web.archive.org\/web\/20210509083518\/http:\/club-arada.fr\/2017\/04\/17\/inscriptions-rassemblement-les-20ans-darada-17-septembre-2017\/pinup-alpine\/\"><\/a><a href=\"https:\/\/web.archive.org\/web\/20210509083518\/http:\/club-arada.fr\/2017\/04\/17\/inscriptions-rassemblement-les-20ans-darada-17-septembre-2017\/pinup-alpine2\/\"><\/a><a href=\"https:\/\/web.archive.org\/web\/20210509083518\/http:\/club-arada.fr\/2017\/04\/17\/inscriptions-rassemblement-les-20ans-darada-17-septembre-2017\/a11\/\"><\/a><a href=\"https:\/\/web.archive.org\/web\/20210509083518\/http:\/club-arada.fr\/2017\/04\/17\/inscriptions-rassemblement-les-20ans-darada-17-septembre-2017\/r5-tdc\/\"><\/a><\/p>\n\n\n\n<p>Certains mugs sont encore disponibles : avec la plaque rallye, les pin\u2019up Alpine (messieurs : \u00e0 n\u00e9gocier avec vos \u00e9pouses \u2026)<\/p>\n\n\n\n<p>Certaines autos (R5 Tour de Corse, Clio, R17 Gordini, Dauphine, \u2026) nous questionner si vous recherchez quelque chose de particulier<\/p>\n\n\n\n<figure class=\"wp-block-image size-full\"><img loading=\"lazy\" width=\"300\" height=\"140\" src=\"http:\/\/club-arada.fr\/wp-content\/uploads\/2021\/12\/image-40.png\" alt=\"\" class=\"wp-image-104\"\/><\/figure>\n\n\n\n<figure class=\"wp-block-image size-full\"><img loading=\"lazy\" width=\"300\" height=\"191\" src=\"http:\/\/club-arada.fr\/wp-content\/uploads\/2021\/12\/image-41.png\" alt=\"\" class=\"wp-image-105\"\/><\/figure>\n\n\n\n<p><a href=\"https:\/\/web.archive.org\/web\/20210509083518\/http:\/club-arada.fr\/2017\/04\/17\/inscriptions-rassemblement-les-20ans-darada-17-septembre-2017\/arada-plaque-v2-2017\/\"><\/a><a href=\"https:\/\/web.archive.org\/web\/20210509083518\/http:\/club-arada.fr\/2017\/04\/17\/inscriptions-rassemblement-les-20ans-darada-17-septembre-2017\/clio-2\/\"><\/a><\/p>\n\n\n\n<p>Non, la berlinette ne figure pas dans les \u00ab&nbsp;goodies&nbsp;\u00bb mais la table haute oui, elle est utilisable en table de 70 cms de haut ou en table haute de 110 cms. Le panneau est pliable pour le rangement, la qualit\u00e9 est top, le plateau est stick\u00e9e avec un adh\u00e9sif r\u00e9sistant aux rayures et aux UV. Il n\u2019en reste pas beaucoup \u2026<\/p>\n\n\n\n<p>Nous vous rappelons les tarifs :<\/p>\n\n\n\n<p>Tee-shirt : 10 \u20ac quelle que soit la taille<\/p>\n\n\n\n<p>Mugs : 20 \u20ac les 3 mugs (10 \u20ac \u00e0 l\u2019unit\u00e9 si vous n\u2019en souhaitez qu\u2019un seul)<\/p>\n\n\n\n<p>Le DVD de photos Haute D\u00e9finition : 4 \u20ac<\/p>\n\n\n\n<p>La table haute : 108 \u20ac<\/p>\n\n\n\n<h1><strong>Le mieux et le plus pratique est de nous contacter par mail pour les disponibilit\u00e9s et les r\u00e9servations.<\/strong><\/h1>\n","protected":false},"excerpt":{"rendered":"<p>Les Goodies du club Commandez-les&nbsp; ! Ecussons brod\u00e9s de superbe qualit\u00e9. Existent en 7 cms de diam\u00e8tre ou 20 cms de diam\u00e8tre Le DVD souvenir de la manifestation avec un montage de photo des&#46;&#46;&#46;<\/p>\n","protected":false},"author":1,"featured_media":0,"parent":0,"menu_order":0,"comment_status":"closed","ping_status":"closed","template":"","meta":[],"_links":{"self":[{"href":"http:\/\/club-arada.fr\/index.php\/wp-json\/wp\/v2\/pages\/94"}],"collection":[{"href":"http:\/\/club-arada.fr\/index.php\/wp-json\/wp\/v2\/pages"}],"about":[{"href":"http:\/\/club-arada.fr\/index.php\/wp-json\/wp\/v2\/types\/page"}],"author":[{"embeddable":true,"href":"http:\/\/club-arada.fr\/index.php\/wp-json\/wp\/v2\/users\/1"}],"replies":[{"embeddable":true,"href":"http:\/\/club-arada.fr\/index.php\/wp-json\/wp\/v2\/comments?post=94"}],"version-history":[{"count":1,"href":"http:\/\/club-arada.fr\/index.php\/wp-json\/wp\/v2\/pages\/94\/revisions"}],"predecessor-version":[{"id":106,"href":"http:\/\/club-arada.fr\/index.php\/wp-json\/wp\/v2\/pages\/94\/revisions\/106"}],"wp:attachment":[{"href":"http:\/\/club-arada.fr\/index.php\/wp-json\/wp\/v2\/media?parent=94"}],"curies":[{"name":"wp","href":"https:\/\/api.w.org\/{rel}","templated":true}]}}