{"id":774,"date":"2021-12-10T16:38:43","date_gmt":"2021-12-10T15:38:43","guid":{"rendered":"http:\/\/club-arada.fr\/?page_id=774"},"modified":"2021-12-10T16:39:55","modified_gmt":"2021-12-10T15:39:55","slug":"mch-2017","status":"publish","type":"page","link":"http:\/\/club-arada.fr\/index.php\/mch-2017\/","title":{"rendered":"MCH 2017"},"content":{"rendered":"\n<p>Une nouvelle fois , le mont\u00e9 carlo historique \u00e9tait bas\u00e9 \u00e0 valence pendant 3 jours : plusieurs aradiens se sont retrouv\u00e9s entre autre, au col de l\u2019Echarasson pour voir passer les concurrents.<\/p>\n\n\n\n<p>F\u00e9licitations \u00e0 Jacques F et Alain C (\u00e9quipage 233 sur BMW) qui ont termin\u00e9s en milieu de classement pour leur 2eme participation \u00a0(photos MT)<\/p>\n\n\n\n<figure class=\"wp-block-image size-full\"><img loading=\"lazy\" width=\"945\" height=\"532\" src=\"http:\/\/club-arada.fr\/wp-content\/uploads\/2021\/12\/image-623.png\" alt=\"\" class=\"wp-image-775\" srcset=\"http:\/\/club-arada.fr\/wp-content\/uploads\/2021\/12\/image-623.png 945w, http:\/\/club-arada.fr\/wp-content\/uploads\/2021\/12\/image-623-300x169.png 300w, http:\/\/club-arada.fr\/wp-content\/uploads\/2021\/12\/image-623-768x432.png 768w\" sizes=\"(max-width: 945px) 100vw, 945px\" \/><\/figure>\n\n\n\n<figure class=\"wp-block-image size-full\"><img loading=\"lazy\" width=\"945\" height=\"532\" src=\"http:\/\/club-arada.fr\/wp-content\/uploads\/2021\/12\/image-624.png\" alt=\"\" class=\"wp-image-776\" srcset=\"http:\/\/club-arada.fr\/wp-content\/uploads\/2021\/12\/image-624.png 945w, http:\/\/club-arada.fr\/wp-content\/uploads\/2021\/12\/image-624-300x169.png 300w, http:\/\/club-arada.fr\/wp-content\/uploads\/2021\/12\/image-624-768x432.png 768w\" sizes=\"(max-width: 945px) 100vw, 945px\" \/><\/figure>\n\n\n\n<figure class=\"wp-block-image size-full\"><img loading=\"lazy\" width=\"945\" height=\"532\" src=\"http:\/\/club-arada.fr\/wp-content\/uploads\/2021\/12\/image-625.png\" alt=\"\" class=\"wp-image-777\" srcset=\"http:\/\/club-arada.fr\/wp-content\/uploads\/2021\/12\/image-625.png 945w, http:\/\/club-arada.fr\/wp-content\/uploads\/2021\/12\/image-625-300x169.png 300w, http:\/\/club-arada.fr\/wp-content\/uploads\/2021\/12\/image-625-768x432.png 768w\" sizes=\"(max-width: 945px) 100vw, 945px\" \/><\/figure>\n\n\n\n<figure class=\"wp-block-image size-full\"><img loading=\"lazy\" width=\"945\" height=\"532\" src=\"http:\/\/club-arada.fr\/wp-content\/uploads\/2021\/12\/image-626.png\" alt=\"\" class=\"wp-image-778\" srcset=\"http:\/\/club-arada.fr\/wp-content\/uploads\/2021\/12\/image-626.png 945w, http:\/\/club-arada.fr\/wp-content\/uploads\/2021\/12\/image-626-300x169.png 300w, http:\/\/club-arada.fr\/wp-content\/uploads\/2021\/12\/image-626-768x432.png 768w\" sizes=\"(max-width: 945px) 100vw, 945px\" \/><\/figure>\n\n\n\n<figure class=\"wp-block-image size-full\"><img loading=\"lazy\" width=\"945\" height=\"532\" src=\"http:\/\/club-arada.fr\/wp-content\/uploads\/2021\/12\/image-627.png\" alt=\"\" class=\"wp-image-779\" srcset=\"http:\/\/club-arada.fr\/wp-content\/uploads\/2021\/12\/image-627.png 945w, http:\/\/club-arada.fr\/wp-content\/uploads\/2021\/12\/image-627-300x169.png 300w, http:\/\/club-arada.fr\/wp-content\/uploads\/2021\/12\/image-627-768x432.png 768w\" sizes=\"(max-width: 945px) 100vw, 945px\" \/><\/figure>\n\n\n\n<figure class=\"wp-block-image size-full\"><img loading=\"lazy\" width=\"945\" height=\"532\" src=\"http:\/\/club-arada.fr\/wp-content\/uploads\/2021\/12\/image-628.png\" alt=\"\" class=\"wp-image-780\" srcset=\"http:\/\/club-arada.fr\/wp-content\/uploads\/2021\/12\/image-628.png 945w, http:\/\/club-arada.fr\/wp-content\/uploads\/2021\/12\/image-628-300x169.png 300w, http:\/\/club-arada.fr\/wp-content\/uploads\/2021\/12\/image-628-768x432.png 768w\" sizes=\"(max-width: 945px) 100vw, 945px\" \/><\/figure>\n\n\n\n<figure class=\"wp-block-image size-full\"><img loading=\"lazy\" width=\"945\" height=\"532\" src=\"http:\/\/club-arada.fr\/wp-content\/uploads\/2021\/12\/image-629.png\" alt=\"\" class=\"wp-image-781\" srcset=\"http:\/\/club-arada.fr\/wp-content\/uploads\/2021\/12\/image-629.png 945w, http:\/\/club-arada.fr\/wp-content\/uploads\/2021\/12\/image-629-300x169.png 300w, http:\/\/club-arada.fr\/wp-content\/uploads\/2021\/12\/image-629-768x432.png 768w\" sizes=\"(max-width: 945px) 100vw, 945px\" \/><\/figure>\n\n\n\n<figure class=\"wp-block-image size-full\"><img loading=\"lazy\" width=\"945\" height=\"532\" src=\"http:\/\/club-arada.fr\/wp-content\/uploads\/2021\/12\/image-630.png\" alt=\"\" class=\"wp-image-782\" srcset=\"http:\/\/club-arada.fr\/wp-content\/uploads\/2021\/12\/image-630.png 945w, http:\/\/club-arada.fr\/wp-content\/uploads\/2021\/12\/image-630-300x169.png 300w, http:\/\/club-arada.fr\/wp-content\/uploads\/2021\/12\/image-630-768x432.png 768w\" sizes=\"(max-width: 945px) 100vw, 945px\" \/><\/figure>\n\n\n\n<figure class=\"wp-block-image size-full\"><img loading=\"lazy\" width=\"945\" height=\"532\" src=\"http:\/\/club-arada.fr\/wp-content\/uploads\/2021\/12\/image-631.png\" alt=\"\" class=\"wp-image-783\" srcset=\"http:\/\/club-arada.fr\/wp-content\/uploads\/2021\/12\/image-631.png 945w, http:\/\/club-arada.fr\/wp-content\/uploads\/2021\/12\/image-631-300x169.png 300w, http:\/\/club-arada.fr\/wp-content\/uploads\/2021\/12\/image-631-768x432.png 768w\" sizes=\"(max-width: 945px) 100vw, 945px\" \/><\/figure>\n\n\n\n<figure class=\"wp-block-image size-full\"><img loading=\"lazy\" width=\"945\" height=\"533\" src=\"http:\/\/club-arada.fr\/wp-content\/uploads\/2021\/12\/image-632.png\" alt=\"\" class=\"wp-image-784\" srcset=\"http:\/\/club-arada.fr\/wp-content\/uploads\/2021\/12\/image-632.png 945w, http:\/\/club-arada.fr\/wp-content\/uploads\/2021\/12\/image-632-300x169.png 300w, http:\/\/club-arada.fr\/wp-content\/uploads\/2021\/12\/image-632-768x433.png 768w\" sizes=\"(max-width: 945px) 100vw, 945px\" \/><\/figure>\n\n\n\n<figure class=\"wp-block-image size-full\"><img loading=\"lazy\" width=\"945\" height=\"532\" src=\"http:\/\/club-arada.fr\/wp-content\/uploads\/2021\/12\/image-633.png\" alt=\"\" class=\"wp-image-785\" srcset=\"http:\/\/club-arada.fr\/wp-content\/uploads\/2021\/12\/image-633.png 945w, http:\/\/club-arada.fr\/wp-content\/uploads\/2021\/12\/image-633-300x169.png 300w, http:\/\/club-arada.fr\/wp-content\/uploads\/2021\/12\/image-633-768x432.png 768w\" sizes=\"(max-width: 945px) 100vw, 945px\" \/><\/figure>\n\n\n\n<figure class=\"wp-block-image size-full\"><img loading=\"lazy\" width=\"945\" height=\"532\" src=\"http:\/\/club-arada.fr\/wp-content\/uploads\/2021\/12\/image-634.png\" alt=\"\" class=\"wp-image-786\" srcset=\"http:\/\/club-arada.fr\/wp-content\/uploads\/2021\/12\/image-634.png 945w, http:\/\/club-arada.fr\/wp-content\/uploads\/2021\/12\/image-634-300x169.png 300w, http:\/\/club-arada.fr\/wp-content\/uploads\/2021\/12\/image-634-768x432.png 768w\" sizes=\"(max-width: 945px) 100vw, 945px\" \/><\/figure>\n\n\n\n<figure class=\"wp-block-image size-full is-resized\"><img loading=\"lazy\" src=\"http:\/\/club-arada.fr\/wp-content\/uploads\/2021\/12\/image-635.png\" alt=\"\" class=\"wp-image-787\" width=\"945\" height=\"532\" srcset=\"http:\/\/club-arada.fr\/wp-content\/uploads\/2021\/12\/image-635.png 945w, http:\/\/club-arada.fr\/wp-content\/uploads\/2021\/12\/image-635-300x169.png 300w, http:\/\/club-arada.fr\/wp-content\/uploads\/2021\/12\/image-635-768x432.png 768w\" sizes=\"(max-width: 945px) 100vw, 945px\" \/><\/figure>\n\n\n\n<figure class=\"wp-block-image size-full\"><img loading=\"lazy\" width=\"945\" height=\"532\" src=\"http:\/\/club-arada.fr\/wp-content\/uploads\/2021\/12\/image-636.png\" alt=\"\" class=\"wp-image-788\" srcset=\"http:\/\/club-arada.fr\/wp-content\/uploads\/2021\/12\/image-636.png 945w, http:\/\/club-arada.fr\/wp-content\/uploads\/2021\/12\/image-636-300x169.png 300w, http:\/\/club-arada.fr\/wp-content\/uploads\/2021\/12\/image-636-768x432.png 768w\" sizes=\"(max-width: 945px) 100vw, 945px\" \/><\/figure>\n\n\n\n<figure class=\"wp-block-image size-full\"><img loading=\"lazy\" width=\"945\" height=\"532\" src=\"http:\/\/club-arada.fr\/wp-content\/uploads\/2021\/12\/image-637.png\" alt=\"\" class=\"wp-image-789\" srcset=\"http:\/\/club-arada.fr\/wp-content\/uploads\/2021\/12\/image-637.png 945w, http:\/\/club-arada.fr\/wp-content\/uploads\/2021\/12\/image-637-300x169.png 300w, http:\/\/club-arada.fr\/wp-content\/uploads\/2021\/12\/image-637-768x432.png 768w\" sizes=\"(max-width: 945px) 100vw, 945px\" \/><\/figure>\n\n\n\n<figure class=\"wp-block-image size-full\"><img loading=\"lazy\" width=\"945\" height=\"532\" src=\"http:\/\/club-arada.fr\/wp-content\/uploads\/2021\/12\/image-638.png\" alt=\"\" class=\"wp-image-790\" srcset=\"http:\/\/club-arada.fr\/wp-content\/uploads\/2021\/12\/image-638.png 945w, http:\/\/club-arada.fr\/wp-content\/uploads\/2021\/12\/image-638-300x169.png 300w, http:\/\/club-arada.fr\/wp-content\/uploads\/2021\/12\/image-638-768x432.png 768w\" sizes=\"(max-width: 945px) 100vw, 945px\" \/><\/figure>\n\n\n\n<figure class=\"wp-block-image size-full\"><img loading=\"lazy\" width=\"945\" height=\"532\" src=\"http:\/\/club-arada.fr\/wp-content\/uploads\/2021\/12\/image-639.png\" alt=\"\" class=\"wp-image-791\" srcset=\"http:\/\/club-arada.fr\/wp-content\/uploads\/2021\/12\/image-639.png 945w, http:\/\/club-arada.fr\/wp-content\/uploads\/2021\/12\/image-639-300x169.png 300w, http:\/\/club-arada.fr\/wp-content\/uploads\/2021\/12\/image-639-768x432.png 768w\" sizes=\"(max-width: 945px) 100vw, 945px\" \/><\/figure>\n\n\n\n<figure class=\"wp-block-image size-full\"><img loading=\"lazy\" width=\"945\" height=\"532\" src=\"http:\/\/club-arada.fr\/wp-content\/uploads\/2021\/12\/image-640.png\" alt=\"\" class=\"wp-image-792\" srcset=\"http:\/\/club-arada.fr\/wp-content\/uploads\/2021\/12\/image-640.png 945w, http:\/\/club-arada.fr\/wp-content\/uploads\/2021\/12\/image-640-300x169.png 300w, http:\/\/club-arada.fr\/wp-content\/uploads\/2021\/12\/image-640-768x432.png 768w\" sizes=\"(max-width: 945px) 100vw, 945px\" \/><\/figure>\n\n\n\n<figure class=\"wp-block-image size-full\"><img loading=\"lazy\" width=\"945\" height=\"532\" src=\"http:\/\/club-arada.fr\/wp-content\/uploads\/2021\/12\/image-641.png\" alt=\"\" class=\"wp-image-793\" srcset=\"http:\/\/club-arada.fr\/wp-content\/uploads\/2021\/12\/image-641.png 945w, http:\/\/club-arada.fr\/wp-content\/uploads\/2021\/12\/image-641-300x169.png 300w, http:\/\/club-arada.fr\/wp-content\/uploads\/2021\/12\/image-641-768x432.png 768w\" sizes=\"(max-width: 945px) 100vw, 945px\" \/><\/figure>\n\n\n\n<figure class=\"wp-block-image size-full\"><img loading=\"lazy\" width=\"945\" height=\"532\" src=\"http:\/\/club-arada.fr\/wp-content\/uploads\/2021\/12\/image-642.png\" alt=\"\" class=\"wp-image-794\" srcset=\"http:\/\/club-arada.fr\/wp-content\/uploads\/2021\/12\/image-642.png 945w, http:\/\/club-arada.fr\/wp-content\/uploads\/2021\/12\/image-642-300x169.png 300w, http:\/\/club-arada.fr\/wp-content\/uploads\/2021\/12\/image-642-768x432.png 768w\" sizes=\"(max-width: 945px) 100vw, 945px\" \/><\/figure>\n\n\n\n<figure class=\"wp-block-image size-full\"><img loading=\"lazy\" width=\"945\" height=\"532\" src=\"http:\/\/club-arada.fr\/wp-content\/uploads\/2021\/12\/image-643.png\" alt=\"\" class=\"wp-image-795\" srcset=\"http:\/\/club-arada.fr\/wp-content\/uploads\/2021\/12\/image-643.png 945w, http:\/\/club-arada.fr\/wp-content\/uploads\/2021\/12\/image-643-300x169.png 300w, http:\/\/club-arada.fr\/wp-content\/uploads\/2021\/12\/image-643-768x432.png 768w\" sizes=\"(max-width: 945px) 100vw, 945px\" \/><\/figure>\n\n\n\n<figure class=\"wp-block-image size-full\"><img loading=\"lazy\" width=\"945\" height=\"532\" src=\"http:\/\/club-arada.fr\/wp-content\/uploads\/2021\/12\/image-644.png\" alt=\"\" class=\"wp-image-796\" srcset=\"http:\/\/club-arada.fr\/wp-content\/uploads\/2021\/12\/image-644.png 945w, http:\/\/club-arada.fr\/wp-content\/uploads\/2021\/12\/image-644-300x169.png 300w, http:\/\/club-arada.fr\/wp-content\/uploads\/2021\/12\/image-644-768x432.png 768w\" sizes=\"(max-width: 945px) 100vw, 945px\" \/><\/figure>\n\n\n\n<figure class=\"wp-block-image size-full\"><img loading=\"lazy\" width=\"945\" height=\"532\" src=\"http:\/\/club-arada.fr\/wp-content\/uploads\/2021\/12\/image-645.png\" alt=\"\" class=\"wp-image-797\" srcset=\"http:\/\/club-arada.fr\/wp-content\/uploads\/2021\/12\/image-645.png 945w, http:\/\/club-arada.fr\/wp-content\/uploads\/2021\/12\/image-645-300x169.png 300w, http:\/\/club-arada.fr\/wp-content\/uploads\/2021\/12\/image-645-768x432.png 768w\" sizes=\"(max-width: 945px) 100vw, 945px\" \/><\/figure>\n\n\n\n<figure class=\"wp-block-image size-full\"><img loading=\"lazy\" width=\"945\" height=\"532\" src=\"http:\/\/club-arada.fr\/wp-content\/uploads\/2021\/12\/image-646.png\" alt=\"\" class=\"wp-image-798\" srcset=\"http:\/\/club-arada.fr\/wp-content\/uploads\/2021\/12\/image-646.png 945w, http:\/\/club-arada.fr\/wp-content\/uploads\/2021\/12\/image-646-300x169.png 300w, http:\/\/club-arada.fr\/wp-content\/uploads\/2021\/12\/image-646-768x432.png 768w\" sizes=\"(max-width: 945px) 100vw, 945px\" \/><\/figure>\n","protected":false},"excerpt":{"rendered":"<p>Une nouvelle fois , le mont\u00e9 carlo historique \u00e9tait bas\u00e9 \u00e0 valence pendant 3 jours : plusieurs aradiens se sont retrouv\u00e9s entre autre, au col de l\u2019Echarasson pour voir passer les concurrents. F\u00e9licitations \u00e0&#46;&#46;&#46;<\/p>\n","protected":false},"author":1,"featured_media":0,"parent":0,"menu_order":0,"comment_status":"closed","ping_status":"closed","template":"","meta":[],"_links":{"self":[{"href":"http:\/\/club-arada.fr\/index.php\/wp-json\/wp\/v2\/pages\/774"}],"collection":[{"href":"http:\/\/club-arada.fr\/index.php\/wp-json\/wp\/v2\/pages"}],"about":[{"href":"http:\/\/club-arada.fr\/index.php\/wp-json\/wp\/v2\/types\/page"}],"author":[{"embeddable":true,"href":"http:\/\/club-arada.fr\/index.php\/wp-json\/wp\/v2\/users\/1"}],"replies":[{"embeddable":true,"href":"http:\/\/club-arada.fr\/index.php\/wp-json\/wp\/v2\/comments?post=774"}],"version-history":[{"count":1,"href":"http:\/\/club-arada.fr\/index.php\/wp-json\/wp\/v2\/pages\/774\/revisions"}],"predecessor-version":[{"id":799,"href":"http:\/\/club-arada.fr\/index.php\/wp-json\/wp\/v2\/pages\/774\/revisions\/799"}],"wp:attachment":[{"href":"http:\/\/club-arada.fr\/index.php\/wp-json\/wp\/v2\/media?parent=774"}],"curies":[{"name":"wp","href":"https:\/\/api.w.org\/{rel}","templated":true}]}}