{"id":657,"date":"2021-12-10T16:30:13","date_gmt":"2021-12-10T15:30:13","guid":{"rendered":"http:\/\/club-arada.fr\/?page_id=657"},"modified":"2021-12-10T16:30:13","modified_gmt":"2021-12-10T15:30:13","slug":"la-balade-arada-du-25-juin-2017","status":"publish","type":"page","link":"http:\/\/club-arada.fr\/index.php\/la-balade-arada-du-25-juin-2017\/","title":{"rendered":"La balade arada du 25 juin 2017"},"content":{"rendered":"\n<p>Organis\u00e9e par Eric, G\u00e9rard aid\u00e9 par Marc, au d\u00e9part d\u2019Alixan, les participants se sont rendus au jardin ferroviaire \u00e0 Chatte en longeant les contreforts du Vercors. Ensuite ils se sont dirig\u00e9s vers le plateau de Presles en passant par les gorges du Nan pour un pique nique\u2026<\/p>\n\n\n\n<p>photos GR<\/p>\n\n\n\n<p><a href=\"https:\/\/web.archive.org\/web\/20210404052412\/http:\/club-arada.fr\/2017\/07\/01\/la-balade-arada-du-25-juin-2017\/img_6773\/\"><\/a><a href=\"https:\/\/web.archive.org\/web\/20210404052412\/http:\/club-arada.fr\/2017\/07\/01\/la-balade-arada-du-25-juin-2017\/img_6774\/\"> <\/a><a href=\"https:\/\/web.archive.org\/web\/20210404052412\/http:\/club-arada.fr\/2017\/07\/01\/la-balade-arada-du-25-juin-2017\/img_6775\/\"><\/a><a href=\"https:\/\/web.archive.org\/web\/20210404052412\/http:\/club-arada.fr\/2017\/07\/01\/la-balade-arada-du-25-juin-2017\/img_6776\/\"> <\/a><a href=\"https:\/\/web.archive.org\/web\/20210404052412\/http:\/club-arada.fr\/2017\/07\/01\/la-balade-arada-du-25-juin-2017\/img_6777\/\"><\/a><a href=\"https:\/\/web.archive.org\/web\/20210404052412\/http:\/club-arada.fr\/2017\/07\/01\/la-balade-arada-du-25-juin-2017\/img_6779\/\"> <\/a><a href=\"https:\/\/web.archive.org\/web\/20210404052412\/http:\/club-arada.fr\/2017\/07\/01\/la-balade-arada-du-25-juin-2017\/img_6780\/\"><\/a><a href=\"https:\/\/web.archive.org\/web\/20210404052412\/http:\/club-arada.fr\/2017\/07\/01\/la-balade-arada-du-25-juin-2017\/img_6782\/\"> <\/a><a href=\"https:\/\/web.archive.org\/web\/20210404052412\/http:\/club-arada.fr\/2017\/07\/01\/la-balade-arada-du-25-juin-2017\/img_6783\/\"><\/a><a href=\"https:\/\/web.archive.org\/web\/20210404052412\/http:\/club-arada.fr\/2017\/07\/01\/la-balade-arada-du-25-juin-2017\/img_6786\/\"> <\/a><a href=\"https:\/\/web.archive.org\/web\/20210404052412\/http:\/club-arada.fr\/2017\/07\/01\/la-balade-arada-du-25-juin-2017\/img_6788\/\"><\/a><a href=\"https:\/\/web.archive.org\/web\/20210404052412\/http:\/club-arada.fr\/2017\/07\/01\/la-balade-arada-du-25-juin-2017\/img_6789\/\"> <\/a><a href=\"https:\/\/web.archive.org\/web\/20210404052412\/http:\/club-arada.fr\/2017\/07\/01\/la-balade-arada-du-25-juin-2017\/img_6790-2\/\"><\/a><a href=\"https:\/\/web.archive.org\/web\/20210404052412\/http:\/club-arada.fr\/2017\/07\/01\/la-balade-arada-du-25-juin-2017\/img_6793\/\"> <\/a><a href=\"https:\/\/web.archive.org\/web\/20210404052412\/http:\/club-arada.fr\/2017\/07\/01\/la-balade-arada-du-25-juin-2017\/img_6794\/\"><\/a><a href=\"https:\/\/web.archive.org\/web\/20210404052412\/http:\/club-arada.fr\/2017\/07\/01\/la-balade-arada-du-25-juin-2017\/img_6796\/\"> <\/a><a href=\"https:\/\/web.archive.org\/web\/20210404052412\/http:\/club-arada.fr\/2017\/07\/01\/la-balade-arada-du-25-juin-2017\/img_6798\/\"><br><\/a><\/p>\n\n\n\n<figure class=\"wp-block-image size-full\"><img loading=\"lazy\" width=\"945\" height=\"630\" src=\"http:\/\/club-arada.fr\/wp-content\/uploads\/2021\/12\/image-510.png\" alt=\"\" class=\"wp-image-658\" srcset=\"http:\/\/club-arada.fr\/wp-content\/uploads\/2021\/12\/image-510.png 945w, http:\/\/club-arada.fr\/wp-content\/uploads\/2021\/12\/image-510-300x200.png 300w, http:\/\/club-arada.fr\/wp-content\/uploads\/2021\/12\/image-510-768x512.png 768w\" sizes=\"(max-width: 945px) 100vw, 945px\" \/><\/figure>\n\n\n\n<figure class=\"wp-block-image size-full\"><img loading=\"lazy\" width=\"945\" height=\"630\" src=\"http:\/\/club-arada.fr\/wp-content\/uploads\/2021\/12\/image-511.png\" alt=\"\" class=\"wp-image-659\" srcset=\"http:\/\/club-arada.fr\/wp-content\/uploads\/2021\/12\/image-511.png 945w, http:\/\/club-arada.fr\/wp-content\/uploads\/2021\/12\/image-511-300x200.png 300w, http:\/\/club-arada.fr\/wp-content\/uploads\/2021\/12\/image-511-768x512.png 768w\" sizes=\"(max-width: 945px) 100vw, 945px\" \/><\/figure>\n\n\n\n<figure class=\"wp-block-image size-full\"><img loading=\"lazy\" width=\"945\" height=\"630\" src=\"http:\/\/club-arada.fr\/wp-content\/uploads\/2021\/12\/image-512.png\" alt=\"\" class=\"wp-image-660\" srcset=\"http:\/\/club-arada.fr\/wp-content\/uploads\/2021\/12\/image-512.png 945w, http:\/\/club-arada.fr\/wp-content\/uploads\/2021\/12\/image-512-300x200.png 300w, http:\/\/club-arada.fr\/wp-content\/uploads\/2021\/12\/image-512-768x512.png 768w\" sizes=\"(max-width: 945px) 100vw, 945px\" \/><\/figure>\n\n\n\n<figure class=\"wp-block-image size-full\"><img loading=\"lazy\" width=\"945\" height=\"630\" src=\"http:\/\/club-arada.fr\/wp-content\/uploads\/2021\/12\/image-513.png\" alt=\"\" class=\"wp-image-661\" srcset=\"http:\/\/club-arada.fr\/wp-content\/uploads\/2021\/12\/image-513.png 945w, http:\/\/club-arada.fr\/wp-content\/uploads\/2021\/12\/image-513-300x200.png 300w, http:\/\/club-arada.fr\/wp-content\/uploads\/2021\/12\/image-513-768x512.png 768w\" sizes=\"(max-width: 945px) 100vw, 945px\" \/><\/figure>\n\n\n\n<figure class=\"wp-block-image size-full\"><img loading=\"lazy\" width=\"945\" height=\"630\" src=\"http:\/\/club-arada.fr\/wp-content\/uploads\/2021\/12\/image-514.png\" alt=\"\" class=\"wp-image-662\" srcset=\"http:\/\/club-arada.fr\/wp-content\/uploads\/2021\/12\/image-514.png 945w, http:\/\/club-arada.fr\/wp-content\/uploads\/2021\/12\/image-514-300x200.png 300w, http:\/\/club-arada.fr\/wp-content\/uploads\/2021\/12\/image-514-768x512.png 768w\" sizes=\"(max-width: 945px) 100vw, 945px\" \/><\/figure>\n\n\n\n<figure class=\"wp-block-image size-full is-resized\"><img loading=\"lazy\" src=\"http:\/\/club-arada.fr\/wp-content\/uploads\/2021\/12\/image-515.png\" alt=\"\" class=\"wp-image-663\" width=\"954\" height=\"636\" srcset=\"http:\/\/club-arada.fr\/wp-content\/uploads\/2021\/12\/image-515.png 945w, http:\/\/club-arada.fr\/wp-content\/uploads\/2021\/12\/image-515-300x200.png 300w, http:\/\/club-arada.fr\/wp-content\/uploads\/2021\/12\/image-515-768x512.png 768w\" sizes=\"(max-width: 954px) 100vw, 954px\" \/><\/figure>\n\n\n\n<figure class=\"wp-block-image size-full\"><img loading=\"lazy\" width=\"945\" height=\"630\" src=\"http:\/\/club-arada.fr\/wp-content\/uploads\/2021\/12\/image-516.png\" alt=\"\" class=\"wp-image-664\" srcset=\"http:\/\/club-arada.fr\/wp-content\/uploads\/2021\/12\/image-516.png 945w, http:\/\/club-arada.fr\/wp-content\/uploads\/2021\/12\/image-516-300x200.png 300w, http:\/\/club-arada.fr\/wp-content\/uploads\/2021\/12\/image-516-768x512.png 768w\" sizes=\"(max-width: 945px) 100vw, 945px\" \/><\/figure>\n\n\n\n<figure class=\"wp-block-image size-full\"><img loading=\"lazy\" width=\"945\" height=\"630\" src=\"http:\/\/club-arada.fr\/wp-content\/uploads\/2021\/12\/image-517.png\" alt=\"\" class=\"wp-image-665\" srcset=\"http:\/\/club-arada.fr\/wp-content\/uploads\/2021\/12\/image-517.png 945w, http:\/\/club-arada.fr\/wp-content\/uploads\/2021\/12\/image-517-300x200.png 300w, http:\/\/club-arada.fr\/wp-content\/uploads\/2021\/12\/image-517-768x512.png 768w\" sizes=\"(max-width: 945px) 100vw, 945px\" \/><\/figure>\n\n\n\n<figure class=\"wp-block-image size-full\"><img loading=\"lazy\" width=\"945\" height=\"630\" src=\"http:\/\/club-arada.fr\/wp-content\/uploads\/2021\/12\/image-518.png\" alt=\"\" class=\"wp-image-666\" srcset=\"http:\/\/club-arada.fr\/wp-content\/uploads\/2021\/12\/image-518.png 945w, http:\/\/club-arada.fr\/wp-content\/uploads\/2021\/12\/image-518-300x200.png 300w, http:\/\/club-arada.fr\/wp-content\/uploads\/2021\/12\/image-518-768x512.png 768w\" sizes=\"(max-width: 945px) 100vw, 945px\" \/><\/figure>\n\n\n\n<figure class=\"wp-block-image size-full\"><img loading=\"lazy\" width=\"945\" height=\"630\" src=\"http:\/\/club-arada.fr\/wp-content\/uploads\/2021\/12\/image-519.png\" alt=\"\" class=\"wp-image-667\" srcset=\"http:\/\/club-arada.fr\/wp-content\/uploads\/2021\/12\/image-519.png 945w, http:\/\/club-arada.fr\/wp-content\/uploads\/2021\/12\/image-519-300x200.png 300w, http:\/\/club-arada.fr\/wp-content\/uploads\/2021\/12\/image-519-768x512.png 768w\" sizes=\"(max-width: 945px) 100vw, 945px\" \/><\/figure>\n\n\n\n<figure class=\"wp-block-image size-full\"><img loading=\"lazy\" width=\"945\" height=\"630\" src=\"http:\/\/club-arada.fr\/wp-content\/uploads\/2021\/12\/image-520.png\" alt=\"\" class=\"wp-image-668\" srcset=\"http:\/\/club-arada.fr\/wp-content\/uploads\/2021\/12\/image-520.png 945w, http:\/\/club-arada.fr\/wp-content\/uploads\/2021\/12\/image-520-300x200.png 300w, http:\/\/club-arada.fr\/wp-content\/uploads\/2021\/12\/image-520-768x512.png 768w\" sizes=\"(max-width: 945px) 100vw, 945px\" \/><\/figure>\n\n\n\n<figure class=\"wp-block-image size-full\"><img loading=\"lazy\" width=\"945\" height=\"630\" src=\"http:\/\/club-arada.fr\/wp-content\/uploads\/2021\/12\/image-521.png\" alt=\"\" class=\"wp-image-669\" srcset=\"http:\/\/club-arada.fr\/wp-content\/uploads\/2021\/12\/image-521.png 945w, http:\/\/club-arada.fr\/wp-content\/uploads\/2021\/12\/image-521-300x200.png 300w, http:\/\/club-arada.fr\/wp-content\/uploads\/2021\/12\/image-521-768x512.png 768w\" sizes=\"(max-width: 945px) 100vw, 945px\" \/><\/figure>\n\n\n\n<figure class=\"wp-block-image size-full\"><img loading=\"lazy\" width=\"945\" height=\"630\" src=\"http:\/\/club-arada.fr\/wp-content\/uploads\/2021\/12\/image-522.png\" alt=\"\" class=\"wp-image-670\" srcset=\"http:\/\/club-arada.fr\/wp-content\/uploads\/2021\/12\/image-522.png 945w, http:\/\/club-arada.fr\/wp-content\/uploads\/2021\/12\/image-522-300x200.png 300w, http:\/\/club-arada.fr\/wp-content\/uploads\/2021\/12\/image-522-768x512.png 768w\" sizes=\"(max-width: 945px) 100vw, 945px\" \/><\/figure>\n\n\n\n<figure class=\"wp-block-image size-large\"><img loading=\"lazy\" width=\"682\" height=\"1024\" src=\"http:\/\/club-arada.fr\/wp-content\/uploads\/2021\/12\/image-523-682x1024.png\" alt=\"\" class=\"wp-image-671\" srcset=\"http:\/\/club-arada.fr\/wp-content\/uploads\/2021\/12\/image-523-682x1024.png 682w, http:\/\/club-arada.fr\/wp-content\/uploads\/2021\/12\/image-523-200x300.png 200w, http:\/\/club-arada.fr\/wp-content\/uploads\/2021\/12\/image-523-768x1152.png 768w, http:\/\/club-arada.fr\/wp-content\/uploads\/2021\/12\/image-523.png 945w\" sizes=\"(max-width: 682px) 100vw, 682px\" \/><\/figure>\n\n\n\n<figure class=\"wp-block-image\"><img\/><\/figure>\n\n\n\n<figure class=\"wp-block-image size-full\"><img loading=\"lazy\" width=\"945\" height=\"630\" src=\"http:\/\/club-arada.fr\/wp-content\/uploads\/2021\/12\/image-524.png\" alt=\"\" class=\"wp-image-672\" srcset=\"http:\/\/club-arada.fr\/wp-content\/uploads\/2021\/12\/image-524.png 945w, http:\/\/club-arada.fr\/wp-content\/uploads\/2021\/12\/image-524-300x200.png 300w, http:\/\/club-arada.fr\/wp-content\/uploads\/2021\/12\/image-524-768x512.png 768w\" sizes=\"(max-width: 945px) 100vw, 945px\" \/><\/figure>\n","protected":false},"excerpt":{"rendered":"<p>Organis\u00e9e par Eric, G\u00e9rard aid\u00e9 par Marc, au d\u00e9part d\u2019Alixan, les participants se sont rendus au jardin ferroviaire \u00e0 Chatte en longeant les contreforts du Vercors. Ensuite ils se sont dirig\u00e9s vers le plateau&#46;&#46;&#46;<\/p>\n","protected":false},"author":1,"featured_media":0,"parent":0,"menu_order":0,"comment_status":"closed","ping_status":"closed","template":"","meta":[],"_links":{"self":[{"href":"http:\/\/club-arada.fr\/index.php\/wp-json\/wp\/v2\/pages\/657"}],"collection":[{"href":"http:\/\/club-arada.fr\/index.php\/wp-json\/wp\/v2\/pages"}],"about":[{"href":"http:\/\/club-arada.fr\/index.php\/wp-json\/wp\/v2\/types\/page"}],"author":[{"embeddable":true,"href":"http:\/\/club-arada.fr\/index.php\/wp-json\/wp\/v2\/users\/1"}],"replies":[{"embeddable":true,"href":"http:\/\/club-arada.fr\/index.php\/wp-json\/wp\/v2\/comments?post=657"}],"version-history":[{"count":1,"href":"http:\/\/club-arada.fr\/index.php\/wp-json\/wp\/v2\/pages\/657\/revisions"}],"predecessor-version":[{"id":673,"href":"http:\/\/club-arada.fr\/index.php\/wp-json\/wp\/v2\/pages\/657\/revisions\/673"}],"wp:attachment":[{"href":"http:\/\/club-arada.fr\/index.php\/wp-json\/wp\/v2\/media?parent=657"}],"curies":[{"name":"wp","href":"https:\/\/api.w.org\/{rel}","templated":true}]}}