{"id":473,"date":"2021-12-10T15:59:37","date_gmt":"2021-12-10T14:59:37","guid":{"rendered":"http:\/\/club-arada.fr\/?page_id=473"},"modified":"2021-12-10T15:59:37","modified_gmt":"2021-12-10T14:59:37","slug":"presentation-de-la-nouvelle-alpine-a-monaco","status":"publish","type":"page","link":"http:\/\/club-arada.fr\/index.php\/presentation-de-la-nouvelle-alpine-a-monaco\/","title":{"rendered":"Pr\u00e9sentation de la nouvelle alpine \u00e0 Monaco"},"content":{"rendered":"\n<p>Plusieurs Aradiens ont pu participer \u00e0 cet \u00e9v\u00e9nement exceptionnel : tous en gardent un souvenir inoubliable et sont \u00e9mus en en parlant. (photos MT &amp; DG)<\/p>\n\n\n\n<figure class=\"wp-block-image size-large\"><img loading=\"lazy\" width=\"683\" height=\"1024\" src=\"http:\/\/club-arada.fr\/wp-content\/uploads\/2021\/12\/image-338-683x1024.png\" alt=\"\" class=\"wp-image-474\" srcset=\"http:\/\/club-arada.fr\/wp-content\/uploads\/2021\/12\/image-338-683x1024.png 683w, http:\/\/club-arada.fr\/wp-content\/uploads\/2021\/12\/image-338-200x300.png 200w, http:\/\/club-arada.fr\/wp-content\/uploads\/2021\/12\/image-338-768x1152.png 768w, http:\/\/club-arada.fr\/wp-content\/uploads\/2021\/12\/image-338.png 945w\" sizes=\"(max-width: 683px) 100vw, 683px\" \/><\/figure>\n\n\n\n<figure class=\"wp-block-image size-full\"><img loading=\"lazy\" width=\"945\" height=\"709\" src=\"http:\/\/club-arada.fr\/wp-content\/uploads\/2021\/12\/image-339.png\" alt=\"\" class=\"wp-image-475\" srcset=\"http:\/\/club-arada.fr\/wp-content\/uploads\/2021\/12\/image-339.png 945w, http:\/\/club-arada.fr\/wp-content\/uploads\/2021\/12\/image-339-300x225.png 300w, http:\/\/club-arada.fr\/wp-content\/uploads\/2021\/12\/image-339-768x576.png 768w\" sizes=\"(max-width: 945px) 100vw, 945px\" \/><\/figure>\n\n\n\n<figure class=\"wp-block-image size-full\"><img loading=\"lazy\" width=\"945\" height=\"709\" src=\"http:\/\/club-arada.fr\/wp-content\/uploads\/2021\/12\/image-340.png\" alt=\"\" class=\"wp-image-476\" srcset=\"http:\/\/club-arada.fr\/wp-content\/uploads\/2021\/12\/image-340.png 945w, http:\/\/club-arada.fr\/wp-content\/uploads\/2021\/12\/image-340-300x225.png 300w, http:\/\/club-arada.fr\/wp-content\/uploads\/2021\/12\/image-340-768x576.png 768w\" sizes=\"(max-width: 945px) 100vw, 945px\" \/><\/figure>\n\n\n\n<figure class=\"wp-block-image size-full\"><img loading=\"lazy\" width=\"945\" height=\"709\" src=\"http:\/\/club-arada.fr\/wp-content\/uploads\/2021\/12\/image-341.png\" alt=\"\" class=\"wp-image-477\" srcset=\"http:\/\/club-arada.fr\/wp-content\/uploads\/2021\/12\/image-341.png 945w, http:\/\/club-arada.fr\/wp-content\/uploads\/2021\/12\/image-341-300x225.png 300w, http:\/\/club-arada.fr\/wp-content\/uploads\/2021\/12\/image-341-768x576.png 768w\" sizes=\"(max-width: 945px) 100vw, 945px\" \/><\/figure>\n\n\n\n<figure class=\"wp-block-image size-full\"><img loading=\"lazy\" width=\"945\" height=\"630\" src=\"http:\/\/club-arada.fr\/wp-content\/uploads\/2021\/12\/image-342.png\" alt=\"\" class=\"wp-image-478\" srcset=\"http:\/\/club-arada.fr\/wp-content\/uploads\/2021\/12\/image-342.png 945w, http:\/\/club-arada.fr\/wp-content\/uploads\/2021\/12\/image-342-300x200.png 300w, http:\/\/club-arada.fr\/wp-content\/uploads\/2021\/12\/image-342-768x512.png 768w\" sizes=\"(max-width: 945px) 100vw, 945px\" \/><\/figure>\n\n\n\n<figure class=\"wp-block-image size-full\"><img loading=\"lazy\" width=\"945\" height=\"630\" src=\"http:\/\/club-arada.fr\/wp-content\/uploads\/2021\/12\/image-343.png\" alt=\"\" class=\"wp-image-479\" srcset=\"http:\/\/club-arada.fr\/wp-content\/uploads\/2021\/12\/image-343.png 945w, http:\/\/club-arada.fr\/wp-content\/uploads\/2021\/12\/image-343-300x200.png 300w, http:\/\/club-arada.fr\/wp-content\/uploads\/2021\/12\/image-343-768x512.png 768w\" sizes=\"(max-width: 945px) 100vw, 945px\" \/><\/figure>\n\n\n\n<figure class=\"wp-block-image size-full\"><img loading=\"lazy\" width=\"945\" height=\"630\" src=\"http:\/\/club-arada.fr\/wp-content\/uploads\/2021\/12\/image-344.png\" alt=\"\" class=\"wp-image-480\" srcset=\"http:\/\/club-arada.fr\/wp-content\/uploads\/2021\/12\/image-344.png 945w, http:\/\/club-arada.fr\/wp-content\/uploads\/2021\/12\/image-344-300x200.png 300w, http:\/\/club-arada.fr\/wp-content\/uploads\/2021\/12\/image-344-768x512.png 768w\" sizes=\"(max-width: 945px) 100vw, 945px\" \/><\/figure>\n\n\n\n<figure class=\"wp-block-image size-full\"><img loading=\"lazy\" width=\"945\" height=\"533\" src=\"http:\/\/club-arada.fr\/wp-content\/uploads\/2021\/12\/image-345.png\" alt=\"\" class=\"wp-image-481\" srcset=\"http:\/\/club-arada.fr\/wp-content\/uploads\/2021\/12\/image-345.png 945w, http:\/\/club-arada.fr\/wp-content\/uploads\/2021\/12\/image-345-300x169.png 300w, http:\/\/club-arada.fr\/wp-content\/uploads\/2021\/12\/image-345-768x433.png 768w\" sizes=\"(max-width: 945px) 100vw, 945px\" \/><\/figure>\n\n\n\n<figure class=\"wp-block-image size-full\"><img loading=\"lazy\" width=\"945\" height=\"533\" src=\"http:\/\/club-arada.fr\/wp-content\/uploads\/2021\/12\/image-346.png\" alt=\"\" class=\"wp-image-482\" srcset=\"http:\/\/club-arada.fr\/wp-content\/uploads\/2021\/12\/image-346.png 945w, http:\/\/club-arada.fr\/wp-content\/uploads\/2021\/12\/image-346-300x169.png 300w, http:\/\/club-arada.fr\/wp-content\/uploads\/2021\/12\/image-346-768x433.png 768w\" sizes=\"(max-width: 945px) 100vw, 945px\" \/><\/figure>\n\n\n\n<figure class=\"wp-block-image size-full\"><img loading=\"lazy\" width=\"945\" height=\"630\" src=\"http:\/\/club-arada.fr\/wp-content\/uploads\/2021\/12\/image-347.png\" alt=\"\" class=\"wp-image-483\" srcset=\"http:\/\/club-arada.fr\/wp-content\/uploads\/2021\/12\/image-347.png 945w, http:\/\/club-arada.fr\/wp-content\/uploads\/2021\/12\/image-347-300x200.png 300w, http:\/\/club-arada.fr\/wp-content\/uploads\/2021\/12\/image-347-768x512.png 768w\" sizes=\"(max-width: 945px) 100vw, 945px\" \/><\/figure>\n\n\n\n<figure class=\"wp-block-image size-full\"><img loading=\"lazy\" width=\"945\" height=\"630\" src=\"http:\/\/club-arada.fr\/wp-content\/uploads\/2021\/12\/image-348.png\" alt=\"\" class=\"wp-image-484\" srcset=\"http:\/\/club-arada.fr\/wp-content\/uploads\/2021\/12\/image-348.png 945w, http:\/\/club-arada.fr\/wp-content\/uploads\/2021\/12\/image-348-300x200.png 300w, http:\/\/club-arada.fr\/wp-content\/uploads\/2021\/12\/image-348-768x512.png 768w\" sizes=\"(max-width: 945px) 100vw, 945px\" \/><\/figure>\n\n\n\n<figure class=\"wp-block-image size-full\"><img loading=\"lazy\" width=\"945\" height=\"630\" src=\"http:\/\/club-arada.fr\/wp-content\/uploads\/2021\/12\/image-349.png\" alt=\"\" class=\"wp-image-485\" srcset=\"http:\/\/club-arada.fr\/wp-content\/uploads\/2021\/12\/image-349.png 945w, http:\/\/club-arada.fr\/wp-content\/uploads\/2021\/12\/image-349-300x200.png 300w, http:\/\/club-arada.fr\/wp-content\/uploads\/2021\/12\/image-349-768x512.png 768w\" sizes=\"(max-width: 945px) 100vw, 945px\" \/><\/figure>\n\n\n\n<figure class=\"wp-block-image size-full\"><img loading=\"lazy\" width=\"945\" height=\"630\" src=\"http:\/\/club-arada.fr\/wp-content\/uploads\/2021\/12\/image-350.png\" alt=\"\" class=\"wp-image-486\" srcset=\"http:\/\/club-arada.fr\/wp-content\/uploads\/2021\/12\/image-350.png 945w, http:\/\/club-arada.fr\/wp-content\/uploads\/2021\/12\/image-350-300x200.png 300w, http:\/\/club-arada.fr\/wp-content\/uploads\/2021\/12\/image-350-768x512.png 768w\" sizes=\"(max-width: 945px) 100vw, 945px\" \/><\/figure>\n\n\n\n<figure class=\"wp-block-image size-full\"><img loading=\"lazy\" width=\"945\" height=\"630\" src=\"http:\/\/club-arada.fr\/wp-content\/uploads\/2021\/12\/image-351.png\" alt=\"\" class=\"wp-image-487\" srcset=\"http:\/\/club-arada.fr\/wp-content\/uploads\/2021\/12\/image-351.png 945w, http:\/\/club-arada.fr\/wp-content\/uploads\/2021\/12\/image-351-300x200.png 300w, http:\/\/club-arada.fr\/wp-content\/uploads\/2021\/12\/image-351-768x512.png 768w\" sizes=\"(max-width: 945px) 100vw, 945px\" \/><\/figure>\n\n\n\n<figure class=\"wp-block-image size-full\"><img loading=\"lazy\" width=\"945\" height=\"630\" src=\"http:\/\/club-arada.fr\/wp-content\/uploads\/2021\/12\/image-352.png\" alt=\"\" class=\"wp-image-488\" srcset=\"http:\/\/club-arada.fr\/wp-content\/uploads\/2021\/12\/image-352.png 945w, http:\/\/club-arada.fr\/wp-content\/uploads\/2021\/12\/image-352-300x200.png 300w, http:\/\/club-arada.fr\/wp-content\/uploads\/2021\/12\/image-352-768x512.png 768w\" sizes=\"(max-width: 945px) 100vw, 945px\" \/><\/figure>\n\n\n\n<figure class=\"wp-block-image size-full\"><img loading=\"lazy\" width=\"945\" height=\"630\" src=\"http:\/\/club-arada.fr\/wp-content\/uploads\/2021\/12\/image-353.png\" alt=\"\" class=\"wp-image-489\" srcset=\"http:\/\/club-arada.fr\/wp-content\/uploads\/2021\/12\/image-353.png 945w, http:\/\/club-arada.fr\/wp-content\/uploads\/2021\/12\/image-353-300x200.png 300w, http:\/\/club-arada.fr\/wp-content\/uploads\/2021\/12\/image-353-768x512.png 768w\" sizes=\"(max-width: 945px) 100vw, 945px\" \/><\/figure>\n\n\n\n<figure class=\"wp-block-image size-full\"><img loading=\"lazy\" width=\"945\" height=\"533\" src=\"http:\/\/club-arada.fr\/wp-content\/uploads\/2021\/12\/image-354.png\" alt=\"\" class=\"wp-image-490\" srcset=\"http:\/\/club-arada.fr\/wp-content\/uploads\/2021\/12\/image-354.png 945w, http:\/\/club-arada.fr\/wp-content\/uploads\/2021\/12\/image-354-300x169.png 300w, http:\/\/club-arada.fr\/wp-content\/uploads\/2021\/12\/image-354-768x433.png 768w\" sizes=\"(max-width: 945px) 100vw, 945px\" \/><\/figure>\n\n\n\n<figure class=\"wp-block-image size-full\"><img loading=\"lazy\" width=\"945\" height=\"533\" src=\"http:\/\/club-arada.fr\/wp-content\/uploads\/2021\/12\/image-355.png\" alt=\"\" class=\"wp-image-491\" srcset=\"http:\/\/club-arada.fr\/wp-content\/uploads\/2021\/12\/image-355.png 945w, http:\/\/club-arada.fr\/wp-content\/uploads\/2021\/12\/image-355-300x169.png 300w, http:\/\/club-arada.fr\/wp-content\/uploads\/2021\/12\/image-355-768x433.png 768w\" sizes=\"(max-width: 945px) 100vw, 945px\" \/><\/figure>\n\n\n\n<figure class=\"wp-block-image size-full\"><img loading=\"lazy\" width=\"945\" height=\"533\" src=\"http:\/\/club-arada.fr\/wp-content\/uploads\/2021\/12\/image-356.png\" alt=\"\" class=\"wp-image-492\" srcset=\"http:\/\/club-arada.fr\/wp-content\/uploads\/2021\/12\/image-356.png 945w, http:\/\/club-arada.fr\/wp-content\/uploads\/2021\/12\/image-356-300x169.png 300w, http:\/\/club-arada.fr\/wp-content\/uploads\/2021\/12\/image-356-768x433.png 768w\" sizes=\"(max-width: 945px) 100vw, 945px\" \/><\/figure>\n\n\n\n<figure class=\"wp-block-image size-full\"><img loading=\"lazy\" width=\"945\" height=\"631\" src=\"http:\/\/club-arada.fr\/wp-content\/uploads\/2021\/12\/image-357.png\" alt=\"\" class=\"wp-image-493\" srcset=\"http:\/\/club-arada.fr\/wp-content\/uploads\/2021\/12\/image-357.png 945w, http:\/\/club-arada.fr\/wp-content\/uploads\/2021\/12\/image-357-300x200.png 300w, http:\/\/club-arada.fr\/wp-content\/uploads\/2021\/12\/image-357-768x513.png 768w\" sizes=\"(max-width: 945px) 100vw, 945px\" \/><\/figure>\n","protected":false},"excerpt":{"rendered":"<p>Plusieurs Aradiens ont pu participer \u00e0 cet \u00e9v\u00e9nement exceptionnel : tous en gardent un souvenir inoubliable et sont \u00e9mus en en parlant. (photos MT &amp; DG)<\/p>\n","protected":false},"author":1,"featured_media":0,"parent":0,"menu_order":0,"comment_status":"closed","ping_status":"closed","template":"","meta":[],"_links":{"self":[{"href":"http:\/\/club-arada.fr\/index.php\/wp-json\/wp\/v2\/pages\/473"}],"collection":[{"href":"http:\/\/club-arada.fr\/index.php\/wp-json\/wp\/v2\/pages"}],"about":[{"href":"http:\/\/club-arada.fr\/index.php\/wp-json\/wp\/v2\/types\/page"}],"author":[{"embeddable":true,"href":"http:\/\/club-arada.fr\/index.php\/wp-json\/wp\/v2\/users\/1"}],"replies":[{"embeddable":true,"href":"http:\/\/club-arada.fr\/index.php\/wp-json\/wp\/v2\/comments?post=473"}],"version-history":[{"count":1,"href":"http:\/\/club-arada.fr\/index.php\/wp-json\/wp\/v2\/pages\/473\/revisions"}],"predecessor-version":[{"id":494,"href":"http:\/\/club-arada.fr\/index.php\/wp-json\/wp\/v2\/pages\/473\/revisions\/494"}],"wp:attachment":[{"href":"http:\/\/club-arada.fr\/index.php\/wp-json\/wp\/v2\/media?parent=473"}],"curies":[{"name":"wp","href":"https:\/\/api.w.org\/{rel}","templated":true}]}}