{"id":416,"date":"2021-12-10T15:52:57","date_gmt":"2021-12-10T14:52:57","guid":{"rendered":"http:\/\/club-arada.fr\/?page_id=416"},"modified":"2021-12-10T15:52:57","modified_gmt":"2021-12-10T14:52:57","slug":"balade-du-26-juin-2016","status":"publish","type":"page","link":"http:\/\/club-arada.fr\/index.php\/balade-du-26-juin-2016\/","title":{"rendered":"Balade du 26 juin 2016"},"content":{"rendered":"\n<p>26 juin 2016 : cahier des charges de la journ\u00e9e : une fois n\u2019est pas coutume \u2013 peu de km, pique nique autour de l\u2019eau et journ\u00e9e tranquille.<br>Christian M a pris \u00e7\u00e0 en main nickel , aid\u00e9 aussi par le soleil : une superbe journ\u00e9e conviviale comme on les aime !!!! merci Christian !!!!<br>quelques photos non exhaustives :<\/p>\n\n\n\n<figure class=\"wp-block-image size-full\"><img loading=\"lazy\" width=\"945\" height=\"945\" src=\"http:\/\/club-arada.fr\/wp-content\/uploads\/2021\/12\/image-287.png\" alt=\"\" class=\"wp-image-417\" srcset=\"http:\/\/club-arada.fr\/wp-content\/uploads\/2021\/12\/image-287.png 945w, http:\/\/club-arada.fr\/wp-content\/uploads\/2021\/12\/image-287-300x300.png 300w, http:\/\/club-arada.fr\/wp-content\/uploads\/2021\/12\/image-287-150x150.png 150w, http:\/\/club-arada.fr\/wp-content\/uploads\/2021\/12\/image-287-768x768.png 768w, http:\/\/club-arada.fr\/wp-content\/uploads\/2021\/12\/image-287-80x80.png 80w, http:\/\/club-arada.fr\/wp-content\/uploads\/2021\/12\/image-287-320x320.png 320w\" sizes=\"(max-width: 945px) 100vw, 945px\" \/><\/figure>\n\n\n\n<figure class=\"wp-block-image size-full\"><img loading=\"lazy\" width=\"945\" height=\"945\" src=\"http:\/\/club-arada.fr\/wp-content\/uploads\/2021\/12\/image-288.png\" alt=\"\" class=\"wp-image-418\" srcset=\"http:\/\/club-arada.fr\/wp-content\/uploads\/2021\/12\/image-288.png 945w, http:\/\/club-arada.fr\/wp-content\/uploads\/2021\/12\/image-288-300x300.png 300w, http:\/\/club-arada.fr\/wp-content\/uploads\/2021\/12\/image-288-150x150.png 150w, http:\/\/club-arada.fr\/wp-content\/uploads\/2021\/12\/image-288-768x768.png 768w, http:\/\/club-arada.fr\/wp-content\/uploads\/2021\/12\/image-288-80x80.png 80w, http:\/\/club-arada.fr\/wp-content\/uploads\/2021\/12\/image-288-320x320.png 320w\" sizes=\"(max-width: 945px) 100vw, 945px\" \/><\/figure>\n\n\n\n<figure class=\"wp-block-image size-full\"><img loading=\"lazy\" width=\"945\" height=\"945\" src=\"http:\/\/club-arada.fr\/wp-content\/uploads\/2021\/12\/image-289.png\" alt=\"\" class=\"wp-image-419\" srcset=\"http:\/\/club-arada.fr\/wp-content\/uploads\/2021\/12\/image-289.png 945w, http:\/\/club-arada.fr\/wp-content\/uploads\/2021\/12\/image-289-300x300.png 300w, http:\/\/club-arada.fr\/wp-content\/uploads\/2021\/12\/image-289-150x150.png 150w, http:\/\/club-arada.fr\/wp-content\/uploads\/2021\/12\/image-289-768x768.png 768w, http:\/\/club-arada.fr\/wp-content\/uploads\/2021\/12\/image-289-80x80.png 80w, http:\/\/club-arada.fr\/wp-content\/uploads\/2021\/12\/image-289-320x320.png 320w\" sizes=\"(max-width: 945px) 100vw, 945px\" \/><\/figure>\n\n\n\n<figure class=\"wp-block-image size-full\"><img loading=\"lazy\" width=\"945\" height=\"945\" src=\"http:\/\/club-arada.fr\/wp-content\/uploads\/2021\/12\/image-290.png\" alt=\"\" class=\"wp-image-420\" srcset=\"http:\/\/club-arada.fr\/wp-content\/uploads\/2021\/12\/image-290.png 945w, http:\/\/club-arada.fr\/wp-content\/uploads\/2021\/12\/image-290-300x300.png 300w, http:\/\/club-arada.fr\/wp-content\/uploads\/2021\/12\/image-290-150x150.png 150w, http:\/\/club-arada.fr\/wp-content\/uploads\/2021\/12\/image-290-768x768.png 768w, http:\/\/club-arada.fr\/wp-content\/uploads\/2021\/12\/image-290-80x80.png 80w, http:\/\/club-arada.fr\/wp-content\/uploads\/2021\/12\/image-290-320x320.png 320w\" sizes=\"(max-width: 945px) 100vw, 945px\" \/><\/figure>\n\n\n\n<figure class=\"wp-block-image size-full\"><img loading=\"lazy\" width=\"945\" height=\"945\" src=\"http:\/\/club-arada.fr\/wp-content\/uploads\/2021\/12\/image-291.png\" alt=\"\" class=\"wp-image-421\" srcset=\"http:\/\/club-arada.fr\/wp-content\/uploads\/2021\/12\/image-291.png 945w, http:\/\/club-arada.fr\/wp-content\/uploads\/2021\/12\/image-291-300x300.png 300w, http:\/\/club-arada.fr\/wp-content\/uploads\/2021\/12\/image-291-150x150.png 150w, http:\/\/club-arada.fr\/wp-content\/uploads\/2021\/12\/image-291-768x768.png 768w, http:\/\/club-arada.fr\/wp-content\/uploads\/2021\/12\/image-291-80x80.png 80w, http:\/\/club-arada.fr\/wp-content\/uploads\/2021\/12\/image-291-320x320.png 320w\" sizes=\"(max-width: 945px) 100vw, 945px\" \/><\/figure>\n\n\n\n<figure class=\"wp-block-image size-full\"><img loading=\"lazy\" width=\"945\" height=\"945\" src=\"http:\/\/club-arada.fr\/wp-content\/uploads\/2021\/12\/image-292.png\" alt=\"\" class=\"wp-image-422\" srcset=\"http:\/\/club-arada.fr\/wp-content\/uploads\/2021\/12\/image-292.png 945w, http:\/\/club-arada.fr\/wp-content\/uploads\/2021\/12\/image-292-300x300.png 300w, http:\/\/club-arada.fr\/wp-content\/uploads\/2021\/12\/image-292-150x150.png 150w, http:\/\/club-arada.fr\/wp-content\/uploads\/2021\/12\/image-292-768x768.png 768w, http:\/\/club-arada.fr\/wp-content\/uploads\/2021\/12\/image-292-80x80.png 80w, http:\/\/club-arada.fr\/wp-content\/uploads\/2021\/12\/image-292-320x320.png 320w\" sizes=\"(max-width: 945px) 100vw, 945px\" \/><\/figure>\n\n\n\n<figure class=\"wp-block-image size-full\"><img loading=\"lazy\" width=\"945\" height=\"945\" src=\"http:\/\/club-arada.fr\/wp-content\/uploads\/2021\/12\/image-293.png\" alt=\"\" class=\"wp-image-423\" srcset=\"http:\/\/club-arada.fr\/wp-content\/uploads\/2021\/12\/image-293.png 945w, http:\/\/club-arada.fr\/wp-content\/uploads\/2021\/12\/image-293-300x300.png 300w, http:\/\/club-arada.fr\/wp-content\/uploads\/2021\/12\/image-293-150x150.png 150w, http:\/\/club-arada.fr\/wp-content\/uploads\/2021\/12\/image-293-768x768.png 768w, http:\/\/club-arada.fr\/wp-content\/uploads\/2021\/12\/image-293-80x80.png 80w, http:\/\/club-arada.fr\/wp-content\/uploads\/2021\/12\/image-293-320x320.png 320w\" sizes=\"(max-width: 945px) 100vw, 945px\" \/><\/figure>\n\n\n\n<figure class=\"wp-block-image size-full\"><img loading=\"lazy\" width=\"945\" height=\"945\" src=\"http:\/\/club-arada.fr\/wp-content\/uploads\/2021\/12\/image-294.png\" alt=\"\" class=\"wp-image-424\" srcset=\"http:\/\/club-arada.fr\/wp-content\/uploads\/2021\/12\/image-294.png 945w, http:\/\/club-arada.fr\/wp-content\/uploads\/2021\/12\/image-294-300x300.png 300w, http:\/\/club-arada.fr\/wp-content\/uploads\/2021\/12\/image-294-150x150.png 150w, http:\/\/club-arada.fr\/wp-content\/uploads\/2021\/12\/image-294-768x768.png 768w, http:\/\/club-arada.fr\/wp-content\/uploads\/2021\/12\/image-294-80x80.png 80w, http:\/\/club-arada.fr\/wp-content\/uploads\/2021\/12\/image-294-320x320.png 320w\" sizes=\"(max-width: 945px) 100vw, 945px\" \/><\/figure>\n\n\n\n<figure class=\"wp-block-image size-full\"><img loading=\"lazy\" width=\"945\" height=\"945\" src=\"http:\/\/club-arada.fr\/wp-content\/uploads\/2021\/12\/image-295.png\" alt=\"\" class=\"wp-image-425\" srcset=\"http:\/\/club-arada.fr\/wp-content\/uploads\/2021\/12\/image-295.png 945w, http:\/\/club-arada.fr\/wp-content\/uploads\/2021\/12\/image-295-300x300.png 300w, http:\/\/club-arada.fr\/wp-content\/uploads\/2021\/12\/image-295-150x150.png 150w, http:\/\/club-arada.fr\/wp-content\/uploads\/2021\/12\/image-295-768x768.png 768w, http:\/\/club-arada.fr\/wp-content\/uploads\/2021\/12\/image-295-80x80.png 80w, http:\/\/club-arada.fr\/wp-content\/uploads\/2021\/12\/image-295-320x320.png 320w\" sizes=\"(max-width: 945px) 100vw, 945px\" \/><\/figure>\n\n\n\n<figure class=\"wp-block-image size-full\"><img loading=\"lazy\" width=\"945\" height=\"945\" src=\"http:\/\/club-arada.fr\/wp-content\/uploads\/2021\/12\/image-296.png\" alt=\"\" class=\"wp-image-426\" srcset=\"http:\/\/club-arada.fr\/wp-content\/uploads\/2021\/12\/image-296.png 945w, http:\/\/club-arada.fr\/wp-content\/uploads\/2021\/12\/image-296-300x300.png 300w, http:\/\/club-arada.fr\/wp-content\/uploads\/2021\/12\/image-296-150x150.png 150w, http:\/\/club-arada.fr\/wp-content\/uploads\/2021\/12\/image-296-768x768.png 768w, http:\/\/club-arada.fr\/wp-content\/uploads\/2021\/12\/image-296-80x80.png 80w, http:\/\/club-arada.fr\/wp-content\/uploads\/2021\/12\/image-296-320x320.png 320w\" sizes=\"(max-width: 945px) 100vw, 945px\" \/><\/figure>\n\n\n\n<figure class=\"wp-block-image size-full\"><img loading=\"lazy\" width=\"945\" height=\"945\" src=\"http:\/\/club-arada.fr\/wp-content\/uploads\/2021\/12\/image-297.png\" alt=\"\" class=\"wp-image-427\" srcset=\"http:\/\/club-arada.fr\/wp-content\/uploads\/2021\/12\/image-297.png 945w, http:\/\/club-arada.fr\/wp-content\/uploads\/2021\/12\/image-297-300x300.png 300w, http:\/\/club-arada.fr\/wp-content\/uploads\/2021\/12\/image-297-150x150.png 150w, http:\/\/club-arada.fr\/wp-content\/uploads\/2021\/12\/image-297-768x768.png 768w, http:\/\/club-arada.fr\/wp-content\/uploads\/2021\/12\/image-297-80x80.png 80w, http:\/\/club-arada.fr\/wp-content\/uploads\/2021\/12\/image-297-320x320.png 320w\" sizes=\"(max-width: 945px) 100vw, 945px\" \/><\/figure>\n\n\n\n<figure class=\"wp-block-image size-full\"><img loading=\"lazy\" width=\"945\" height=\"945\" src=\"http:\/\/club-arada.fr\/wp-content\/uploads\/2021\/12\/image-298.png\" alt=\"\" class=\"wp-image-428\" srcset=\"http:\/\/club-arada.fr\/wp-content\/uploads\/2021\/12\/image-298.png 945w, http:\/\/club-arada.fr\/wp-content\/uploads\/2021\/12\/image-298-300x300.png 300w, http:\/\/club-arada.fr\/wp-content\/uploads\/2021\/12\/image-298-150x150.png 150w, http:\/\/club-arada.fr\/wp-content\/uploads\/2021\/12\/image-298-768x768.png 768w, http:\/\/club-arada.fr\/wp-content\/uploads\/2021\/12\/image-298-80x80.png 80w, http:\/\/club-arada.fr\/wp-content\/uploads\/2021\/12\/image-298-320x320.png 320w\" sizes=\"(max-width: 945px) 100vw, 945px\" \/><\/figure>\n\n\n\n<figure class=\"wp-block-image size-full\"><img loading=\"lazy\" width=\"945\" height=\"709\" src=\"http:\/\/club-arada.fr\/wp-content\/uploads\/2021\/12\/image-299.png\" alt=\"\" class=\"wp-image-429\" srcset=\"http:\/\/club-arada.fr\/wp-content\/uploads\/2021\/12\/image-299.png 945w, http:\/\/club-arada.fr\/wp-content\/uploads\/2021\/12\/image-299-300x225.png 300w, http:\/\/club-arada.fr\/wp-content\/uploads\/2021\/12\/image-299-768x576.png 768w\" sizes=\"(max-width: 945px) 100vw, 945px\" \/><\/figure>\n\n\n\n<figure class=\"wp-block-image size-large\"><img loading=\"lazy\" width=\"768\" height=\"1024\" src=\"http:\/\/club-arada.fr\/wp-content\/uploads\/2021\/12\/image-300-768x1024.png\" alt=\"\" class=\"wp-image-430\" srcset=\"http:\/\/club-arada.fr\/wp-content\/uploads\/2021\/12\/image-300-768x1024.png 768w, http:\/\/club-arada.fr\/wp-content\/uploads\/2021\/12\/image-300-225x300.png 225w, http:\/\/club-arada.fr\/wp-content\/uploads\/2021\/12\/image-300.png 945w\" sizes=\"(max-width: 768px) 100vw, 768px\" \/><\/figure>\n\n\n\n<figure class=\"wp-block-image size-large\"><img loading=\"lazy\" width=\"768\" height=\"1024\" src=\"http:\/\/club-arada.fr\/wp-content\/uploads\/2021\/12\/image-301-768x1024.png\" alt=\"\" class=\"wp-image-431\" srcset=\"http:\/\/club-arada.fr\/wp-content\/uploads\/2021\/12\/image-301-768x1024.png 768w, http:\/\/club-arada.fr\/wp-content\/uploads\/2021\/12\/image-301-225x300.png 225w, http:\/\/club-arada.fr\/wp-content\/uploads\/2021\/12\/image-301.png 945w\" sizes=\"(max-width: 768px) 100vw, 768px\" \/><\/figure>\n\n\n\n<figure class=\"wp-block-image size-large\"><img loading=\"lazy\" width=\"768\" height=\"1024\" src=\"http:\/\/club-arada.fr\/wp-content\/uploads\/2021\/12\/image-302-768x1024.png\" alt=\"\" class=\"wp-image-432\" srcset=\"http:\/\/club-arada.fr\/wp-content\/uploads\/2021\/12\/image-302-768x1024.png 768w, http:\/\/club-arada.fr\/wp-content\/uploads\/2021\/12\/image-302-225x300.png 225w, http:\/\/club-arada.fr\/wp-content\/uploads\/2021\/12\/image-302.png 945w\" sizes=\"(max-width: 768px) 100vw, 768px\" \/><\/figure>\n\n\n\n<figure class=\"wp-block-image size-full\"><img loading=\"lazy\" width=\"945\" height=\"629\" src=\"http:\/\/club-arada.fr\/wp-content\/uploads\/2021\/12\/image-303.png\" alt=\"\" class=\"wp-image-433\" srcset=\"http:\/\/club-arada.fr\/wp-content\/uploads\/2021\/12\/image-303.png 945w, http:\/\/club-arada.fr\/wp-content\/uploads\/2021\/12\/image-303-300x200.png 300w, http:\/\/club-arada.fr\/wp-content\/uploads\/2021\/12\/image-303-768x511.png 768w\" sizes=\"(max-width: 945px) 100vw, 945px\" \/><\/figure>\n","protected":false},"excerpt":{"rendered":"<p>26 juin 2016 : cahier des charges de la journ\u00e9e : une fois n\u2019est pas coutume \u2013 peu de km, pique nique autour de l\u2019eau et journ\u00e9e tranquille.Christian M a pris \u00e7\u00e0 en main&#46;&#46;&#46;<\/p>\n","protected":false},"author":1,"featured_media":0,"parent":0,"menu_order":0,"comment_status":"closed","ping_status":"closed","template":"","meta":[],"_links":{"self":[{"href":"http:\/\/club-arada.fr\/index.php\/wp-json\/wp\/v2\/pages\/416"}],"collection":[{"href":"http:\/\/club-arada.fr\/index.php\/wp-json\/wp\/v2\/pages"}],"about":[{"href":"http:\/\/club-arada.fr\/index.php\/wp-json\/wp\/v2\/types\/page"}],"author":[{"embeddable":true,"href":"http:\/\/club-arada.fr\/index.php\/wp-json\/wp\/v2\/users\/1"}],"replies":[{"embeddable":true,"href":"http:\/\/club-arada.fr\/index.php\/wp-json\/wp\/v2\/comments?post=416"}],"version-history":[{"count":1,"href":"http:\/\/club-arada.fr\/index.php\/wp-json\/wp\/v2\/pages\/416\/revisions"}],"predecessor-version":[{"id":434,"href":"http:\/\/club-arada.fr\/index.php\/wp-json\/wp\/v2\/pages\/416\/revisions\/434"}],"wp:attachment":[{"href":"http:\/\/club-arada.fr\/index.php\/wp-json\/wp\/v2\/media?parent=416"}],"curies":[{"name":"wp","href":"https:\/\/api.w.org\/{rel}","templated":true}]}}