{"id":379,"date":"2021-12-10T15:47:47","date_gmt":"2021-12-10T14:47:47","guid":{"rendered":"http:\/\/club-arada.fr\/?page_id=379"},"modified":"2021-12-10T15:47:47","modified_gmt":"2021-12-10T14:47:47","slug":"balade-2-jours-juillet-2016","status":"publish","type":"page","link":"http:\/\/club-arada.fr\/index.php\/balade-2-jours-juillet-2016\/","title":{"rendered":"Balade 2 jours juillet 2016"},"content":{"rendered":"\n<p>la balade organis\u00e9e par MM, nous emmena \u00e0 Le Puy. Le temps fut magnifique (enfin presque) comme la balade. Nous avons pass\u00e9 un vrai bon moment. (photos MM &amp; ??)<\/p>\n\n\n\n<figure class=\"wp-block-image size-full\"><img loading=\"lazy\" width=\"945\" height=\"567\" src=\"http:\/\/club-arada.fr\/wp-content\/uploads\/2021\/12\/image-254.png\" alt=\"\" class=\"wp-image-380\" srcset=\"http:\/\/club-arada.fr\/wp-content\/uploads\/2021\/12\/image-254.png 945w, http:\/\/club-arada.fr\/wp-content\/uploads\/2021\/12\/image-254-300x180.png 300w, http:\/\/club-arada.fr\/wp-content\/uploads\/2021\/12\/image-254-768x461.png 768w\" sizes=\"(max-width: 945px) 100vw, 945px\" \/><\/figure>\n\n\n\n<figure class=\"wp-block-image size-full\"><img loading=\"lazy\" width=\"945\" height=\"567\" src=\"http:\/\/club-arada.fr\/wp-content\/uploads\/2021\/12\/image-255.png\" alt=\"\" class=\"wp-image-381\" srcset=\"http:\/\/club-arada.fr\/wp-content\/uploads\/2021\/12\/image-255.png 945w, http:\/\/club-arada.fr\/wp-content\/uploads\/2021\/12\/image-255-300x180.png 300w, http:\/\/club-arada.fr\/wp-content\/uploads\/2021\/12\/image-255-768x461.png 768w\" sizes=\"(max-width: 945px) 100vw, 945px\" \/><\/figure>\n\n\n\n<figure class=\"wp-block-image size-full\"><img loading=\"lazy\" width=\"945\" height=\"567\" src=\"http:\/\/club-arada.fr\/wp-content\/uploads\/2021\/12\/image-256.png\" alt=\"\" class=\"wp-image-382\" srcset=\"http:\/\/club-arada.fr\/wp-content\/uploads\/2021\/12\/image-256.png 945w, http:\/\/club-arada.fr\/wp-content\/uploads\/2021\/12\/image-256-300x180.png 300w, http:\/\/club-arada.fr\/wp-content\/uploads\/2021\/12\/image-256-768x461.png 768w\" sizes=\"(max-width: 945px) 100vw, 945px\" \/><\/figure>\n\n\n\n<figure class=\"wp-block-image size-full\"><img loading=\"lazy\" width=\"945\" height=\"567\" src=\"http:\/\/club-arada.fr\/wp-content\/uploads\/2021\/12\/image-257.png\" alt=\"\" class=\"wp-image-383\" srcset=\"http:\/\/club-arada.fr\/wp-content\/uploads\/2021\/12\/image-257.png 945w, http:\/\/club-arada.fr\/wp-content\/uploads\/2021\/12\/image-257-300x180.png 300w, http:\/\/club-arada.fr\/wp-content\/uploads\/2021\/12\/image-257-768x461.png 768w\" sizes=\"(max-width: 945px) 100vw, 945px\" \/><\/figure>\n\n\n\n<figure class=\"wp-block-image size-full\"><img loading=\"lazy\" width=\"945\" height=\"567\" src=\"http:\/\/club-arada.fr\/wp-content\/uploads\/2021\/12\/image-258.png\" alt=\"\" class=\"wp-image-384\" srcset=\"http:\/\/club-arada.fr\/wp-content\/uploads\/2021\/12\/image-258.png 945w, http:\/\/club-arada.fr\/wp-content\/uploads\/2021\/12\/image-258-300x180.png 300w, http:\/\/club-arada.fr\/wp-content\/uploads\/2021\/12\/image-258-768x461.png 768w\" sizes=\"(max-width: 945px) 100vw, 945px\" \/><\/figure>\n\n\n\n<figure class=\"wp-block-image size-full\"><img loading=\"lazy\" width=\"945\" height=\"567\" src=\"http:\/\/club-arada.fr\/wp-content\/uploads\/2021\/12\/image-259.png\" alt=\"\" class=\"wp-image-385\" srcset=\"http:\/\/club-arada.fr\/wp-content\/uploads\/2021\/12\/image-259.png 945w, http:\/\/club-arada.fr\/wp-content\/uploads\/2021\/12\/image-259-300x180.png 300w, http:\/\/club-arada.fr\/wp-content\/uploads\/2021\/12\/image-259-768x461.png 768w\" sizes=\"(max-width: 945px) 100vw, 945px\" \/><\/figure>\n\n\n\n<figure class=\"wp-block-image size-full\"><img loading=\"lazy\" width=\"945\" height=\"533\" src=\"http:\/\/club-arada.fr\/wp-content\/uploads\/2021\/12\/image-260.png\" alt=\"\" class=\"wp-image-386\" srcset=\"http:\/\/club-arada.fr\/wp-content\/uploads\/2021\/12\/image-260.png 945w, http:\/\/club-arada.fr\/wp-content\/uploads\/2021\/12\/image-260-300x169.png 300w, http:\/\/club-arada.fr\/wp-content\/uploads\/2021\/12\/image-260-768x433.png 768w\" sizes=\"(max-width: 945px) 100vw, 945px\" \/><\/figure>\n\n\n\n<figure class=\"wp-block-image size-full\"><img loading=\"lazy\" width=\"945\" height=\"533\" src=\"http:\/\/club-arada.fr\/wp-content\/uploads\/2021\/12\/image-261.png\" alt=\"\" class=\"wp-image-387\" srcset=\"http:\/\/club-arada.fr\/wp-content\/uploads\/2021\/12\/image-261.png 945w, http:\/\/club-arada.fr\/wp-content\/uploads\/2021\/12\/image-261-300x169.png 300w, http:\/\/club-arada.fr\/wp-content\/uploads\/2021\/12\/image-261-768x433.png 768w\" sizes=\"(max-width: 945px) 100vw, 945px\" \/><\/figure>\n\n\n\n<figure class=\"wp-block-image size-full\"><img loading=\"lazy\" width=\"945\" height=\"533\" src=\"http:\/\/club-arada.fr\/wp-content\/uploads\/2021\/12\/image-262.png\" alt=\"\" class=\"wp-image-388\" srcset=\"http:\/\/club-arada.fr\/wp-content\/uploads\/2021\/12\/image-262.png 945w, http:\/\/club-arada.fr\/wp-content\/uploads\/2021\/12\/image-262-300x169.png 300w, http:\/\/club-arada.fr\/wp-content\/uploads\/2021\/12\/image-262-768x433.png 768w\" sizes=\"(max-width: 945px) 100vw, 945px\" \/><\/figure>\n\n\n\n<figure class=\"wp-block-image size-full\"><img loading=\"lazy\" width=\"945\" height=\"567\" src=\"http:\/\/club-arada.fr\/wp-content\/uploads\/2021\/12\/image-263.png\" alt=\"\" class=\"wp-image-389\" srcset=\"http:\/\/club-arada.fr\/wp-content\/uploads\/2021\/12\/image-263.png 945w, http:\/\/club-arada.fr\/wp-content\/uploads\/2021\/12\/image-263-300x180.png 300w, http:\/\/club-arada.fr\/wp-content\/uploads\/2021\/12\/image-263-768x461.png 768w\" sizes=\"(max-width: 945px) 100vw, 945px\" \/><\/figure>\n\n\n\n<figure class=\"wp-block-image size-full\"><img loading=\"lazy\" width=\"945\" height=\"533\" src=\"http:\/\/club-arada.fr\/wp-content\/uploads\/2021\/12\/image-264.png\" alt=\"\" class=\"wp-image-390\" srcset=\"http:\/\/club-arada.fr\/wp-content\/uploads\/2021\/12\/image-264.png 945w, http:\/\/club-arada.fr\/wp-content\/uploads\/2021\/12\/image-264-300x169.png 300w, http:\/\/club-arada.fr\/wp-content\/uploads\/2021\/12\/image-264-768x433.png 768w\" sizes=\"(max-width: 945px) 100vw, 945px\" \/><\/figure>\n\n\n\n<figure class=\"wp-block-image size-full\"><img loading=\"lazy\" width=\"945\" height=\"567\" src=\"http:\/\/club-arada.fr\/wp-content\/uploads\/2021\/12\/image-265.png\" alt=\"\" class=\"wp-image-391\" srcset=\"http:\/\/club-arada.fr\/wp-content\/uploads\/2021\/12\/image-265.png 945w, http:\/\/club-arada.fr\/wp-content\/uploads\/2021\/12\/image-265-300x180.png 300w, http:\/\/club-arada.fr\/wp-content\/uploads\/2021\/12\/image-265-768x461.png 768w\" sizes=\"(max-width: 945px) 100vw, 945px\" \/><\/figure>\n\n\n\n<figure class=\"wp-block-image size-full\"><img loading=\"lazy\" width=\"945\" height=\"567\" src=\"http:\/\/club-arada.fr\/wp-content\/uploads\/2021\/12\/image-266.png\" alt=\"\" class=\"wp-image-392\" srcset=\"http:\/\/club-arada.fr\/wp-content\/uploads\/2021\/12\/image-266.png 945w, http:\/\/club-arada.fr\/wp-content\/uploads\/2021\/12\/image-266-300x180.png 300w, http:\/\/club-arada.fr\/wp-content\/uploads\/2021\/12\/image-266-768x461.png 768w\" sizes=\"(max-width: 945px) 100vw, 945px\" \/><\/figure>\n\n\n\n<figure class=\"wp-block-image size-full\"><img loading=\"lazy\" width=\"945\" height=\"567\" src=\"http:\/\/club-arada.fr\/wp-content\/uploads\/2021\/12\/image-267.png\" alt=\"\" class=\"wp-image-393\" srcset=\"http:\/\/club-arada.fr\/wp-content\/uploads\/2021\/12\/image-267.png 945w, http:\/\/club-arada.fr\/wp-content\/uploads\/2021\/12\/image-267-300x180.png 300w, http:\/\/club-arada.fr\/wp-content\/uploads\/2021\/12\/image-267-768x461.png 768w\" sizes=\"(max-width: 945px) 100vw, 945px\" \/><\/figure>\n\n\n\n<figure class=\"wp-block-image size-full\"><img loading=\"lazy\" width=\"945\" height=\"533\" src=\"http:\/\/club-arada.fr\/wp-content\/uploads\/2021\/12\/image-268.png\" alt=\"\" class=\"wp-image-394\" srcset=\"http:\/\/club-arada.fr\/wp-content\/uploads\/2021\/12\/image-268.png 945w, http:\/\/club-arada.fr\/wp-content\/uploads\/2021\/12\/image-268-300x169.png 300w, http:\/\/club-arada.fr\/wp-content\/uploads\/2021\/12\/image-268-768x433.png 768w\" sizes=\"(max-width: 945px) 100vw, 945px\" \/><\/figure>\n\n\n\n<figure class=\"wp-block-image size-full\"><img loading=\"lazy\" width=\"945\" height=\"533\" src=\"http:\/\/club-arada.fr\/wp-content\/uploads\/2021\/12\/image-269.png\" alt=\"\" class=\"wp-image-395\" srcset=\"http:\/\/club-arada.fr\/wp-content\/uploads\/2021\/12\/image-269.png 945w, http:\/\/club-arada.fr\/wp-content\/uploads\/2021\/12\/image-269-300x169.png 300w, http:\/\/club-arada.fr\/wp-content\/uploads\/2021\/12\/image-269-768x433.png 768w\" sizes=\"(max-width: 945px) 100vw, 945px\" \/><\/figure>\n","protected":false},"excerpt":{"rendered":"<p>la balade organis\u00e9e par MM, nous emmena \u00e0 Le Puy. Le temps fut magnifique (enfin presque) comme la balade. Nous avons pass\u00e9 un vrai bon moment. (photos MM &amp; ??)<\/p>\n","protected":false},"author":1,"featured_media":0,"parent":0,"menu_order":0,"comment_status":"closed","ping_status":"closed","template":"","meta":[],"_links":{"self":[{"href":"http:\/\/club-arada.fr\/index.php\/wp-json\/wp\/v2\/pages\/379"}],"collection":[{"href":"http:\/\/club-arada.fr\/index.php\/wp-json\/wp\/v2\/pages"}],"about":[{"href":"http:\/\/club-arada.fr\/index.php\/wp-json\/wp\/v2\/types\/page"}],"author":[{"embeddable":true,"href":"http:\/\/club-arada.fr\/index.php\/wp-json\/wp\/v2\/users\/1"}],"replies":[{"embeddable":true,"href":"http:\/\/club-arada.fr\/index.php\/wp-json\/wp\/v2\/comments?post=379"}],"version-history":[{"count":1,"href":"http:\/\/club-arada.fr\/index.php\/wp-json\/wp\/v2\/pages\/379\/revisions"}],"predecessor-version":[{"id":396,"href":"http:\/\/club-arada.fr\/index.php\/wp-json\/wp\/v2\/pages\/379\/revisions\/396"}],"wp:attachment":[{"href":"http:\/\/club-arada.fr\/index.php\/wp-json\/wp\/v2\/media?parent=379"}],"curies":[{"name":"wp","href":"https:\/\/api.w.org\/{rel}","templated":true}]}}