{"id":355,"date":"2021-12-10T15:44:28","date_gmt":"2021-12-10T14:44:28","guid":{"rendered":"http:\/\/club-arada.fr\/?page_id=355"},"modified":"2021-12-10T15:44:28","modified_gmt":"2021-12-10T14:44:28","slug":"entraigues-19-avril-2015","status":"publish","type":"page","link":"http:\/\/club-arada.fr\/index.php\/entraigues-19-avril-2015\/","title":{"rendered":"Entraigues 19 Avril 2015"},"content":{"rendered":"\n<p>35 voitures \u00e9taient pr\u00e9sentes au d\u00e9part pour une sortie propos\u00e9e et organis\u00e9e par Christian Meyer, Marc Munier, Jean Paul Terrasse et Christian Rioux.<\/p>\n\n\n\n<p>Bravo \u00e0 eux et aux nombreux participants.<\/p>\n\n\n\n<figure class=\"wp-block-image size-full\"><img loading=\"lazy\" width=\"945\" height=\"709\" src=\"http:\/\/club-arada.fr\/wp-content\/uploads\/2021\/12\/image-234.png\" alt=\"\" class=\"wp-image-356\" srcset=\"http:\/\/club-arada.fr\/wp-content\/uploads\/2021\/12\/image-234.png 945w, http:\/\/club-arada.fr\/wp-content\/uploads\/2021\/12\/image-234-300x225.png 300w, http:\/\/club-arada.fr\/wp-content\/uploads\/2021\/12\/image-234-768x576.png 768w\" sizes=\"(max-width: 945px) 100vw, 945px\" \/><\/figure>\n\n\n\n<figure class=\"wp-block-image size-full\"><img loading=\"lazy\" width=\"945\" height=\"709\" src=\"http:\/\/club-arada.fr\/wp-content\/uploads\/2021\/12\/image-235.png\" alt=\"\" class=\"wp-image-357\" srcset=\"http:\/\/club-arada.fr\/wp-content\/uploads\/2021\/12\/image-235.png 945w, http:\/\/club-arada.fr\/wp-content\/uploads\/2021\/12\/image-235-300x225.png 300w, http:\/\/club-arada.fr\/wp-content\/uploads\/2021\/12\/image-235-768x576.png 768w\" sizes=\"(max-width: 945px) 100vw, 945px\" \/><\/figure>\n\n\n\n<figure class=\"wp-block-image size-full\"><img loading=\"lazy\" width=\"945\" height=\"709\" src=\"http:\/\/club-arada.fr\/wp-content\/uploads\/2021\/12\/image-236.png\" alt=\"\" class=\"wp-image-358\" srcset=\"http:\/\/club-arada.fr\/wp-content\/uploads\/2021\/12\/image-236.png 945w, http:\/\/club-arada.fr\/wp-content\/uploads\/2021\/12\/image-236-300x225.png 300w, http:\/\/club-arada.fr\/wp-content\/uploads\/2021\/12\/image-236-768x576.png 768w\" sizes=\"(max-width: 945px) 100vw, 945px\" \/><\/figure>\n\n\n\n<figure class=\"wp-block-image size-full\"><img loading=\"lazy\" width=\"945\" height=\"709\" src=\"http:\/\/club-arada.fr\/wp-content\/uploads\/2021\/12\/image-237.png\" alt=\"\" class=\"wp-image-359\" srcset=\"http:\/\/club-arada.fr\/wp-content\/uploads\/2021\/12\/image-237.png 945w, http:\/\/club-arada.fr\/wp-content\/uploads\/2021\/12\/image-237-300x225.png 300w, http:\/\/club-arada.fr\/wp-content\/uploads\/2021\/12\/image-237-768x576.png 768w\" sizes=\"(max-width: 945px) 100vw, 945px\" \/><\/figure>\n\n\n\n<figure class=\"wp-block-image size-full\"><img loading=\"lazy\" width=\"945\" height=\"709\" src=\"http:\/\/club-arada.fr\/wp-content\/uploads\/2021\/12\/image-238.png\" alt=\"\" class=\"wp-image-360\" srcset=\"http:\/\/club-arada.fr\/wp-content\/uploads\/2021\/12\/image-238.png 945w, http:\/\/club-arada.fr\/wp-content\/uploads\/2021\/12\/image-238-300x225.png 300w, http:\/\/club-arada.fr\/wp-content\/uploads\/2021\/12\/image-238-768x576.png 768w\" sizes=\"(max-width: 945px) 100vw, 945px\" \/><\/figure>\n\n\n\n<figure class=\"wp-block-image size-full\"><img loading=\"lazy\" width=\"945\" height=\"709\" src=\"http:\/\/club-arada.fr\/wp-content\/uploads\/2021\/12\/image-239.png\" alt=\"\" class=\"wp-image-361\" srcset=\"http:\/\/club-arada.fr\/wp-content\/uploads\/2021\/12\/image-239.png 945w, http:\/\/club-arada.fr\/wp-content\/uploads\/2021\/12\/image-239-300x225.png 300w, http:\/\/club-arada.fr\/wp-content\/uploads\/2021\/12\/image-239-768x576.png 768w\" sizes=\"(max-width: 945px) 100vw, 945px\" \/><\/figure>\n\n\n\n<figure class=\"wp-block-image size-full\"><img loading=\"lazy\" width=\"945\" height=\"709\" src=\"http:\/\/club-arada.fr\/wp-content\/uploads\/2021\/12\/image-240.png\" alt=\"\" class=\"wp-image-362\" srcset=\"http:\/\/club-arada.fr\/wp-content\/uploads\/2021\/12\/image-240.png 945w, http:\/\/club-arada.fr\/wp-content\/uploads\/2021\/12\/image-240-300x225.png 300w, http:\/\/club-arada.fr\/wp-content\/uploads\/2021\/12\/image-240-768x576.png 768w\" sizes=\"(max-width: 945px) 100vw, 945px\" \/><\/figure>\n\n\n\n<figure class=\"wp-block-image size-full\"><img loading=\"lazy\" width=\"945\" height=\"709\" src=\"http:\/\/club-arada.fr\/wp-content\/uploads\/2021\/12\/image-241.png\" alt=\"\" class=\"wp-image-363\" srcset=\"http:\/\/club-arada.fr\/wp-content\/uploads\/2021\/12\/image-241.png 945w, http:\/\/club-arada.fr\/wp-content\/uploads\/2021\/12\/image-241-300x225.png 300w, http:\/\/club-arada.fr\/wp-content\/uploads\/2021\/12\/image-241-768x576.png 768w\" sizes=\"(max-width: 945px) 100vw, 945px\" \/><\/figure>\n\n\n\n<figure class=\"wp-block-image size-full\"><img loading=\"lazy\" width=\"945\" height=\"709\" src=\"http:\/\/club-arada.fr\/wp-content\/uploads\/2021\/12\/image-242.png\" alt=\"\" class=\"wp-image-364\" srcset=\"http:\/\/club-arada.fr\/wp-content\/uploads\/2021\/12\/image-242.png 945w, http:\/\/club-arada.fr\/wp-content\/uploads\/2021\/12\/image-242-300x225.png 300w, http:\/\/club-arada.fr\/wp-content\/uploads\/2021\/12\/image-242-768x576.png 768w\" sizes=\"(max-width: 945px) 100vw, 945px\" \/><\/figure>\n\n\n\n<figure class=\"wp-block-image size-full\"><img loading=\"lazy\" width=\"945\" height=\"709\" src=\"http:\/\/club-arada.fr\/wp-content\/uploads\/2021\/12\/image-243.png\" alt=\"\" class=\"wp-image-365\" srcset=\"http:\/\/club-arada.fr\/wp-content\/uploads\/2021\/12\/image-243.png 945w, http:\/\/club-arada.fr\/wp-content\/uploads\/2021\/12\/image-243-300x225.png 300w, http:\/\/club-arada.fr\/wp-content\/uploads\/2021\/12\/image-243-768x576.png 768w\" sizes=\"(max-width: 945px) 100vw, 945px\" \/><\/figure>\n\n\n\n<figure class=\"wp-block-image size-full\"><img loading=\"lazy\" width=\"945\" height=\"709\" src=\"http:\/\/club-arada.fr\/wp-content\/uploads\/2021\/12\/image-244.png\" alt=\"\" class=\"wp-image-366\" srcset=\"http:\/\/club-arada.fr\/wp-content\/uploads\/2021\/12\/image-244.png 945w, http:\/\/club-arada.fr\/wp-content\/uploads\/2021\/12\/image-244-300x225.png 300w, http:\/\/club-arada.fr\/wp-content\/uploads\/2021\/12\/image-244-768x576.png 768w\" sizes=\"(max-width: 945px) 100vw, 945px\" \/><\/figure>\n\n\n\n<figure class=\"wp-block-image size-full\"><img loading=\"lazy\" width=\"945\" height=\"709\" src=\"http:\/\/club-arada.fr\/wp-content\/uploads\/2021\/12\/image-245.png\" alt=\"\" class=\"wp-image-367\" srcset=\"http:\/\/club-arada.fr\/wp-content\/uploads\/2021\/12\/image-245.png 945w, http:\/\/club-arada.fr\/wp-content\/uploads\/2021\/12\/image-245-300x225.png 300w, http:\/\/club-arada.fr\/wp-content\/uploads\/2021\/12\/image-245-768x576.png 768w\" sizes=\"(max-width: 945px) 100vw, 945px\" \/><\/figure>\n\n\n\n<figure class=\"wp-block-image size-full\"><img loading=\"lazy\" width=\"945\" height=\"709\" src=\"http:\/\/club-arada.fr\/wp-content\/uploads\/2021\/12\/image-246.png\" alt=\"\" class=\"wp-image-368\" srcset=\"http:\/\/club-arada.fr\/wp-content\/uploads\/2021\/12\/image-246.png 945w, http:\/\/club-arada.fr\/wp-content\/uploads\/2021\/12\/image-246-300x225.png 300w, http:\/\/club-arada.fr\/wp-content\/uploads\/2021\/12\/image-246-768x576.png 768w\" sizes=\"(max-width: 945px) 100vw, 945px\" \/><\/figure>\n\n\n\n<figure class=\"wp-block-image size-full\"><img loading=\"lazy\" width=\"945\" height=\"709\" src=\"http:\/\/club-arada.fr\/wp-content\/uploads\/2021\/12\/image-247.png\" alt=\"\" class=\"wp-image-369\" srcset=\"http:\/\/club-arada.fr\/wp-content\/uploads\/2021\/12\/image-247.png 945w, http:\/\/club-arada.fr\/wp-content\/uploads\/2021\/12\/image-247-300x225.png 300w, http:\/\/club-arada.fr\/wp-content\/uploads\/2021\/12\/image-247-768x576.png 768w\" sizes=\"(max-width: 945px) 100vw, 945px\" \/><\/figure>\n\n\n\n<figure class=\"wp-block-image size-full\"><img loading=\"lazy\" width=\"945\" height=\"709\" src=\"http:\/\/club-arada.fr\/wp-content\/uploads\/2021\/12\/image-248.png\" alt=\"\" class=\"wp-image-370\" srcset=\"http:\/\/club-arada.fr\/wp-content\/uploads\/2021\/12\/image-248.png 945w, http:\/\/club-arada.fr\/wp-content\/uploads\/2021\/12\/image-248-300x225.png 300w, http:\/\/club-arada.fr\/wp-content\/uploads\/2021\/12\/image-248-768x576.png 768w\" sizes=\"(max-width: 945px) 100vw, 945px\" \/><\/figure>\n\n\n\n<figure class=\"wp-block-image size-full\"><img loading=\"lazy\" width=\"945\" height=\"709\" src=\"http:\/\/club-arada.fr\/wp-content\/uploads\/2021\/12\/image-249.png\" alt=\"\" class=\"wp-image-371\" srcset=\"http:\/\/club-arada.fr\/wp-content\/uploads\/2021\/12\/image-249.png 945w, http:\/\/club-arada.fr\/wp-content\/uploads\/2021\/12\/image-249-300x225.png 300w, http:\/\/club-arada.fr\/wp-content\/uploads\/2021\/12\/image-249-768x576.png 768w\" sizes=\"(max-width: 945px) 100vw, 945px\" \/><\/figure>\n\n\n\n<figure class=\"wp-block-image size-full\"><img loading=\"lazy\" width=\"945\" height=\"709\" src=\"http:\/\/club-arada.fr\/wp-content\/uploads\/2021\/12\/image-250.png\" alt=\"\" class=\"wp-image-372\" srcset=\"http:\/\/club-arada.fr\/wp-content\/uploads\/2021\/12\/image-250.png 945w, http:\/\/club-arada.fr\/wp-content\/uploads\/2021\/12\/image-250-300x225.png 300w, http:\/\/club-arada.fr\/wp-content\/uploads\/2021\/12\/image-250-768x576.png 768w\" sizes=\"(max-width: 945px) 100vw, 945px\" \/><\/figure>\n\n\n\n<figure class=\"wp-block-image size-full\"><img loading=\"lazy\" width=\"945\" height=\"709\" src=\"http:\/\/club-arada.fr\/wp-content\/uploads\/2021\/12\/image-251.png\" alt=\"\" class=\"wp-image-373\" srcset=\"http:\/\/club-arada.fr\/wp-content\/uploads\/2021\/12\/image-251.png 945w, http:\/\/club-arada.fr\/wp-content\/uploads\/2021\/12\/image-251-300x225.png 300w, http:\/\/club-arada.fr\/wp-content\/uploads\/2021\/12\/image-251-768x576.png 768w\" sizes=\"(max-width: 945px) 100vw, 945px\" \/><\/figure>\n\n\n\n<figure class=\"wp-block-image size-full\"><img loading=\"lazy\" width=\"945\" height=\"709\" src=\"http:\/\/club-arada.fr\/wp-content\/uploads\/2021\/12\/image-252.png\" alt=\"\" class=\"wp-image-374\" srcset=\"http:\/\/club-arada.fr\/wp-content\/uploads\/2021\/12\/image-252.png 945w, http:\/\/club-arada.fr\/wp-content\/uploads\/2021\/12\/image-252-300x225.png 300w, http:\/\/club-arada.fr\/wp-content\/uploads\/2021\/12\/image-252-768x576.png 768w\" sizes=\"(max-width: 945px) 100vw, 945px\" \/><\/figure>\n\n\n\n<figure class=\"wp-block-image size-full\"><img loading=\"lazy\" width=\"945\" height=\"709\" src=\"http:\/\/club-arada.fr\/wp-content\/uploads\/2021\/12\/image-253.png\" alt=\"\" class=\"wp-image-375\" srcset=\"http:\/\/club-arada.fr\/wp-content\/uploads\/2021\/12\/image-253.png 945w, http:\/\/club-arada.fr\/wp-content\/uploads\/2021\/12\/image-253-300x225.png 300w, http:\/\/club-arada.fr\/wp-content\/uploads\/2021\/12\/image-253-768x576.png 768w\" sizes=\"(max-width: 945px) 100vw, 945px\" \/><\/figure>\n","protected":false},"excerpt":{"rendered":"<p>35 voitures \u00e9taient pr\u00e9sentes au d\u00e9part pour une sortie propos\u00e9e et organis\u00e9e par Christian Meyer, Marc Munier, Jean Paul Terrasse et Christian Rioux. Bravo \u00e0 eux et aux nombreux participants.<\/p>\n","protected":false},"author":1,"featured_media":0,"parent":0,"menu_order":0,"comment_status":"closed","ping_status":"closed","template":"","meta":[],"_links":{"self":[{"href":"http:\/\/club-arada.fr\/index.php\/wp-json\/wp\/v2\/pages\/355"}],"collection":[{"href":"http:\/\/club-arada.fr\/index.php\/wp-json\/wp\/v2\/pages"}],"about":[{"href":"http:\/\/club-arada.fr\/index.php\/wp-json\/wp\/v2\/types\/page"}],"author":[{"embeddable":true,"href":"http:\/\/club-arada.fr\/index.php\/wp-json\/wp\/v2\/users\/1"}],"replies":[{"embeddable":true,"href":"http:\/\/club-arada.fr\/index.php\/wp-json\/wp\/v2\/comments?post=355"}],"version-history":[{"count":1,"href":"http:\/\/club-arada.fr\/index.php\/wp-json\/wp\/v2\/pages\/355\/revisions"}],"predecessor-version":[{"id":376,"href":"http:\/\/club-arada.fr\/index.php\/wp-json\/wp\/v2\/pages\/355\/revisions\/376"}],"wp:attachment":[{"href":"http:\/\/club-arada.fr\/index.php\/wp-json\/wp\/v2\/media?parent=355"}],"curies":[{"name":"wp","href":"https:\/\/api.w.org\/{rel}","templated":true}]}}