{"id":326,"date":"2021-12-10T15:36:29","date_gmt":"2021-12-10T14:36:29","guid":{"rendered":"http:\/\/club-arada.fr\/?page_id=326"},"modified":"2021-12-10T15:36:29","modified_gmt":"2021-12-10T14:36:29","slug":"ballade-du-21-juin-2015","status":"publish","type":"page","link":"http:\/\/club-arada.fr\/index.php\/ballade-du-21-juin-2015\/","title":{"rendered":"Ballade du 21 juin 2015"},"content":{"rendered":"\n<p>Rendez vous le matin \u00e0 la boulangerie Ferlay \u00e0 Marg\u00e8s pour le petit d\u00e9jeuner<\/p>\n\n\n\n<figure class=\"wp-block-image size-full\"><img loading=\"lazy\" width=\"945\" height=\"709\" src=\"http:\/\/club-arada.fr\/wp-content\/uploads\/2021\/12\/image-207.png\" alt=\"\" class=\"wp-image-327\" srcset=\"http:\/\/club-arada.fr\/wp-content\/uploads\/2021\/12\/image-207.png 945w, http:\/\/club-arada.fr\/wp-content\/uploads\/2021\/12\/image-207-300x225.png 300w, http:\/\/club-arada.fr\/wp-content\/uploads\/2021\/12\/image-207-768x576.png 768w\" sizes=\"(max-width: 945px) 100vw, 945px\" \/><\/figure>\n\n\n\n<figure class=\"wp-block-image size-full\"><img loading=\"lazy\" width=\"945\" height=\"709\" src=\"http:\/\/club-arada.fr\/wp-content\/uploads\/2021\/12\/image-208.png\" alt=\"\" class=\"wp-image-328\" srcset=\"http:\/\/club-arada.fr\/wp-content\/uploads\/2021\/12\/image-208.png 945w, http:\/\/club-arada.fr\/wp-content\/uploads\/2021\/12\/image-208-300x225.png 300w, http:\/\/club-arada.fr\/wp-content\/uploads\/2021\/12\/image-208-768x576.png 768w\" sizes=\"(max-width: 945px) 100vw, 945px\" \/><\/figure>\n\n\n\n<figure class=\"wp-block-image size-full\"><img loading=\"lazy\" width=\"945\" height=\"709\" src=\"http:\/\/club-arada.fr\/wp-content\/uploads\/2021\/12\/image-209.png\" alt=\"\" class=\"wp-image-329\" srcset=\"http:\/\/club-arada.fr\/wp-content\/uploads\/2021\/12\/image-209.png 945w, http:\/\/club-arada.fr\/wp-content\/uploads\/2021\/12\/image-209-300x225.png 300w, http:\/\/club-arada.fr\/wp-content\/uploads\/2021\/12\/image-209-768x576.png 768w\" sizes=\"(max-width: 945px) 100vw, 945px\" \/><\/figure>\n\n\n\n<figure class=\"wp-block-image size-full\"><img loading=\"lazy\" width=\"945\" height=\"709\" src=\"http:\/\/club-arada.fr\/wp-content\/uploads\/2021\/12\/image-210.png\" alt=\"\" class=\"wp-image-330\" srcset=\"http:\/\/club-arada.fr\/wp-content\/uploads\/2021\/12\/image-210.png 945w, http:\/\/club-arada.fr\/wp-content\/uploads\/2021\/12\/image-210-300x225.png 300w, http:\/\/club-arada.fr\/wp-content\/uploads\/2021\/12\/image-210-768x576.png 768w\" sizes=\"(max-width: 945px) 100vw, 945px\" \/><\/figure>\n\n\n\n<figure class=\"wp-block-image size-full\"><img loading=\"lazy\" width=\"945\" height=\"709\" src=\"http:\/\/club-arada.fr\/wp-content\/uploads\/2021\/12\/image-211.png\" alt=\"\" class=\"wp-image-331\" srcset=\"http:\/\/club-arada.fr\/wp-content\/uploads\/2021\/12\/image-211.png 945w, http:\/\/club-arada.fr\/wp-content\/uploads\/2021\/12\/image-211-300x225.png 300w, http:\/\/club-arada.fr\/wp-content\/uploads\/2021\/12\/image-211-768x576.png 768w\" sizes=\"(max-width: 945px) 100vw, 945px\" \/><\/figure>\n\n\n\n<figure class=\"wp-block-image size-full\"><img loading=\"lazy\" width=\"945\" height=\"709\" src=\"http:\/\/club-arada.fr\/wp-content\/uploads\/2021\/12\/image-212.png\" alt=\"\" class=\"wp-image-332\" srcset=\"http:\/\/club-arada.fr\/wp-content\/uploads\/2021\/12\/image-212.png 945w, http:\/\/club-arada.fr\/wp-content\/uploads\/2021\/12\/image-212-300x225.png 300w, http:\/\/club-arada.fr\/wp-content\/uploads\/2021\/12\/image-212-768x576.png 768w\" sizes=\"(max-width: 945px) 100vw, 945px\" \/><\/figure>\n\n\n\n<figure class=\"wp-block-image size-full\"><img loading=\"lazy\" width=\"945\" height=\"709\" src=\"http:\/\/club-arada.fr\/wp-content\/uploads\/2021\/12\/image-213.png\" alt=\"\" class=\"wp-image-333\" srcset=\"http:\/\/club-arada.fr\/wp-content\/uploads\/2021\/12\/image-213.png 945w, http:\/\/club-arada.fr\/wp-content\/uploads\/2021\/12\/image-213-300x225.png 300w, http:\/\/club-arada.fr\/wp-content\/uploads\/2021\/12\/image-213-768x576.png 768w\" sizes=\"(max-width: 945px) 100vw, 945px\" \/><\/figure>\n\n\n\n<figure class=\"wp-block-image size-full\"><img loading=\"lazy\" width=\"945\" height=\"709\" src=\"http:\/\/club-arada.fr\/wp-content\/uploads\/2021\/12\/image-214.png\" alt=\"\" class=\"wp-image-334\" srcset=\"http:\/\/club-arada.fr\/wp-content\/uploads\/2021\/12\/image-214.png 945w, http:\/\/club-arada.fr\/wp-content\/uploads\/2021\/12\/image-214-300x225.png 300w, http:\/\/club-arada.fr\/wp-content\/uploads\/2021\/12\/image-214-768x576.png 768w\" sizes=\"(max-width: 945px) 100vw, 945px\" \/><\/figure>\n\n\n\n<figure class=\"wp-block-image size-full\"><img loading=\"lazy\" width=\"945\" height=\"709\" src=\"http:\/\/club-arada.fr\/wp-content\/uploads\/2021\/12\/image-215.png\" alt=\"\" class=\"wp-image-335\" srcset=\"http:\/\/club-arada.fr\/wp-content\/uploads\/2021\/12\/image-215.png 945w, http:\/\/club-arada.fr\/wp-content\/uploads\/2021\/12\/image-215-300x225.png 300w, http:\/\/club-arada.fr\/wp-content\/uploads\/2021\/12\/image-215-768x576.png 768w\" sizes=\"(max-width: 945px) 100vw, 945px\" \/><\/figure>\n\n\n\n<figure class=\"wp-block-image size-full\"><img loading=\"lazy\" width=\"945\" height=\"709\" src=\"http:\/\/club-arada.fr\/wp-content\/uploads\/2021\/12\/image-216.png\" alt=\"\" class=\"wp-image-336\" srcset=\"http:\/\/club-arada.fr\/wp-content\/uploads\/2021\/12\/image-216.png 945w, http:\/\/club-arada.fr\/wp-content\/uploads\/2021\/12\/image-216-300x225.png 300w, http:\/\/club-arada.fr\/wp-content\/uploads\/2021\/12\/image-216-768x576.png 768w\" sizes=\"(max-width: 945px) 100vw, 945px\" \/><\/figure>\n\n\n\n<figure class=\"wp-block-image size-full\"><img loading=\"lazy\" width=\"945\" height=\"709\" src=\"http:\/\/club-arada.fr\/wp-content\/uploads\/2021\/12\/image-217.png\" alt=\"\" class=\"wp-image-337\" srcset=\"http:\/\/club-arada.fr\/wp-content\/uploads\/2021\/12\/image-217.png 945w, http:\/\/club-arada.fr\/wp-content\/uploads\/2021\/12\/image-217-300x225.png 300w, http:\/\/club-arada.fr\/wp-content\/uploads\/2021\/12\/image-217-768x576.png 768w\" sizes=\"(max-width: 945px) 100vw, 945px\" \/><\/figure>\n\n\n\n<figure class=\"wp-block-image size-full\"><img loading=\"lazy\" width=\"945\" height=\"709\" src=\"http:\/\/club-arada.fr\/wp-content\/uploads\/2021\/12\/image-218.png\" alt=\"\" class=\"wp-image-338\" srcset=\"http:\/\/club-arada.fr\/wp-content\/uploads\/2021\/12\/image-218.png 945w, http:\/\/club-arada.fr\/wp-content\/uploads\/2021\/12\/image-218-300x225.png 300w, http:\/\/club-arada.fr\/wp-content\/uploads\/2021\/12\/image-218-768x576.png 768w\" sizes=\"(max-width: 945px) 100vw, 945px\" \/><\/figure>\n\n\n\n<figure class=\"wp-block-image size-full\"><img loading=\"lazy\" width=\"945\" height=\"709\" src=\"http:\/\/club-arada.fr\/wp-content\/uploads\/2021\/12\/image-219.png\" alt=\"\" class=\"wp-image-339\" srcset=\"http:\/\/club-arada.fr\/wp-content\/uploads\/2021\/12\/image-219.png 945w, http:\/\/club-arada.fr\/wp-content\/uploads\/2021\/12\/image-219-300x225.png 300w, http:\/\/club-arada.fr\/wp-content\/uploads\/2021\/12\/image-219-768x576.png 768w\" sizes=\"(max-width: 945px) 100vw, 945px\" \/><\/figure>\n\n\n\n<figure class=\"wp-block-image size-full\"><img loading=\"lazy\" width=\"945\" height=\"709\" src=\"http:\/\/club-arada.fr\/wp-content\/uploads\/2021\/12\/image-220.png\" alt=\"\" class=\"wp-image-340\" srcset=\"http:\/\/club-arada.fr\/wp-content\/uploads\/2021\/12\/image-220.png 945w, http:\/\/club-arada.fr\/wp-content\/uploads\/2021\/12\/image-220-300x225.png 300w, http:\/\/club-arada.fr\/wp-content\/uploads\/2021\/12\/image-220-768x576.png 768w\" sizes=\"(max-width: 945px) 100vw, 945px\" \/><\/figure>\n\n\n\n<figure class=\"wp-block-image size-full\"><img loading=\"lazy\" width=\"945\" height=\"709\" src=\"http:\/\/club-arada.fr\/wp-content\/uploads\/2021\/12\/image-221.png\" alt=\"\" class=\"wp-image-341\" srcset=\"http:\/\/club-arada.fr\/wp-content\/uploads\/2021\/12\/image-221.png 945w, http:\/\/club-arada.fr\/wp-content\/uploads\/2021\/12\/image-221-300x225.png 300w, http:\/\/club-arada.fr\/wp-content\/uploads\/2021\/12\/image-221-768x576.png 768w\" sizes=\"(max-width: 945px) 100vw, 945px\" \/><\/figure>\n\n\n\n<figure class=\"wp-block-image size-full\"><img loading=\"lazy\" width=\"945\" height=\"709\" src=\"http:\/\/club-arada.fr\/wp-content\/uploads\/2021\/12\/image-222.png\" alt=\"\" class=\"wp-image-342\" srcset=\"http:\/\/club-arada.fr\/wp-content\/uploads\/2021\/12\/image-222.png 945w, http:\/\/club-arada.fr\/wp-content\/uploads\/2021\/12\/image-222-300x225.png 300w, http:\/\/club-arada.fr\/wp-content\/uploads\/2021\/12\/image-222-768x576.png 768w\" sizes=\"(max-width: 945px) 100vw, 945px\" \/><\/figure>\n\n\n\n<figure class=\"wp-block-image size-full\"><img loading=\"lazy\" width=\"945\" height=\"709\" src=\"http:\/\/club-arada.fr\/wp-content\/uploads\/2021\/12\/image-223.png\" alt=\"\" class=\"wp-image-343\" srcset=\"http:\/\/club-arada.fr\/wp-content\/uploads\/2021\/12\/image-223.png 945w, http:\/\/club-arada.fr\/wp-content\/uploads\/2021\/12\/image-223-300x225.png 300w, http:\/\/club-arada.fr\/wp-content\/uploads\/2021\/12\/image-223-768x576.png 768w\" sizes=\"(max-width: 945px) 100vw, 945px\" \/><\/figure>\n\n\n\n<figure class=\"wp-block-image size-full\"><img loading=\"lazy\" width=\"945\" height=\"709\" src=\"http:\/\/club-arada.fr\/wp-content\/uploads\/2021\/12\/image-224.png\" alt=\"\" class=\"wp-image-344\" srcset=\"http:\/\/club-arada.fr\/wp-content\/uploads\/2021\/12\/image-224.png 945w, http:\/\/club-arada.fr\/wp-content\/uploads\/2021\/12\/image-224-300x225.png 300w, http:\/\/club-arada.fr\/wp-content\/uploads\/2021\/12\/image-224-768x576.png 768w\" sizes=\"(max-width: 945px) 100vw, 945px\" \/><\/figure>\n\n\n\n<figure class=\"wp-block-image size-full is-resized\"><img loading=\"lazy\" src=\"http:\/\/club-arada.fr\/wp-content\/uploads\/2021\/12\/image-225.png\" alt=\"\" class=\"wp-image-345\" width=\"945\" height=\"709\" srcset=\"http:\/\/club-arada.fr\/wp-content\/uploads\/2021\/12\/image-225.png 945w, http:\/\/club-arada.fr\/wp-content\/uploads\/2021\/12\/image-225-300x225.png 300w, http:\/\/club-arada.fr\/wp-content\/uploads\/2021\/12\/image-225-768x576.png 768w\" sizes=\"(max-width: 945px) 100vw, 945px\" \/><\/figure>\n\n\n\n<figure class=\"wp-block-image size-full\"><img loading=\"lazy\" width=\"945\" height=\"709\" src=\"http:\/\/club-arada.fr\/wp-content\/uploads\/2021\/12\/image-226.png\" alt=\"\" class=\"wp-image-346\" srcset=\"http:\/\/club-arada.fr\/wp-content\/uploads\/2021\/12\/image-226.png 945w, http:\/\/club-arada.fr\/wp-content\/uploads\/2021\/12\/image-226-300x225.png 300w, http:\/\/club-arada.fr\/wp-content\/uploads\/2021\/12\/image-226-768x576.png 768w\" sizes=\"(max-width: 945px) 100vw, 945px\" \/><\/figure>\n\n\n\n<figure class=\"wp-block-image size-full\"><img loading=\"lazy\" width=\"945\" height=\"709\" src=\"http:\/\/club-arada.fr\/wp-content\/uploads\/2021\/12\/image-227.png\" alt=\"\" class=\"wp-image-347\" srcset=\"http:\/\/club-arada.fr\/wp-content\/uploads\/2021\/12\/image-227.png 945w, http:\/\/club-arada.fr\/wp-content\/uploads\/2021\/12\/image-227-300x225.png 300w, http:\/\/club-arada.fr\/wp-content\/uploads\/2021\/12\/image-227-768x576.png 768w\" sizes=\"(max-width: 945px) 100vw, 945px\" \/><\/figure>\n\n\n\n<figure class=\"wp-block-image size-full\"><img loading=\"lazy\" width=\"945\" height=\"709\" src=\"http:\/\/club-arada.fr\/wp-content\/uploads\/2021\/12\/image-228.png\" alt=\"\" class=\"wp-image-348\" srcset=\"http:\/\/club-arada.fr\/wp-content\/uploads\/2021\/12\/image-228.png 945w, http:\/\/club-arada.fr\/wp-content\/uploads\/2021\/12\/image-228-300x225.png 300w, http:\/\/club-arada.fr\/wp-content\/uploads\/2021\/12\/image-228-768x576.png 768w\" sizes=\"(max-width: 945px) 100vw, 945px\" \/><\/figure>\n\n\n\n<figure class=\"wp-block-image size-full\"><img loading=\"lazy\" width=\"945\" height=\"709\" src=\"http:\/\/club-arada.fr\/wp-content\/uploads\/2021\/12\/image-229.png\" alt=\"\" class=\"wp-image-349\" srcset=\"http:\/\/club-arada.fr\/wp-content\/uploads\/2021\/12\/image-229.png 945w, http:\/\/club-arada.fr\/wp-content\/uploads\/2021\/12\/image-229-300x225.png 300w, http:\/\/club-arada.fr\/wp-content\/uploads\/2021\/12\/image-229-768x576.png 768w\" sizes=\"(max-width: 945px) 100vw, 945px\" \/><\/figure>\n\n\n\n<figure class=\"wp-block-image size-large\"><img loading=\"lazy\" width=\"768\" height=\"1024\" src=\"http:\/\/club-arada.fr\/wp-content\/uploads\/2021\/12\/image-230-768x1024.png\" alt=\"\" class=\"wp-image-350\" srcset=\"http:\/\/club-arada.fr\/wp-content\/uploads\/2021\/12\/image-230-768x1024.png 768w, http:\/\/club-arada.fr\/wp-content\/uploads\/2021\/12\/image-230-225x300.png 225w, http:\/\/club-arada.fr\/wp-content\/uploads\/2021\/12\/image-230.png 900w\" sizes=\"(max-width: 768px) 100vw, 768px\" \/><\/figure>\n\n\n\n<figure class=\"wp-block-image size-full\"><img loading=\"lazy\" width=\"945\" height=\"709\" src=\"http:\/\/club-arada.fr\/wp-content\/uploads\/2021\/12\/image-231.png\" alt=\"\" class=\"wp-image-351\" srcset=\"http:\/\/club-arada.fr\/wp-content\/uploads\/2021\/12\/image-231.png 945w, http:\/\/club-arada.fr\/wp-content\/uploads\/2021\/12\/image-231-300x225.png 300w, http:\/\/club-arada.fr\/wp-content\/uploads\/2021\/12\/image-231-768x576.png 768w\" sizes=\"(max-width: 945px) 100vw, 945px\" \/><\/figure>\n\n\n\n<figure class=\"wp-block-image size-full\"><img loading=\"lazy\" width=\"945\" height=\"709\" src=\"http:\/\/club-arada.fr\/wp-content\/uploads\/2021\/12\/image-232.png\" alt=\"\" class=\"wp-image-352\" srcset=\"http:\/\/club-arada.fr\/wp-content\/uploads\/2021\/12\/image-232.png 945w, http:\/\/club-arada.fr\/wp-content\/uploads\/2021\/12\/image-232-300x225.png 300w, http:\/\/club-arada.fr\/wp-content\/uploads\/2021\/12\/image-232-768x576.png 768w\" sizes=\"(max-width: 945px) 100vw, 945px\" \/><\/figure>\n\n\n\n<figure class=\"wp-block-image size-full\"><img loading=\"lazy\" width=\"945\" height=\"709\" src=\"http:\/\/club-arada.fr\/wp-content\/uploads\/2021\/12\/image-233.png\" alt=\"\" class=\"wp-image-353\" srcset=\"http:\/\/club-arada.fr\/wp-content\/uploads\/2021\/12\/image-233.png 945w, http:\/\/club-arada.fr\/wp-content\/uploads\/2021\/12\/image-233-300x225.png 300w, http:\/\/club-arada.fr\/wp-content\/uploads\/2021\/12\/image-233-768x576.png 768w\" sizes=\"(max-width: 945px) 100vw, 945px\" \/><\/figure>\n","protected":false},"excerpt":{"rendered":"<p>Rendez vous le matin \u00e0 la boulangerie Ferlay \u00e0 Marg\u00e8s pour le petit d\u00e9jeuner<\/p>\n","protected":false},"author":1,"featured_media":0,"parent":0,"menu_order":0,"comment_status":"closed","ping_status":"closed","template":"","meta":[],"_links":{"self":[{"href":"http:\/\/club-arada.fr\/index.php\/wp-json\/wp\/v2\/pages\/326"}],"collection":[{"href":"http:\/\/club-arada.fr\/index.php\/wp-json\/wp\/v2\/pages"}],"about":[{"href":"http:\/\/club-arada.fr\/index.php\/wp-json\/wp\/v2\/types\/page"}],"author":[{"embeddable":true,"href":"http:\/\/club-arada.fr\/index.php\/wp-json\/wp\/v2\/users\/1"}],"replies":[{"embeddable":true,"href":"http:\/\/club-arada.fr\/index.php\/wp-json\/wp\/v2\/comments?post=326"}],"version-history":[{"count":1,"href":"http:\/\/club-arada.fr\/index.php\/wp-json\/wp\/v2\/pages\/326\/revisions"}],"predecessor-version":[{"id":354,"href":"http:\/\/club-arada.fr\/index.php\/wp-json\/wp\/v2\/pages\/326\/revisions\/354"}],"wp:attachment":[{"href":"http:\/\/club-arada.fr\/index.php\/wp-json\/wp\/v2\/media?parent=326"}],"curies":[{"name":"wp","href":"https:\/\/api.w.org\/{rel}","templated":true}]}}