{"id":282,"date":"2021-12-10T15:25:50","date_gmt":"2021-12-10T14:25:50","guid":{"rendered":"http:\/\/club-arada.fr\/?page_id=282"},"modified":"2021-12-10T15:25:50","modified_gmt":"2021-12-10T14:25:50","slug":"ballade-de-printemps-14-avril-2014","status":"publish","type":"page","link":"http:\/\/club-arada.fr\/index.php\/ballade-de-printemps-14-avril-2014\/","title":{"rendered":"Ballade de printemps 14 avril 2014"},"content":{"rendered":"\n<figure class=\"wp-block-image size-large\"><img loading=\"lazy\" width=\"517\" height=\"1024\" src=\"http:\/\/club-arada.fr\/wp-content\/uploads\/2021\/12\/image-169-517x1024.png\" alt=\"\" class=\"wp-image-283\" srcset=\"http:\/\/club-arada.fr\/wp-content\/uploads\/2021\/12\/image-169-517x1024.png 517w, http:\/\/club-arada.fr\/wp-content\/uploads\/2021\/12\/image-169-152x300.png 152w, http:\/\/club-arada.fr\/wp-content\/uploads\/2021\/12\/image-169.png 606w\" sizes=\"(max-width: 517px) 100vw, 517px\" \/><\/figure>\n\n\n\n<p>Le dimanche 14 avril les membres du club se sont retrouv\u00e9 \u00e0 Tournon.<br>Les \u00e9tablissements Andr\u00e9 nous ont chaleureusement ouvert leurs portes pour un\u00a0 caf\u00e9 accueil dans leur atelier.<\/p>\n\n\n\n<figure class=\"wp-block-image size-full\"><img loading=\"lazy\" width=\"945\" height=\"709\" src=\"http:\/\/club-arada.fr\/wp-content\/uploads\/2021\/12\/image-170.png\" alt=\"\" class=\"wp-image-284\" srcset=\"http:\/\/club-arada.fr\/wp-content\/uploads\/2021\/12\/image-170.png 945w, http:\/\/club-arada.fr\/wp-content\/uploads\/2021\/12\/image-170-300x225.png 300w, http:\/\/club-arada.fr\/wp-content\/uploads\/2021\/12\/image-170-768x576.png 768w\" sizes=\"(max-width: 945px) 100vw, 945px\" \/><\/figure>\n\n\n\n<figure class=\"wp-block-image size-full\"><img loading=\"lazy\" width=\"945\" height=\"709\" src=\"http:\/\/club-arada.fr\/wp-content\/uploads\/2021\/12\/image-171.png\" alt=\"\" class=\"wp-image-285\" srcset=\"http:\/\/club-arada.fr\/wp-content\/uploads\/2021\/12\/image-171.png 945w, http:\/\/club-arada.fr\/wp-content\/uploads\/2021\/12\/image-171-300x225.png 300w, http:\/\/club-arada.fr\/wp-content\/uploads\/2021\/12\/image-171-768x576.png 768w\" sizes=\"(max-width: 945px) 100vw, 945px\" \/><\/figure>\n\n\n\n<figure class=\"wp-block-image size-full\"><img loading=\"lazy\" width=\"945\" height=\"709\" src=\"http:\/\/club-arada.fr\/wp-content\/uploads\/2021\/12\/image-172.png\" alt=\"\" class=\"wp-image-286\" srcset=\"http:\/\/club-arada.fr\/wp-content\/uploads\/2021\/12\/image-172.png 945w, http:\/\/club-arada.fr\/wp-content\/uploads\/2021\/12\/image-172-300x225.png 300w, http:\/\/club-arada.fr\/wp-content\/uploads\/2021\/12\/image-172-768x576.png 768w\" sizes=\"(max-width: 945px) 100vw, 945px\" \/><\/figure>\n\n\n\n<figure class=\"wp-block-image size-full\"><img loading=\"lazy\" width=\"945\" height=\"709\" src=\"http:\/\/club-arada.fr\/wp-content\/uploads\/2021\/12\/image-173.png\" alt=\"\" class=\"wp-image-287\" srcset=\"http:\/\/club-arada.fr\/wp-content\/uploads\/2021\/12\/image-173.png 945w, http:\/\/club-arada.fr\/wp-content\/uploads\/2021\/12\/image-173-300x225.png 300w, http:\/\/club-arada.fr\/wp-content\/uploads\/2021\/12\/image-173-768x576.png 768w\" sizes=\"(max-width: 945px) 100vw, 945px\" \/><\/figure>\n\n\n\n<figure class=\"wp-block-image size-full\"><img loading=\"lazy\" width=\"945\" height=\"709\" src=\"http:\/\/club-arada.fr\/wp-content\/uploads\/2021\/12\/image-174.png\" alt=\"\" class=\"wp-image-288\" srcset=\"http:\/\/club-arada.fr\/wp-content\/uploads\/2021\/12\/image-174.png 945w, http:\/\/club-arada.fr\/wp-content\/uploads\/2021\/12\/image-174-300x225.png 300w, http:\/\/club-arada.fr\/wp-content\/uploads\/2021\/12\/image-174-768x576.png 768w\" sizes=\"(max-width: 945px) 100vw, 945px\" \/><\/figure>\n\n\n\n<figure class=\"wp-block-image size-full\"><img loading=\"lazy\" width=\"945\" height=\"709\" src=\"http:\/\/club-arada.fr\/wp-content\/uploads\/2021\/12\/image-175.png\" alt=\"\" class=\"wp-image-289\" srcset=\"http:\/\/club-arada.fr\/wp-content\/uploads\/2021\/12\/image-175.png 945w, http:\/\/club-arada.fr\/wp-content\/uploads\/2021\/12\/image-175-300x225.png 300w, http:\/\/club-arada.fr\/wp-content\/uploads\/2021\/12\/image-175-768x576.png 768w\" sizes=\"(max-width: 945px) 100vw, 945px\" \/><\/figure>\n\n\n\n<figure class=\"wp-block-image size-full\"><img loading=\"lazy\" width=\"945\" height=\"709\" src=\"http:\/\/club-arada.fr\/wp-content\/uploads\/2021\/12\/image-176.png\" alt=\"\" class=\"wp-image-290\" srcset=\"http:\/\/club-arada.fr\/wp-content\/uploads\/2021\/12\/image-176.png 945w, http:\/\/club-arada.fr\/wp-content\/uploads\/2021\/12\/image-176-300x225.png 300w, http:\/\/club-arada.fr\/wp-content\/uploads\/2021\/12\/image-176-768x576.png 768w\" sizes=\"(max-width: 945px) 100vw, 945px\" \/><\/figure>\n\n\n\n<figure class=\"wp-block-image size-full\"><img loading=\"lazy\" width=\"945\" height=\"709\" src=\"http:\/\/club-arada.fr\/wp-content\/uploads\/2021\/12\/image-177.png\" alt=\"\" class=\"wp-image-291\" srcset=\"http:\/\/club-arada.fr\/wp-content\/uploads\/2021\/12\/image-177.png 945w, http:\/\/club-arada.fr\/wp-content\/uploads\/2021\/12\/image-177-300x225.png 300w, http:\/\/club-arada.fr\/wp-content\/uploads\/2021\/12\/image-177-768x576.png 768w\" sizes=\"(max-width: 945px) 100vw, 945px\" \/><\/figure>\n\n\n\n<figure class=\"wp-block-image size-full\"><img loading=\"lazy\" width=\"945\" height=\"709\" src=\"http:\/\/club-arada.fr\/wp-content\/uploads\/2021\/12\/image-178.png\" alt=\"\" class=\"wp-image-292\" srcset=\"http:\/\/club-arada.fr\/wp-content\/uploads\/2021\/12\/image-178.png 945w, http:\/\/club-arada.fr\/wp-content\/uploads\/2021\/12\/image-178-300x225.png 300w, http:\/\/club-arada.fr\/wp-content\/uploads\/2021\/12\/image-178-768x576.png 768w\" sizes=\"(max-width: 945px) 100vw, 945px\" \/><\/figure>\n\n\n\n<figure class=\"wp-block-image size-full\"><img loading=\"lazy\" width=\"945\" height=\"709\" src=\"http:\/\/club-arada.fr\/wp-content\/uploads\/2021\/12\/image-179.png\" alt=\"\" class=\"wp-image-293\" srcset=\"http:\/\/club-arada.fr\/wp-content\/uploads\/2021\/12\/image-179.png 945w, http:\/\/club-arada.fr\/wp-content\/uploads\/2021\/12\/image-179-300x225.png 300w, http:\/\/club-arada.fr\/wp-content\/uploads\/2021\/12\/image-179-768x576.png 768w\" sizes=\"(max-width: 945px) 100vw, 945px\" \/><\/figure>\n\n\n\n<figure class=\"wp-block-image size-full\"><img loading=\"lazy\" width=\"945\" height=\"709\" src=\"http:\/\/club-arada.fr\/wp-content\/uploads\/2021\/12\/image-180.png\" alt=\"\" class=\"wp-image-294\" srcset=\"http:\/\/club-arada.fr\/wp-content\/uploads\/2021\/12\/image-180.png 945w, http:\/\/club-arada.fr\/wp-content\/uploads\/2021\/12\/image-180-300x225.png 300w, http:\/\/club-arada.fr\/wp-content\/uploads\/2021\/12\/image-180-768x576.png 768w\" sizes=\"(max-width: 945px) 100vw, 945px\" \/><\/figure>\n\n\n\n<figure class=\"wp-block-image size-full\"><img loading=\"lazy\" width=\"945\" height=\"709\" src=\"http:\/\/club-arada.fr\/wp-content\/uploads\/2021\/12\/image-181.png\" alt=\"\" class=\"wp-image-295\" srcset=\"http:\/\/club-arada.fr\/wp-content\/uploads\/2021\/12\/image-181.png 945w, http:\/\/club-arada.fr\/wp-content\/uploads\/2021\/12\/image-181-300x225.png 300w, http:\/\/club-arada.fr\/wp-content\/uploads\/2021\/12\/image-181-768x576.png 768w\" sizes=\"(max-width: 945px) 100vw, 945px\" \/><\/figure>\n\n\n\n<figure class=\"wp-block-image size-full\"><img loading=\"lazy\" width=\"945\" height=\"709\" src=\"http:\/\/club-arada.fr\/wp-content\/uploads\/2021\/12\/image-182.png\" alt=\"\" class=\"wp-image-296\" srcset=\"http:\/\/club-arada.fr\/wp-content\/uploads\/2021\/12\/image-182.png 945w, http:\/\/club-arada.fr\/wp-content\/uploads\/2021\/12\/image-182-300x225.png 300w, http:\/\/club-arada.fr\/wp-content\/uploads\/2021\/12\/image-182-768x576.png 768w\" sizes=\"(max-width: 945px) 100vw, 945px\" \/><\/figure>\n\n\n\n<figure class=\"wp-block-image size-full\"><img loading=\"lazy\" width=\"945\" height=\"709\" src=\"http:\/\/club-arada.fr\/wp-content\/uploads\/2021\/12\/image-183.png\" alt=\"\" class=\"wp-image-297\" srcset=\"http:\/\/club-arada.fr\/wp-content\/uploads\/2021\/12\/image-183.png 945w, http:\/\/club-arada.fr\/wp-content\/uploads\/2021\/12\/image-183-300x225.png 300w, http:\/\/club-arada.fr\/wp-content\/uploads\/2021\/12\/image-183-768x576.png 768w\" sizes=\"(max-width: 945px) 100vw, 945px\" \/><\/figure>\n\n\n\n<figure class=\"wp-block-image size-full\"><img loading=\"lazy\" width=\"945\" height=\"709\" src=\"http:\/\/club-arada.fr\/wp-content\/uploads\/2021\/12\/image-184.png\" alt=\"\" class=\"wp-image-298\" srcset=\"http:\/\/club-arada.fr\/wp-content\/uploads\/2021\/12\/image-184.png 945w, http:\/\/club-arada.fr\/wp-content\/uploads\/2021\/12\/image-184-300x225.png 300w, http:\/\/club-arada.fr\/wp-content\/uploads\/2021\/12\/image-184-768x576.png 768w\" sizes=\"(max-width: 945px) 100vw, 945px\" \/><\/figure>\n\n\n\n<figure class=\"wp-block-image size-full\"><img loading=\"lazy\" width=\"945\" height=\"435\" src=\"http:\/\/club-arada.fr\/wp-content\/uploads\/2021\/12\/image-185.png\" alt=\"\" class=\"wp-image-299\" srcset=\"http:\/\/club-arada.fr\/wp-content\/uploads\/2021\/12\/image-185.png 945w, http:\/\/club-arada.fr\/wp-content\/uploads\/2021\/12\/image-185-300x138.png 300w, http:\/\/club-arada.fr\/wp-content\/uploads\/2021\/12\/image-185-768x354.png 768w\" sizes=\"(max-width: 945px) 100vw, 945px\" \/><\/figure>\n\n\n\n<figure class=\"wp-block-image size-full\"><img loading=\"lazy\" width=\"945\" height=\"709\" src=\"http:\/\/club-arada.fr\/wp-content\/uploads\/2021\/12\/image-186.png\" alt=\"\" class=\"wp-image-300\" srcset=\"http:\/\/club-arada.fr\/wp-content\/uploads\/2021\/12\/image-186.png 945w, http:\/\/club-arada.fr\/wp-content\/uploads\/2021\/12\/image-186-300x225.png 300w, http:\/\/club-arada.fr\/wp-content\/uploads\/2021\/12\/image-186-768x576.png 768w\" sizes=\"(max-width: 945px) 100vw, 945px\" \/><\/figure>\n\n\n\n<figure class=\"wp-block-image size-full\"><img loading=\"lazy\" width=\"945\" height=\"666\" src=\"http:\/\/club-arada.fr\/wp-content\/uploads\/2021\/12\/image-187.png\" alt=\"\" class=\"wp-image-301\" srcset=\"http:\/\/club-arada.fr\/wp-content\/uploads\/2021\/12\/image-187.png 945w, http:\/\/club-arada.fr\/wp-content\/uploads\/2021\/12\/image-187-300x211.png 300w, http:\/\/club-arada.fr\/wp-content\/uploads\/2021\/12\/image-187-768x541.png 768w\" sizes=\"(max-width: 945px) 100vw, 945px\" \/><\/figure>\n\n\n\n<p><strong>Suite de la ballade sur les petites routes du nord Ard\u00e8che direction Pailhar\u00e8s o\u00f9 nous attend la sympathique \u00e9quipe de l\u2019auberge Buisonni\u00e8re pour le repas de midi.<\/strong><\/p>\n\n\n\n<figure class=\"wp-block-image size-full\"><img loading=\"lazy\" width=\"945\" height=\"709\" src=\"http:\/\/club-arada.fr\/wp-content\/uploads\/2021\/12\/image-188.png\" alt=\"\" class=\"wp-image-302\" srcset=\"http:\/\/club-arada.fr\/wp-content\/uploads\/2021\/12\/image-188.png 945w, http:\/\/club-arada.fr\/wp-content\/uploads\/2021\/12\/image-188-300x225.png 300w, http:\/\/club-arada.fr\/wp-content\/uploads\/2021\/12\/image-188-768x576.png 768w\" sizes=\"(max-width: 945px) 100vw, 945px\" \/><\/figure>\n\n\n\n<figure class=\"wp-block-image size-full\"><img loading=\"lazy\" width=\"945\" height=\"709\" src=\"http:\/\/club-arada.fr\/wp-content\/uploads\/2021\/12\/image-189.png\" alt=\"\" class=\"wp-image-303\" srcset=\"http:\/\/club-arada.fr\/wp-content\/uploads\/2021\/12\/image-189.png 945w, http:\/\/club-arada.fr\/wp-content\/uploads\/2021\/12\/image-189-300x225.png 300w, http:\/\/club-arada.fr\/wp-content\/uploads\/2021\/12\/image-189-768x576.png 768w\" sizes=\"(max-width: 945px) 100vw, 945px\" \/><\/figure>\n\n\n\n<figure class=\"wp-block-image size-full\"><img loading=\"lazy\" width=\"945\" height=\"709\" src=\"http:\/\/club-arada.fr\/wp-content\/uploads\/2021\/12\/image-190.png\" alt=\"\" class=\"wp-image-304\" srcset=\"http:\/\/club-arada.fr\/wp-content\/uploads\/2021\/12\/image-190.png 945w, http:\/\/club-arada.fr\/wp-content\/uploads\/2021\/12\/image-190-300x225.png 300w, http:\/\/club-arada.fr\/wp-content\/uploads\/2021\/12\/image-190-768x576.png 768w\" sizes=\"(max-width: 945px) 100vw, 945px\" \/><\/figure>\n\n\n\n<figure class=\"wp-block-image size-full\"><img loading=\"lazy\" width=\"945\" height=\"626\" src=\"http:\/\/club-arada.fr\/wp-content\/uploads\/2021\/12\/image-191.png\" alt=\"\" class=\"wp-image-305\" srcset=\"http:\/\/club-arada.fr\/wp-content\/uploads\/2021\/12\/image-191.png 945w, http:\/\/club-arada.fr\/wp-content\/uploads\/2021\/12\/image-191-300x199.png 300w, http:\/\/club-arada.fr\/wp-content\/uploads\/2021\/12\/image-191-768x509.png 768w\" sizes=\"(max-width: 945px) 100vw, 945px\" \/><\/figure>\n\n\n\n<figure class=\"wp-block-image size-full\"><img loading=\"lazy\" width=\"520\" height=\"317\" src=\"http:\/\/club-arada.fr\/wp-content\/uploads\/2021\/12\/image-192.png\" alt=\"\" class=\"wp-image-306\" srcset=\"http:\/\/club-arada.fr\/wp-content\/uploads\/2021\/12\/image-192.png 520w, http:\/\/club-arada.fr\/wp-content\/uploads\/2021\/12\/image-192-300x183.png 300w\" sizes=\"(max-width: 520px) 100vw, 520px\" \/><\/figure>\n\n\n\n<figure class=\"wp-block-image size-full\"><img loading=\"lazy\" width=\"945\" height=\"709\" src=\"http:\/\/club-arada.fr\/wp-content\/uploads\/2021\/12\/image-193.png\" alt=\"\" class=\"wp-image-307\" srcset=\"http:\/\/club-arada.fr\/wp-content\/uploads\/2021\/12\/image-193.png 945w, http:\/\/club-arada.fr\/wp-content\/uploads\/2021\/12\/image-193-300x225.png 300w, http:\/\/club-arada.fr\/wp-content\/uploads\/2021\/12\/image-193-768x576.png 768w\" sizes=\"(max-width: 945px) 100vw, 945px\" \/><\/figure>\n\n\n\n<p><strong>Apr\u00e8s un bon repas retour vers la vall\u00e9e du Rh\u00f4ne,<br>et arriv\u00e9e au garage Renault Desruol de Charmes sur Rh\u00f4ne. Le patron des lieux nous a accompagn\u00e9 tout au long de cette journ\u00e9e au volant de son A310 4 cylindres.<\/strong><\/p>\n\n\n\n<figure class=\"wp-block-image size-full\"><img loading=\"lazy\" width=\"945\" height=\"626\" src=\"http:\/\/club-arada.fr\/wp-content\/uploads\/2021\/12\/image-194.png\" alt=\"\" class=\"wp-image-308\" srcset=\"http:\/\/club-arada.fr\/wp-content\/uploads\/2021\/12\/image-194.png 945w, http:\/\/club-arada.fr\/wp-content\/uploads\/2021\/12\/image-194-300x199.png 300w, http:\/\/club-arada.fr\/wp-content\/uploads\/2021\/12\/image-194-768x509.png 768w\" sizes=\"(max-width: 945px) 100vw, 945px\" \/><\/figure>\n\n\n\n<figure class=\"wp-block-image size-full\"><img loading=\"lazy\" width=\"945\" height=\"626\" src=\"http:\/\/club-arada.fr\/wp-content\/uploads\/2021\/12\/image-195.png\" alt=\"\" class=\"wp-image-309\" srcset=\"http:\/\/club-arada.fr\/wp-content\/uploads\/2021\/12\/image-195.png 945w, http:\/\/club-arada.fr\/wp-content\/uploads\/2021\/12\/image-195-300x199.png 300w, http:\/\/club-arada.fr\/wp-content\/uploads\/2021\/12\/image-195-768x509.png 768w\" sizes=\"(max-width: 945px) 100vw, 945px\" \/><\/figure>\n\n\n\n<figure class=\"wp-block-image size-full\"><img loading=\"lazy\" width=\"945\" height=\"709\" src=\"http:\/\/club-arada.fr\/wp-content\/uploads\/2021\/12\/image-196.png\" alt=\"\" class=\"wp-image-310\" srcset=\"http:\/\/club-arada.fr\/wp-content\/uploads\/2021\/12\/image-196.png 945w, http:\/\/club-arada.fr\/wp-content\/uploads\/2021\/12\/image-196-300x225.png 300w, http:\/\/club-arada.fr\/wp-content\/uploads\/2021\/12\/image-196-768x576.png 768w\" sizes=\"(max-width: 945px) 100vw, 945px\" \/><\/figure>\n","protected":false},"excerpt":{"rendered":"<p>Le dimanche 14 avril les membres du club se sont retrouv\u00e9 \u00e0 Tournon.Les \u00e9tablissements Andr\u00e9 nous ont chaleureusement ouvert leurs portes pour un\u00a0 caf\u00e9 accueil dans leur atelier. Suite de la ballade sur les&#46;&#46;&#46;<\/p>\n","protected":false},"author":1,"featured_media":0,"parent":0,"menu_order":0,"comment_status":"closed","ping_status":"closed","template":"","meta":[],"_links":{"self":[{"href":"http:\/\/club-arada.fr\/index.php\/wp-json\/wp\/v2\/pages\/282"}],"collection":[{"href":"http:\/\/club-arada.fr\/index.php\/wp-json\/wp\/v2\/pages"}],"about":[{"href":"http:\/\/club-arada.fr\/index.php\/wp-json\/wp\/v2\/types\/page"}],"author":[{"embeddable":true,"href":"http:\/\/club-arada.fr\/index.php\/wp-json\/wp\/v2\/users\/1"}],"replies":[{"embeddable":true,"href":"http:\/\/club-arada.fr\/index.php\/wp-json\/wp\/v2\/comments?post=282"}],"version-history":[{"count":1,"href":"http:\/\/club-arada.fr\/index.php\/wp-json\/wp\/v2\/pages\/282\/revisions"}],"predecessor-version":[{"id":311,"href":"http:\/\/club-arada.fr\/index.php\/wp-json\/wp\/v2\/pages\/282\/revisions\/311"}],"wp:attachment":[{"href":"http:\/\/club-arada.fr\/index.php\/wp-json\/wp\/v2\/media?parent=282"}],"curies":[{"name":"wp","href":"https:\/\/api.w.org\/{rel}","templated":true}]}}