{"id":243,"date":"2021-12-10T14:50:18","date_gmt":"2021-12-10T13:50:18","guid":{"rendered":"http:\/\/club-arada.fr\/?page_id=243"},"modified":"2021-12-10T14:50:19","modified_gmt":"2021-12-10T13:50:19","slug":"sortie-dautomne-2013","status":"publish","type":"page","link":"http:\/\/club-arada.fr\/index.php\/sortie-dautomne-2013\/","title":{"rendered":"Sortie d&rsquo;automne 2013"},"content":{"rendered":"\n<figure class=\"wp-block-image size-full\"><img loading=\"lazy\" width=\"316\" height=\"298\" src=\"http:\/\/club-arada.fr\/wp-content\/uploads\/2021\/12\/image-136.png\" alt=\"\" class=\"wp-image-244\" srcset=\"http:\/\/club-arada.fr\/wp-content\/uploads\/2021\/12\/image-136.png 316w, http:\/\/club-arada.fr\/wp-content\/uploads\/2021\/12\/image-136-300x283.png 300w\" sizes=\"(max-width: 316px) 100vw, 316px\" \/><\/figure>\n\n\n\n<figure class=\"wp-block-image size-full\"><img loading=\"lazy\" width=\"945\" height=\"709\" src=\"http:\/\/club-arada.fr\/wp-content\/uploads\/2021\/12\/image-137.png\" alt=\"\" class=\"wp-image-245\" srcset=\"http:\/\/club-arada.fr\/wp-content\/uploads\/2021\/12\/image-137.png 945w, http:\/\/club-arada.fr\/wp-content\/uploads\/2021\/12\/image-137-300x225.png 300w, http:\/\/club-arada.fr\/wp-content\/uploads\/2021\/12\/image-137-768x576.png 768w\" sizes=\"(max-width: 945px) 100vw, 945px\" \/><\/figure>\n\n\n\n<figure class=\"wp-block-image size-full\"><img loading=\"lazy\" width=\"230\" height=\"692\" src=\"http:\/\/club-arada.fr\/wp-content\/uploads\/2021\/12\/image-138.png\" alt=\"\" class=\"wp-image-246\" srcset=\"http:\/\/club-arada.fr\/wp-content\/uploads\/2021\/12\/image-138.png 230w, http:\/\/club-arada.fr\/wp-content\/uploads\/2021\/12\/image-138-100x300.png 100w\" sizes=\"(max-width: 230px) 100vw, 230px\" \/><\/figure>\n\n\n\n<p>Quelle meilleure illustration du changement dans la continuit\u00e9 que cette balade d\u2019automne organis\u00e9e par deux anciens membres du bureau&nbsp;: Dominique Gaudriault et Yves Dantier. 23 \u00e9quipages se sont retrouv\u00e9s chez Barrial pneus \u00e0 Valence Briffaut pour un petit d\u00e9jeuner somptueux pr\u00e9par\u00e9 par Dominique et son \u00e9pouse. C\u2019est le seul centre pneumatique o\u00f9 l\u2019on prend un plaisir infini d\u2019attendre dans l\u2019espace client qui est un vrai mus\u00e9e de passionn\u00e9 de l\u2019automobile et de la moto.<\/p>\n\n\n\n<p>De la m\u00e9gane R26 \u00e0 une A110 1300 G sans oublier l\u2019A110 de Dominique Gaudriault utilis\u00e9e par Jean Vinatier lors du dernier MCH ont pris la direction du sud de la Dr\u00f4me en direction du Vaucluse via Upie, Puy Saint Martin, La B\u00e9gude de Mazenc, un passage par la mythique mont\u00e9e du Colombier, Grignan, Suze la Rousse et Rochegude. Ce parcours a permis \u00e0 tous de prendre du plaisir sous un temps cl\u00e9ment et franchement ensoleill\u00e9 \u00e0 l\u2019approche de Mornas pour un d\u00e9jeuner au pied des falaises. Une visite du mus\u00e9e m\u00e9moire de la nationale 7 \u00e0 Piolenc a contribu\u00e9 \u00e0 une digestion tranquille avant de reprendre le chemin du retour en direction de Chabeuil. Un verre de l\u2019amiti\u00e9 nous attendait chez Street Graph. Yan Thivend, le g\u00e9rant, nous expliquant que les locaux de son activit\u00e9 abritaient l\u2019ancienne concession Alpine de Chabeuil.<\/p>\n\n\n\n<p>Diff\u00e9rent troph\u00e9e ont \u00e9t\u00e9 remis aux participants, notamment pour les bonnes r\u00e9ponses au quiz m\u00e9langeant l\u2019histoire d\u2019Alpine, membre du club, histoire des lieux travers\u00e9s\u2026&nbsp; Tout le monde a salu\u00e9 la qualit\u00e9 du road book et du parcours qui a permis \u00e0 tous de se faire plaisirs, de profiter des paysages somptueux de la Dr\u00f4me proven\u00e7ale et terminer ensemble cette superbe journ\u00e9e.<\/p>\n\n\n\n<p>Accueil chez Barrial pneus<\/p>\n\n\n\n<figure class=\"wp-block-image size-full\"><img loading=\"lazy\" width=\"945\" height=\"709\" src=\"http:\/\/club-arada.fr\/wp-content\/uploads\/2021\/12\/image-139.png\" alt=\"\" class=\"wp-image-247\" srcset=\"http:\/\/club-arada.fr\/wp-content\/uploads\/2021\/12\/image-139.png 945w, http:\/\/club-arada.fr\/wp-content\/uploads\/2021\/12\/image-139-300x225.png 300w, http:\/\/club-arada.fr\/wp-content\/uploads\/2021\/12\/image-139-768x576.png 768w\" sizes=\"(max-width: 945px) 100vw, 945px\" \/><\/figure>\n\n\n\n<figure class=\"wp-block-image size-full\"><img loading=\"lazy\" width=\"945\" height=\"709\" src=\"http:\/\/club-arada.fr\/wp-content\/uploads\/2021\/12\/image-140.png\" alt=\"\" class=\"wp-image-248\" srcset=\"http:\/\/club-arada.fr\/wp-content\/uploads\/2021\/12\/image-140.png 945w, http:\/\/club-arada.fr\/wp-content\/uploads\/2021\/12\/image-140-300x225.png 300w, http:\/\/club-arada.fr\/wp-content\/uploads\/2021\/12\/image-140-768x576.png 768w\" sizes=\"(max-width: 945px) 100vw, 945px\" \/><\/figure>\n\n\n\n<figure class=\"wp-block-image size-full\"><img loading=\"lazy\" width=\"945\" height=\"709\" src=\"http:\/\/club-arada.fr\/wp-content\/uploads\/2021\/12\/image-141.png\" alt=\"\" class=\"wp-image-249\" srcset=\"http:\/\/club-arada.fr\/wp-content\/uploads\/2021\/12\/image-141.png 945w, http:\/\/club-arada.fr\/wp-content\/uploads\/2021\/12\/image-141-300x225.png 300w, http:\/\/club-arada.fr\/wp-content\/uploads\/2021\/12\/image-141-768x576.png 768w\" sizes=\"(max-width: 945px) 100vw, 945px\" \/><\/figure>\n\n\n\n<figure class=\"wp-block-image size-full\"><img loading=\"lazy\" width=\"945\" height=\"709\" src=\"http:\/\/club-arada.fr\/wp-content\/uploads\/2021\/12\/image-142.png\" alt=\"\" class=\"wp-image-250\" srcset=\"http:\/\/club-arada.fr\/wp-content\/uploads\/2021\/12\/image-142.png 945w, http:\/\/club-arada.fr\/wp-content\/uploads\/2021\/12\/image-142-300x225.png 300w, http:\/\/club-arada.fr\/wp-content\/uploads\/2021\/12\/image-142-768x576.png 768w\" sizes=\"(max-width: 945px) 100vw, 945px\" \/><\/figure>\n\n\n\n<figure class=\"wp-block-image size-full\"><img loading=\"lazy\" width=\"945\" height=\"709\" src=\"http:\/\/club-arada.fr\/wp-content\/uploads\/2021\/12\/image-143.png\" alt=\"\" class=\"wp-image-251\" srcset=\"http:\/\/club-arada.fr\/wp-content\/uploads\/2021\/12\/image-143.png 945w, http:\/\/club-arada.fr\/wp-content\/uploads\/2021\/12\/image-143-300x225.png 300w, http:\/\/club-arada.fr\/wp-content\/uploads\/2021\/12\/image-143-768x576.png 768w\" sizes=\"(max-width: 945px) 100vw, 945px\" \/><\/figure>\n\n\n\n<figure class=\"wp-block-image size-full\"><img loading=\"lazy\" width=\"945\" height=\"626\" src=\"http:\/\/club-arada.fr\/wp-content\/uploads\/2021\/12\/image-144.png\" alt=\"\" class=\"wp-image-252\" srcset=\"http:\/\/club-arada.fr\/wp-content\/uploads\/2021\/12\/image-144.png 945w, http:\/\/club-arada.fr\/wp-content\/uploads\/2021\/12\/image-144-300x199.png 300w, http:\/\/club-arada.fr\/wp-content\/uploads\/2021\/12\/image-144-768x509.png 768w\" sizes=\"(max-width: 945px) 100vw, 945px\" \/><\/figure>\n\n\n\n<p>Puis d\u00e9part direction Upie, Puy st Martin, la Begude de Mazenc, le Colombier bien connu pour ses mont\u00e9es, Grignan, Suze la Rousse,&nbsp; Rochegude, Mornas<\/p>\n\n\n\n<figure class=\"wp-block-image size-full\"><img loading=\"lazy\" width=\"945\" height=\"709\" src=\"http:\/\/club-arada.fr\/wp-content\/uploads\/2021\/12\/image-145.png\" alt=\"\" class=\"wp-image-253\" srcset=\"http:\/\/club-arada.fr\/wp-content\/uploads\/2021\/12\/image-145.png 945w, http:\/\/club-arada.fr\/wp-content\/uploads\/2021\/12\/image-145-300x225.png 300w, http:\/\/club-arada.fr\/wp-content\/uploads\/2021\/12\/image-145-768x576.png 768w\" sizes=\"(max-width: 945px) 100vw, 945px\" \/><\/figure>\n\n\n\n<figure class=\"wp-block-image size-full\"><img loading=\"lazy\" width=\"945\" height=\"709\" src=\"http:\/\/club-arada.fr\/wp-content\/uploads\/2021\/12\/image-146.png\" alt=\"\" class=\"wp-image-254\" srcset=\"http:\/\/club-arada.fr\/wp-content\/uploads\/2021\/12\/image-146.png 945w, http:\/\/club-arada.fr\/wp-content\/uploads\/2021\/12\/image-146-300x225.png 300w, http:\/\/club-arada.fr\/wp-content\/uploads\/2021\/12\/image-146-768x576.png 768w\" sizes=\"(max-width: 945px) 100vw, 945px\" \/><\/figure>\n\n\n\n<figure class=\"wp-block-image size-full\"><img loading=\"lazy\" width=\"945\" height=\"709\" src=\"http:\/\/club-arada.fr\/wp-content\/uploads\/2021\/12\/image-147.png\" alt=\"\" class=\"wp-image-255\" srcset=\"http:\/\/club-arada.fr\/wp-content\/uploads\/2021\/12\/image-147.png 945w, http:\/\/club-arada.fr\/wp-content\/uploads\/2021\/12\/image-147-300x225.png 300w, http:\/\/club-arada.fr\/wp-content\/uploads\/2021\/12\/image-147-768x576.png 768w\" sizes=\"(max-width: 945px) 100vw, 945px\" \/><\/figure>\n\n\n\n<figure class=\"wp-block-image size-full\"><img loading=\"lazy\" width=\"945\" height=\"709\" src=\"http:\/\/club-arada.fr\/wp-content\/uploads\/2021\/12\/image-148.png\" alt=\"\" class=\"wp-image-256\" srcset=\"http:\/\/club-arada.fr\/wp-content\/uploads\/2021\/12\/image-148.png 945w, http:\/\/club-arada.fr\/wp-content\/uploads\/2021\/12\/image-148-300x225.png 300w, http:\/\/club-arada.fr\/wp-content\/uploads\/2021\/12\/image-148-768x576.png 768w\" sizes=\"(max-width: 945px) 100vw, 945px\" \/><\/figure>\n\n\n\n<figure class=\"wp-block-image size-full\"><img loading=\"lazy\" width=\"945\" height=\"709\" src=\"http:\/\/club-arada.fr\/wp-content\/uploads\/2021\/12\/image-149.png\" alt=\"\" class=\"wp-image-257\" srcset=\"http:\/\/club-arada.fr\/wp-content\/uploads\/2021\/12\/image-149.png 945w, http:\/\/club-arada.fr\/wp-content\/uploads\/2021\/12\/image-149-300x225.png 300w, http:\/\/club-arada.fr\/wp-content\/uploads\/2021\/12\/image-149-768x576.png 768w\" sizes=\"(max-width: 945px) 100vw, 945px\" \/><\/figure>\n\n\n\n<figure class=\"wp-block-image size-full\"><img loading=\"lazy\" width=\"945\" height=\"709\" src=\"http:\/\/club-arada.fr\/wp-content\/uploads\/2021\/12\/image-150.png\" alt=\"\" class=\"wp-image-258\" srcset=\"http:\/\/club-arada.fr\/wp-content\/uploads\/2021\/12\/image-150.png 945w, http:\/\/club-arada.fr\/wp-content\/uploads\/2021\/12\/image-150-300x225.png 300w, http:\/\/club-arada.fr\/wp-content\/uploads\/2021\/12\/image-150-768x576.png 768w\" sizes=\"(max-width: 945px) 100vw, 945px\" \/><\/figure>\n\n\n\n<figure class=\"wp-block-image size-full\"><img loading=\"lazy\" width=\"945\" height=\"709\" src=\"http:\/\/club-arada.fr\/wp-content\/uploads\/2021\/12\/image-151.png\" alt=\"\" class=\"wp-image-259\" srcset=\"http:\/\/club-arada.fr\/wp-content\/uploads\/2021\/12\/image-151.png 945w, http:\/\/club-arada.fr\/wp-content\/uploads\/2021\/12\/image-151-300x225.png 300w, http:\/\/club-arada.fr\/wp-content\/uploads\/2021\/12\/image-151-768x576.png 768w\" sizes=\"(max-width: 945px) 100vw, 945px\" \/><\/figure>\n\n\n\n<figure class=\"wp-block-image size-full\"><img loading=\"lazy\" width=\"945\" height=\"709\" src=\"http:\/\/club-arada.fr\/wp-content\/uploads\/2021\/12\/image-152.png\" alt=\"\" class=\"wp-image-260\" srcset=\"http:\/\/club-arada.fr\/wp-content\/uploads\/2021\/12\/image-152.png 945w, http:\/\/club-arada.fr\/wp-content\/uploads\/2021\/12\/image-152-300x225.png 300w, http:\/\/club-arada.fr\/wp-content\/uploads\/2021\/12\/image-152-768x576.png 768w\" sizes=\"(max-width: 945px) 100vw, 945px\" \/><\/figure>\n\n\n\n<figure class=\"wp-block-image size-full\"><img loading=\"lazy\" width=\"945\" height=\"709\" src=\"http:\/\/club-arada.fr\/wp-content\/uploads\/2021\/12\/image-153.png\" alt=\"\" class=\"wp-image-261\" srcset=\"http:\/\/club-arada.fr\/wp-content\/uploads\/2021\/12\/image-153.png 945w, http:\/\/club-arada.fr\/wp-content\/uploads\/2021\/12\/image-153-300x225.png 300w, http:\/\/club-arada.fr\/wp-content\/uploads\/2021\/12\/image-153-768x576.png 768w\" sizes=\"(max-width: 945px) 100vw, 945px\" \/><\/figure>\n\n\n\n<figure class=\"wp-block-image size-full\"><img loading=\"lazy\" width=\"945\" height=\"709\" src=\"http:\/\/club-arada.fr\/wp-content\/uploads\/2021\/12\/image-154.png\" alt=\"\" class=\"wp-image-262\" srcset=\"http:\/\/club-arada.fr\/wp-content\/uploads\/2021\/12\/image-154.png 945w, http:\/\/club-arada.fr\/wp-content\/uploads\/2021\/12\/image-154-300x225.png 300w, http:\/\/club-arada.fr\/wp-content\/uploads\/2021\/12\/image-154-768x576.png 768w\" sizes=\"(max-width: 945px) 100vw, 945px\" \/><\/figure>\n\n\n\n<figure class=\"wp-block-image size-full\"><img loading=\"lazy\" width=\"945\" height=\"709\" src=\"http:\/\/club-arada.fr\/wp-content\/uploads\/2021\/12\/image-155.png\" alt=\"\" class=\"wp-image-263\" srcset=\"http:\/\/club-arada.fr\/wp-content\/uploads\/2021\/12\/image-155.png 945w, http:\/\/club-arada.fr\/wp-content\/uploads\/2021\/12\/image-155-300x225.png 300w, http:\/\/club-arada.fr\/wp-content\/uploads\/2021\/12\/image-155-768x576.png 768w\" sizes=\"(max-width: 945px) 100vw, 945px\" \/><\/figure>\n\n\n\n<figure class=\"wp-block-image size-full\"><img loading=\"lazy\" width=\"945\" height=\"709\" src=\"http:\/\/club-arada.fr\/wp-content\/uploads\/2021\/12\/image-156.png\" alt=\"\" class=\"wp-image-264\" srcset=\"http:\/\/club-arada.fr\/wp-content\/uploads\/2021\/12\/image-156.png 945w, http:\/\/club-arada.fr\/wp-content\/uploads\/2021\/12\/image-156-300x225.png 300w, http:\/\/club-arada.fr\/wp-content\/uploads\/2021\/12\/image-156-768x576.png 768w\" sizes=\"(max-width: 945px) 100vw, 945px\" \/><\/figure>\n\n\n\n<figure class=\"wp-block-image size-full\"><img loading=\"lazy\" width=\"945\" height=\"709\" src=\"http:\/\/club-arada.fr\/wp-content\/uploads\/2021\/12\/image-157.png\" alt=\"\" class=\"wp-image-265\" srcset=\"http:\/\/club-arada.fr\/wp-content\/uploads\/2021\/12\/image-157.png 945w, http:\/\/club-arada.fr\/wp-content\/uploads\/2021\/12\/image-157-300x225.png 300w, http:\/\/club-arada.fr\/wp-content\/uploads\/2021\/12\/image-157-768x576.png 768w\" sizes=\"(max-width: 945px) 100vw, 945px\" \/><\/figure>\n\n\n\n<figure class=\"wp-block-image size-full\"><img loading=\"lazy\" width=\"945\" height=\"709\" src=\"http:\/\/club-arada.fr\/wp-content\/uploads\/2021\/12\/image-158.png\" alt=\"\" class=\"wp-image-266\" srcset=\"http:\/\/club-arada.fr\/wp-content\/uploads\/2021\/12\/image-158.png 945w, http:\/\/club-arada.fr\/wp-content\/uploads\/2021\/12\/image-158-300x225.png 300w, http:\/\/club-arada.fr\/wp-content\/uploads\/2021\/12\/image-158-768x576.png 768w\" sizes=\"(max-width: 945px) 100vw, 945px\" \/><\/figure>\n\n\n\n<figure class=\"wp-block-image size-full\"><img loading=\"lazy\" width=\"945\" height=\"709\" src=\"http:\/\/club-arada.fr\/wp-content\/uploads\/2021\/12\/image-159.png\" alt=\"\" class=\"wp-image-267\" srcset=\"http:\/\/club-arada.fr\/wp-content\/uploads\/2021\/12\/image-159.png 945w, http:\/\/club-arada.fr\/wp-content\/uploads\/2021\/12\/image-159-300x225.png 300w, http:\/\/club-arada.fr\/wp-content\/uploads\/2021\/12\/image-159-768x576.png 768w\" sizes=\"(max-width: 945px) 100vw, 945px\" \/><\/figure>\n\n\n\n<p>Puis d\u00e9part direction Upie, Puy st Martin, la Begude de Mazenc, le Colombier bien connu pour ses mont\u00e9es, Grignan, Suze la Rousse,&nbsp; Rochegude, Mornas<\/p>\n\n\n\n<figure class=\"wp-block-image size-full\"><img loading=\"lazy\" width=\"945\" height=\"709\" src=\"http:\/\/club-arada.fr\/wp-content\/uploads\/2021\/12\/image-160.png\" alt=\"\" class=\"wp-image-268\" srcset=\"http:\/\/club-arada.fr\/wp-content\/uploads\/2021\/12\/image-160.png 945w, http:\/\/club-arada.fr\/wp-content\/uploads\/2021\/12\/image-160-300x225.png 300w, http:\/\/club-arada.fr\/wp-content\/uploads\/2021\/12\/image-160-768x576.png 768w\" sizes=\"(max-width: 945px) 100vw, 945px\" \/><\/figure>\n\n\n\n<figure class=\"wp-block-image size-full\"><img loading=\"lazy\" width=\"945\" height=\"709\" src=\"http:\/\/club-arada.fr\/wp-content\/uploads\/2021\/12\/image-161.png\" alt=\"\" class=\"wp-image-269\" srcset=\"http:\/\/club-arada.fr\/wp-content\/uploads\/2021\/12\/image-161.png 945w, http:\/\/club-arada.fr\/wp-content\/uploads\/2021\/12\/image-161-300x225.png 300w, http:\/\/club-arada.fr\/wp-content\/uploads\/2021\/12\/image-161-768x576.png 768w\" sizes=\"(max-width: 945px) 100vw, 945px\" \/><\/figure>\n\n\n\n<figure class=\"wp-block-image size-large\"><img loading=\"lazy\" width=\"768\" height=\"1024\" src=\"http:\/\/club-arada.fr\/wp-content\/uploads\/2021\/12\/image-162-768x1024.png\" alt=\"\" class=\"wp-image-270\" srcset=\"http:\/\/club-arada.fr\/wp-content\/uploads\/2021\/12\/image-162-768x1024.png 768w, http:\/\/club-arada.fr\/wp-content\/uploads\/2021\/12\/image-162-225x300.png 225w, http:\/\/club-arada.fr\/wp-content\/uploads\/2021\/12\/image-162.png 900w\" sizes=\"(max-width: 768px) 100vw, 768px\" \/><\/figure>\n\n\n\n<figure class=\"wp-block-image size-large\"><img loading=\"lazy\" width=\"768\" height=\"1024\" src=\"http:\/\/club-arada.fr\/wp-content\/uploads\/2021\/12\/image-163-768x1024.png\" alt=\"\" class=\"wp-image-271\" srcset=\"http:\/\/club-arada.fr\/wp-content\/uploads\/2021\/12\/image-163-768x1024.png 768w, http:\/\/club-arada.fr\/wp-content\/uploads\/2021\/12\/image-163-225x300.png 225w, http:\/\/club-arada.fr\/wp-content\/uploads\/2021\/12\/image-163.png 900w\" sizes=\"(max-width: 768px) 100vw, 768px\" \/><\/figure>\n\n\n\n<figure class=\"wp-block-image size-full\"><img loading=\"lazy\" width=\"945\" height=\"709\" src=\"http:\/\/club-arada.fr\/wp-content\/uploads\/2021\/12\/image-164.png\" alt=\"\" class=\"wp-image-272\" srcset=\"http:\/\/club-arada.fr\/wp-content\/uploads\/2021\/12\/image-164.png 945w, http:\/\/club-arada.fr\/wp-content\/uploads\/2021\/12\/image-164-300x225.png 300w, http:\/\/club-arada.fr\/wp-content\/uploads\/2021\/12\/image-164-768x576.png 768w\" sizes=\"(max-width: 945px) 100vw, 945px\" \/><\/figure>\n\n\n\n<figure class=\"wp-block-image size-full\"><img loading=\"lazy\" width=\"945\" height=\"709\" src=\"http:\/\/club-arada.fr\/wp-content\/uploads\/2021\/12\/image-165.png\" alt=\"\" class=\"wp-image-273\" srcset=\"http:\/\/club-arada.fr\/wp-content\/uploads\/2021\/12\/image-165.png 945w, http:\/\/club-arada.fr\/wp-content\/uploads\/2021\/12\/image-165-300x225.png 300w, http:\/\/club-arada.fr\/wp-content\/uploads\/2021\/12\/image-165-768x576.png 768w\" sizes=\"(max-width: 945px) 100vw, 945px\" \/><\/figure>\n\n\n\n<figure class=\"wp-block-image size-large\"><img loading=\"lazy\" width=\"768\" height=\"1024\" src=\"http:\/\/club-arada.fr\/wp-content\/uploads\/2021\/12\/image-166-768x1024.png\" alt=\"\" class=\"wp-image-274\" srcset=\"http:\/\/club-arada.fr\/wp-content\/uploads\/2021\/12\/image-166-768x1024.png 768w, http:\/\/club-arada.fr\/wp-content\/uploads\/2021\/12\/image-166-225x300.png 225w, http:\/\/club-arada.fr\/wp-content\/uploads\/2021\/12\/image-166.png 900w\" sizes=\"(max-width: 768px) 100vw, 768px\" \/><\/figure>\n\n\n\n<figure class=\"wp-block-image size-full\"><img loading=\"lazy\" width=\"945\" height=\"709\" src=\"http:\/\/club-arada.fr\/wp-content\/uploads\/2021\/12\/image-167.png\" alt=\"\" class=\"wp-image-275\" srcset=\"http:\/\/club-arada.fr\/wp-content\/uploads\/2021\/12\/image-167.png 945w, http:\/\/club-arada.fr\/wp-content\/uploads\/2021\/12\/image-167-300x225.png 300w, http:\/\/club-arada.fr\/wp-content\/uploads\/2021\/12\/image-167-768x576.png 768w\" sizes=\"(max-width: 945px) 100vw, 945px\" \/><\/figure>\n\n\n\n<p>Arriv\u00e9e chez Street Graph \u00e0 Chabeuil (dans les locaux d\u2019un ancien garage alpine) pour le pot de fin de balade.<br>Merci \u00e0 Yan pour nous avoir ouvert son local en cette fin d\u2019apr\u00e8s midi de dimanche.<\/p>\n\n\n\n<figure class=\"wp-block-image size-full\"><img loading=\"lazy\" width=\"945\" height=\"709\" src=\"http:\/\/club-arada.fr\/wp-content\/uploads\/2021\/12\/image-168.png\" alt=\"\" class=\"wp-image-276\" srcset=\"http:\/\/club-arada.fr\/wp-content\/uploads\/2021\/12\/image-168.png 945w, http:\/\/club-arada.fr\/wp-content\/uploads\/2021\/12\/image-168-300x225.png 300w, http:\/\/club-arada.fr\/wp-content\/uploads\/2021\/12\/image-168-768x576.png 768w\" sizes=\"(max-width: 945px) 100vw, 945px\" \/><\/figure>\n","protected":false},"excerpt":{"rendered":"<p>Quelle meilleure illustration du changement dans la continuit\u00e9 que cette balade d\u2019automne organis\u00e9e par deux anciens membres du bureau&nbsp;: Dominique Gaudriault et Yves Dantier. 23 \u00e9quipages se sont retrouv\u00e9s chez Barrial pneus \u00e0 Valence&#46;&#46;&#46;<\/p>\n","protected":false},"author":1,"featured_media":0,"parent":0,"menu_order":0,"comment_status":"closed","ping_status":"closed","template":"","meta":[],"_links":{"self":[{"href":"http:\/\/club-arada.fr\/index.php\/wp-json\/wp\/v2\/pages\/243"}],"collection":[{"href":"http:\/\/club-arada.fr\/index.php\/wp-json\/wp\/v2\/pages"}],"about":[{"href":"http:\/\/club-arada.fr\/index.php\/wp-json\/wp\/v2\/types\/page"}],"author":[{"embeddable":true,"href":"http:\/\/club-arada.fr\/index.php\/wp-json\/wp\/v2\/users\/1"}],"replies":[{"embeddable":true,"href":"http:\/\/club-arada.fr\/index.php\/wp-json\/wp\/v2\/comments?post=243"}],"version-history":[{"count":1,"href":"http:\/\/club-arada.fr\/index.php\/wp-json\/wp\/v2\/pages\/243\/revisions"}],"predecessor-version":[{"id":277,"href":"http:\/\/club-arada.fr\/index.php\/wp-json\/wp\/v2\/pages\/243\/revisions\/277"}],"wp:attachment":[{"href":"http:\/\/club-arada.fr\/index.php\/wp-json\/wp\/v2\/media?parent=243"}],"curies":[{"name":"wp","href":"https:\/\/api.w.org\/{rel}","templated":true}]}}