{"id":236,"date":"2021-12-10T14:46:02","date_gmt":"2021-12-10T13:46:02","guid":{"rendered":"http:\/\/club-arada.fr\/?page_id=236"},"modified":"2021-12-10T14:47:23","modified_gmt":"2021-12-10T13:47:23","slug":"hostun-2013","status":"publish","type":"page","link":"http:\/\/club-arada.fr\/index.php\/hostun-2013\/","title":{"rendered":"Hostun 2013"},"content":{"rendered":"\n<p><strong>Le 28 juillet des membres de L\u2019Arada ont r\u00e9pondu pr\u00e9sent \u00e0 l\u2019inviation du comit\u00e9 des f\u00eates de Hostun<\/strong><\/p>\n\n\n\n<p>Rassemblement le matin chez un membre<\/p>\n\n\n\n<figure class=\"wp-block-image size-full\"><img loading=\"lazy\" width=\"945\" height=\"709\" src=\"http:\/\/club-arada.fr\/wp-content\/uploads\/2021\/12\/image-131.png\" alt=\"\" class=\"wp-image-237\" srcset=\"http:\/\/club-arada.fr\/wp-content\/uploads\/2021\/12\/image-131.png 945w, http:\/\/club-arada.fr\/wp-content\/uploads\/2021\/12\/image-131-300x225.png 300w, http:\/\/club-arada.fr\/wp-content\/uploads\/2021\/12\/image-131-768x576.png 768w\" sizes=\"(max-width: 945px) 100vw, 945px\" \/><\/figure>\n\n\n\n<figure class=\"wp-block-image size-full\"><img loading=\"lazy\" width=\"945\" height=\"709\" src=\"http:\/\/club-arada.fr\/wp-content\/uploads\/2021\/12\/image-132.png\" alt=\"\" class=\"wp-image-238\" srcset=\"http:\/\/club-arada.fr\/wp-content\/uploads\/2021\/12\/image-132.png 945w, http:\/\/club-arada.fr\/wp-content\/uploads\/2021\/12\/image-132-300x225.png 300w, http:\/\/club-arada.fr\/wp-content\/uploads\/2021\/12\/image-132-768x576.png 768w\" sizes=\"(max-width: 945px) 100vw, 945px\" \/><\/figure>\n\n\n\n<p>Petite ballade avant de se rendre au lieu d\u2019exposition<\/p>\n\n\n\n<figure class=\"wp-block-image size-full\"><img loading=\"lazy\" width=\"945\" height=\"709\" src=\"http:\/\/club-arada.fr\/wp-content\/uploads\/2021\/12\/image-133.png\" alt=\"\" class=\"wp-image-239\" srcset=\"http:\/\/club-arada.fr\/wp-content\/uploads\/2021\/12\/image-133.png 945w, http:\/\/club-arada.fr\/wp-content\/uploads\/2021\/12\/image-133-300x225.png 300w, http:\/\/club-arada.fr\/wp-content\/uploads\/2021\/12\/image-133-768x576.png 768w\" sizes=\"(max-width: 945px) 100vw, 945px\" \/><\/figure>\n\n\n\n<p>Rencontre avec une estafette<\/p>\n\n\n\n<figure class=\"wp-block-image size-full\"><img loading=\"lazy\" width=\"945\" height=\"709\" src=\"http:\/\/club-arada.fr\/wp-content\/uploads\/2021\/12\/image-134.png\" alt=\"\" class=\"wp-image-240\" srcset=\"http:\/\/club-arada.fr\/wp-content\/uploads\/2021\/12\/image-134.png 945w, http:\/\/club-arada.fr\/wp-content\/uploads\/2021\/12\/image-134-300x225.png 300w, http:\/\/club-arada.fr\/wp-content\/uploads\/2021\/12\/image-134-768x576.png 768w\" sizes=\"(max-width: 945px) 100vw, 945px\" \/><\/figure>\n\n\n\n<p>Arriv\u00e9 au village de Hostun et parade dans les rues.<\/p>\n\n\n\n<figure class=\"wp-block-image size-full\"><img loading=\"lazy\" width=\"945\" height=\"709\" src=\"http:\/\/club-arada.fr\/wp-content\/uploads\/2021\/12\/image-135.png\" alt=\"\" class=\"wp-image-241\" srcset=\"http:\/\/club-arada.fr\/wp-content\/uploads\/2021\/12\/image-135.png 945w, http:\/\/club-arada.fr\/wp-content\/uploads\/2021\/12\/image-135-300x225.png 300w, http:\/\/club-arada.fr\/wp-content\/uploads\/2021\/12\/image-135-768x576.png 768w\" sizes=\"(max-width: 945px) 100vw, 945px\" \/><\/figure>\n","protected":false},"excerpt":{"rendered":"<p>Le 28 juillet des membres de L\u2019Arada ont r\u00e9pondu pr\u00e9sent \u00e0 l\u2019inviation du comit\u00e9 des f\u00eates de Hostun Rassemblement le matin chez un membre Petite ballade avant de se rendre au lieu d\u2019exposition Rencontre&#46;&#46;&#46;<\/p>\n","protected":false},"author":1,"featured_media":0,"parent":0,"menu_order":0,"comment_status":"closed","ping_status":"closed","template":"","meta":[],"_links":{"self":[{"href":"http:\/\/club-arada.fr\/index.php\/wp-json\/wp\/v2\/pages\/236"}],"collection":[{"href":"http:\/\/club-arada.fr\/index.php\/wp-json\/wp\/v2\/pages"}],"about":[{"href":"http:\/\/club-arada.fr\/index.php\/wp-json\/wp\/v2\/types\/page"}],"author":[{"embeddable":true,"href":"http:\/\/club-arada.fr\/index.php\/wp-json\/wp\/v2\/users\/1"}],"replies":[{"embeddable":true,"href":"http:\/\/club-arada.fr\/index.php\/wp-json\/wp\/v2\/comments?post=236"}],"version-history":[{"count":1,"href":"http:\/\/club-arada.fr\/index.php\/wp-json\/wp\/v2\/pages\/236\/revisions"}],"predecessor-version":[{"id":242,"href":"http:\/\/club-arada.fr\/index.php\/wp-json\/wp\/v2\/pages\/236\/revisions\/242"}],"wp:attachment":[{"href":"http:\/\/club-arada.fr\/index.php\/wp-json\/wp\/v2\/media?parent=236"}],"curies":[{"name":"wp","href":"https:\/\/api.w.org\/{rel}","templated":true}]}}