{"id":185,"date":"2021-12-10T14:31:01","date_gmt":"2021-12-10T13:31:01","guid":{"rendered":"http:\/\/club-arada.fr\/?page_id=185"},"modified":"2021-12-10T14:31:02","modified_gmt":"2021-12-10T13:31:02","slug":"sortie-en-ardeche-du-14-avril","status":"publish","type":"page","link":"http:\/\/club-arada.fr\/index.php\/sortie-en-ardeche-du-14-avril\/","title":{"rendered":"Sortie en Ard\u00e8che du 14 avril"},"content":{"rendered":"\n<p>27 \u00e9quipages se sont retrouv\u00e9s le dimanche 14 avril \u00e0 Baix .<\/p>\n\n\n\n<figure class=\"wp-block-image size-full\"><img loading=\"lazy\" width=\"945\" height=\"709\" src=\"http:\/\/club-arada.fr\/wp-content\/uploads\/2021\/12\/image-92.png\" alt=\"\" class=\"wp-image-186\" srcset=\"http:\/\/club-arada.fr\/wp-content\/uploads\/2021\/12\/image-92.png 945w, http:\/\/club-arada.fr\/wp-content\/uploads\/2021\/12\/image-92-300x225.png 300w, http:\/\/club-arada.fr\/wp-content\/uploads\/2021\/12\/image-92-768x576.png 768w\" sizes=\"(max-width: 945px) 100vw, 945px\" \/><\/figure>\n\n\n\n<figure class=\"wp-block-image size-full\"><img loading=\"lazy\" width=\"945\" height=\"709\" src=\"http:\/\/club-arada.fr\/wp-content\/uploads\/2021\/12\/image-93.png\" alt=\"\" class=\"wp-image-187\" srcset=\"http:\/\/club-arada.fr\/wp-content\/uploads\/2021\/12\/image-93.png 945w, http:\/\/club-arada.fr\/wp-content\/uploads\/2021\/12\/image-93-300x225.png 300w, http:\/\/club-arada.fr\/wp-content\/uploads\/2021\/12\/image-93-768x576.png 768w\" sizes=\"(max-width: 945px) 100vw, 945px\" \/><\/figure>\n\n\n\n<p>Apr\u00e8s un petit d\u00e9jeuner pris au restaurant \u00ab\u00a0des quatre vents\u00a0\u00bb les voitures ont pris la direction des gorges de l\u2019ard\u00e8che.<\/p>\n\n\n\n<figure class=\"wp-block-image size-full\"><img loading=\"lazy\" width=\"945\" height=\"709\" src=\"http:\/\/club-arada.fr\/wp-content\/uploads\/2021\/12\/image-94.png\" alt=\"\" class=\"wp-image-188\" srcset=\"http:\/\/club-arada.fr\/wp-content\/uploads\/2021\/12\/image-94.png 945w, http:\/\/club-arada.fr\/wp-content\/uploads\/2021\/12\/image-94-300x225.png 300w, http:\/\/club-arada.fr\/wp-content\/uploads\/2021\/12\/image-94-768x576.png 768w\" sizes=\"(max-width: 945px) 100vw, 945px\" \/><\/figure>\n\n\n\n<figure class=\"wp-block-image size-full\"><img loading=\"lazy\" width=\"945\" height=\"709\" src=\"http:\/\/club-arada.fr\/wp-content\/uploads\/2021\/12\/image-95.png\" alt=\"\" class=\"wp-image-189\" srcset=\"http:\/\/club-arada.fr\/wp-content\/uploads\/2021\/12\/image-95.png 945w, http:\/\/club-arada.fr\/wp-content\/uploads\/2021\/12\/image-95-300x225.png 300w, http:\/\/club-arada.fr\/wp-content\/uploads\/2021\/12\/image-95-768x576.png 768w\" sizes=\"(max-width: 945px) 100vw, 945px\" \/><\/figure>\n\n\n\n<figure class=\"wp-block-image size-full\"><img loading=\"lazy\" width=\"945\" height=\"709\" src=\"http:\/\/club-arada.fr\/wp-content\/uploads\/2021\/12\/image-96.png\" alt=\"\" class=\"wp-image-190\" srcset=\"http:\/\/club-arada.fr\/wp-content\/uploads\/2021\/12\/image-96.png 945w, http:\/\/club-arada.fr\/wp-content\/uploads\/2021\/12\/image-96-300x225.png 300w, http:\/\/club-arada.fr\/wp-content\/uploads\/2021\/12\/image-96-768x576.png 768w\" sizes=\"(max-width: 945px) 100vw, 945px\" \/><\/figure>\n\n\n\n<figure class=\"wp-block-image size-full\"><img loading=\"lazy\" width=\"945\" height=\"709\" src=\"http:\/\/club-arada.fr\/wp-content\/uploads\/2021\/12\/image-97.png\" alt=\"\" class=\"wp-image-191\" srcset=\"http:\/\/club-arada.fr\/wp-content\/uploads\/2021\/12\/image-97.png 945w, http:\/\/club-arada.fr\/wp-content\/uploads\/2021\/12\/image-97-300x225.png 300w, http:\/\/club-arada.fr\/wp-content\/uploads\/2021\/12\/image-97-768x576.png 768w\" sizes=\"(max-width: 945px) 100vw, 945px\" \/><\/figure>\n\n\n\n<figure class=\"wp-block-image size-full\"><img loading=\"lazy\" width=\"945\" height=\"709\" src=\"http:\/\/club-arada.fr\/wp-content\/uploads\/2021\/12\/image-98.png\" alt=\"\" class=\"wp-image-192\" srcset=\"http:\/\/club-arada.fr\/wp-content\/uploads\/2021\/12\/image-98.png 945w, http:\/\/club-arada.fr\/wp-content\/uploads\/2021\/12\/image-98-300x225.png 300w, http:\/\/club-arada.fr\/wp-content\/uploads\/2021\/12\/image-98-768x576.png 768w\" sizes=\"(max-width: 945px) 100vw, 945px\" \/><\/figure>\n\n\n\n<figure class=\"wp-block-image size-full\"><img loading=\"lazy\" width=\"945\" height=\"709\" src=\"http:\/\/club-arada.fr\/wp-content\/uploads\/2021\/12\/image-99.png\" alt=\"\" class=\"wp-image-193\" srcset=\"http:\/\/club-arada.fr\/wp-content\/uploads\/2021\/12\/image-99.png 945w, http:\/\/club-arada.fr\/wp-content\/uploads\/2021\/12\/image-99-300x225.png 300w, http:\/\/club-arada.fr\/wp-content\/uploads\/2021\/12\/image-99-768x576.png 768w\" sizes=\"(max-width: 945px) 100vw, 945px\" \/><\/figure>\n\n\n\n<figure class=\"wp-block-image size-full\"><img loading=\"lazy\" width=\"945\" height=\"709\" src=\"http:\/\/club-arada.fr\/wp-content\/uploads\/2021\/12\/image-100.png\" alt=\"\" class=\"wp-image-194\" srcset=\"http:\/\/club-arada.fr\/wp-content\/uploads\/2021\/12\/image-100.png 945w, http:\/\/club-arada.fr\/wp-content\/uploads\/2021\/12\/image-100-300x225.png 300w, http:\/\/club-arada.fr\/wp-content\/uploads\/2021\/12\/image-100-768x576.png 768w\" sizes=\"(max-width: 945px) 100vw, 945px\" \/><\/figure>\n\n\n\n<p>Arr\u00eat pour le repas de midi au restaurant du domaine de Cros de l\u2019Auzon \u00e0 Vog\u00fce. Une table \u00ab\u00a0trois bandes blanches\u00a0\u00bb au guide Arada.<\/p>\n\n\n\n<p>Visite du ch\u00e2teau de Vog\u00fce<\/p>\n\n\n\n<p>Arr\u00eat \u00e0 la tour de Mirabel<\/p>\n\n\n\n<figure class=\"wp-block-image size-full\"><img loading=\"lazy\" width=\"945\" height=\"709\" src=\"http:\/\/club-arada.fr\/wp-content\/uploads\/2021\/12\/image-101.png\" alt=\"\" class=\"wp-image-195\" srcset=\"http:\/\/club-arada.fr\/wp-content\/uploads\/2021\/12\/image-101.png 945w, http:\/\/club-arada.fr\/wp-content\/uploads\/2021\/12\/image-101-300x225.png 300w, http:\/\/club-arada.fr\/wp-content\/uploads\/2021\/12\/image-101-768x576.png 768w\" sizes=\"(max-width: 945px) 100vw, 945px\" \/><\/figure>\n\n\n\n<figure class=\"wp-block-image size-full\"><img loading=\"lazy\" width=\"945\" height=\"709\" src=\"http:\/\/club-arada.fr\/wp-content\/uploads\/2021\/12\/image-102.png\" alt=\"\" class=\"wp-image-196\" srcset=\"http:\/\/club-arada.fr\/wp-content\/uploads\/2021\/12\/image-102.png 945w, http:\/\/club-arada.fr\/wp-content\/uploads\/2021\/12\/image-102-300x225.png 300w, http:\/\/club-arada.fr\/wp-content\/uploads\/2021\/12\/image-102-768x576.png 768w\" sizes=\"(max-width: 945px) 100vw, 945px\" \/><\/figure>\n\n\n\n<p><strong>Accueil pour la remise des prix au garage Renault Valence<\/strong>.<\/p>\n","protected":false},"excerpt":{"rendered":"<p>27 \u00e9quipages se sont retrouv\u00e9s le dimanche 14 avril \u00e0 Baix . Apr\u00e8s un petit d\u00e9jeuner pris au restaurant \u00ab\u00a0des quatre vents\u00a0\u00bb les voitures ont pris la direction des gorges de l\u2019ard\u00e8che. Arr\u00eat pour&#46;&#46;&#46;<\/p>\n","protected":false},"author":1,"featured_media":0,"parent":0,"menu_order":0,"comment_status":"closed","ping_status":"closed","template":"","meta":[],"_links":{"self":[{"href":"http:\/\/club-arada.fr\/index.php\/wp-json\/wp\/v2\/pages\/185"}],"collection":[{"href":"http:\/\/club-arada.fr\/index.php\/wp-json\/wp\/v2\/pages"}],"about":[{"href":"http:\/\/club-arada.fr\/index.php\/wp-json\/wp\/v2\/types\/page"}],"author":[{"embeddable":true,"href":"http:\/\/club-arada.fr\/index.php\/wp-json\/wp\/v2\/users\/1"}],"replies":[{"embeddable":true,"href":"http:\/\/club-arada.fr\/index.php\/wp-json\/wp\/v2\/comments?post=185"}],"version-history":[{"count":1,"href":"http:\/\/club-arada.fr\/index.php\/wp-json\/wp\/v2\/pages\/185\/revisions"}],"predecessor-version":[{"id":198,"href":"http:\/\/club-arada.fr\/index.php\/wp-json\/wp\/v2\/pages\/185\/revisions\/198"}],"wp:attachment":[{"href":"http:\/\/club-arada.fr\/index.php\/wp-json\/wp\/v2\/media?parent=185"}],"curies":[{"name":"wp","href":"https:\/\/api.w.org\/{rel}","templated":true}]}}