{"id":166,"date":"2021-12-10T14:28:00","date_gmt":"2021-12-10T13:28:00","guid":{"rendered":"http:\/\/club-arada.fr\/?page_id=166"},"modified":"2021-12-10T14:28:00","modified_gmt":"2021-12-10T13:28:00","slug":"3eme-ronde-des-collines","status":"publish","type":"page","link":"http:\/\/club-arada.fr\/index.php\/3eme-ronde-des-collines\/","title":{"rendered":"3\u00e8me ronde des collines"},"content":{"rendered":"\n<figure class=\"wp-block-image size-full\"><img loading=\"lazy\" width=\"700\" height=\"353\" src=\"http:\/\/club-arada.fr\/wp-content\/uploads\/2021\/12\/image-75.png\" alt=\"\" class=\"wp-image-167\" srcset=\"http:\/\/club-arada.fr\/wp-content\/uploads\/2021\/12\/image-75.png 700w, http:\/\/club-arada.fr\/wp-content\/uploads\/2021\/12\/image-75-300x151.png 300w\" sizes=\"(max-width: 700px) 100vw, 700px\" \/><\/figure>\n\n\n\n<figure class=\"wp-block-image size-full\"><img loading=\"lazy\" width=\"700\" height=\"505\" src=\"http:\/\/club-arada.fr\/wp-content\/uploads\/2021\/12\/image-76.png\" alt=\"\" class=\"wp-image-168\" srcset=\"http:\/\/club-arada.fr\/wp-content\/uploads\/2021\/12\/image-76.png 700w, http:\/\/club-arada.fr\/wp-content\/uploads\/2021\/12\/image-76-300x216.png 300w\" sizes=\"(max-width: 700px) 100vw, 700px\" \/><\/figure>\n\n\n\n<p>Le dimanche 14 octobre 2012 31 voitures se sont retrouv\u00e9es au Cabaret Neuf pour un petit d\u00e9jeuner d\u2019accueil pr\u00e9par\u00e9 par le r\u00e9gal fermier.<\/p>\n\n\n\n<figure class=\"wp-block-image size-full\"><img loading=\"lazy\" width=\"945\" height=\"709\" src=\"http:\/\/club-arada.fr\/wp-content\/uploads\/2021\/12\/image-77.png\" alt=\"\" class=\"wp-image-169\" srcset=\"http:\/\/club-arada.fr\/wp-content\/uploads\/2021\/12\/image-77.png 945w, http:\/\/club-arada.fr\/wp-content\/uploads\/2021\/12\/image-77-300x225.png 300w, http:\/\/club-arada.fr\/wp-content\/uploads\/2021\/12\/image-77-768x576.png 768w\" sizes=\"(max-width: 945px) 100vw, 945px\" \/><\/figure>\n\n\n\n<figure class=\"wp-block-image size-full\"><img loading=\"lazy\" width=\"945\" height=\"709\" src=\"http:\/\/club-arada.fr\/wp-content\/uploads\/2021\/12\/image-78.png\" alt=\"\" class=\"wp-image-170\" srcset=\"http:\/\/club-arada.fr\/wp-content\/uploads\/2021\/12\/image-78.png 945w, http:\/\/club-arada.fr\/wp-content\/uploads\/2021\/12\/image-78-300x225.png 300w, http:\/\/club-arada.fr\/wp-content\/uploads\/2021\/12\/image-78-768x576.png 768w\" sizes=\"(max-width: 945px) 100vw, 945px\" \/><\/figure>\n\n\n\n<figure class=\"wp-block-image size-full\"><img loading=\"lazy\" width=\"945\" height=\"709\" src=\"http:\/\/club-arada.fr\/wp-content\/uploads\/2021\/12\/image-79.png\" alt=\"\" class=\"wp-image-171\" srcset=\"http:\/\/club-arada.fr\/wp-content\/uploads\/2021\/12\/image-79.png 945w, http:\/\/club-arada.fr\/wp-content\/uploads\/2021\/12\/image-79-300x225.png 300w, http:\/\/club-arada.fr\/wp-content\/uploads\/2021\/12\/image-79-768x576.png 768w\" sizes=\"(max-width: 945px) 100vw, 945px\" \/><\/figure>\n\n\n\n<figure class=\"wp-block-image size-full\"><img loading=\"lazy\" width=\"945\" height=\"709\" src=\"http:\/\/club-arada.fr\/wp-content\/uploads\/2021\/12\/image-80.png\" alt=\"\" class=\"wp-image-172\" srcset=\"http:\/\/club-arada.fr\/wp-content\/uploads\/2021\/12\/image-80.png 945w, http:\/\/club-arada.fr\/wp-content\/uploads\/2021\/12\/image-80-300x225.png 300w, http:\/\/club-arada.fr\/wp-content\/uploads\/2021\/12\/image-80-768x576.png 768w\" sizes=\"(max-width: 945px) 100vw, 945px\" \/><\/figure>\n\n\n\n<p>Les organisateurs de la journ\u00e9e Laurent, Jean Michel et Andr\u00e9 nous ont propos\u00e9 deux parcours au choix; un long et un cours.<\/p>\n\n\n\n<figure class=\"wp-block-image size-full\"><img loading=\"lazy\" width=\"945\" height=\"709\" src=\"http:\/\/club-arada.fr\/wp-content\/uploads\/2021\/12\/image-81.png\" alt=\"\" class=\"wp-image-173\" srcset=\"http:\/\/club-arada.fr\/wp-content\/uploads\/2021\/12\/image-81.png 945w, http:\/\/club-arada.fr\/wp-content\/uploads\/2021\/12\/image-81-300x225.png 300w, http:\/\/club-arada.fr\/wp-content\/uploads\/2021\/12\/image-81-768x576.png 768w\" sizes=\"(max-width: 945px) 100vw, 945px\" \/><\/figure>\n\n\n\n<figure class=\"wp-block-image size-full\"><img loading=\"lazy\" width=\"945\" height=\"709\" src=\"http:\/\/club-arada.fr\/wp-content\/uploads\/2021\/12\/image-82.png\" alt=\"\" class=\"wp-image-174\" srcset=\"http:\/\/club-arada.fr\/wp-content\/uploads\/2021\/12\/image-82.png 945w, http:\/\/club-arada.fr\/wp-content\/uploads\/2021\/12\/image-82-300x225.png 300w, http:\/\/club-arada.fr\/wp-content\/uploads\/2021\/12\/image-82-768x576.png 768w\" sizes=\"(max-width: 945px) 100vw, 945px\" \/><\/figure>\n\n\n\n<figure class=\"wp-block-image size-full\"><img loading=\"lazy\" width=\"945\" height=\"709\" src=\"http:\/\/club-arada.fr\/wp-content\/uploads\/2021\/12\/image-83.png\" alt=\"\" class=\"wp-image-175\" srcset=\"http:\/\/club-arada.fr\/wp-content\/uploads\/2021\/12\/image-83.png 945w, http:\/\/club-arada.fr\/wp-content\/uploads\/2021\/12\/image-83-300x225.png 300w, http:\/\/club-arada.fr\/wp-content\/uploads\/2021\/12\/image-83-768x576.png 768w\" sizes=\"(max-width: 945px) 100vw, 945px\" \/><\/figure>\n\n\n\n<figure class=\"wp-block-image size-full\"><img loading=\"lazy\" width=\"945\" height=\"709\" src=\"http:\/\/club-arada.fr\/wp-content\/uploads\/2021\/12\/image-84.png\" alt=\"\" class=\"wp-image-176\" srcset=\"http:\/\/club-arada.fr\/wp-content\/uploads\/2021\/12\/image-84.png 945w, http:\/\/club-arada.fr\/wp-content\/uploads\/2021\/12\/image-84-300x225.png 300w, http:\/\/club-arada.fr\/wp-content\/uploads\/2021\/12\/image-84-768x576.png 768w\" sizes=\"(max-width: 945px) 100vw, 945px\" \/><\/figure>\n\n\n\n<figure class=\"wp-block-image size-full\"><img loading=\"lazy\" width=\"945\" height=\"709\" src=\"http:\/\/club-arada.fr\/wp-content\/uploads\/2021\/12\/image-85.png\" alt=\"\" class=\"wp-image-177\" srcset=\"http:\/\/club-arada.fr\/wp-content\/uploads\/2021\/12\/image-85.png 945w, http:\/\/club-arada.fr\/wp-content\/uploads\/2021\/12\/image-85-300x225.png 300w, http:\/\/club-arada.fr\/wp-content\/uploads\/2021\/12\/image-85-768x576.png 768w\" sizes=\"(max-width: 945px) 100vw, 945px\" \/><\/figure>\n\n\n\n<figure class=\"wp-block-image size-full\"><img loading=\"lazy\" width=\"945\" height=\"709\" src=\"http:\/\/club-arada.fr\/wp-content\/uploads\/2021\/12\/image-86.png\" alt=\"\" class=\"wp-image-178\" srcset=\"http:\/\/club-arada.fr\/wp-content\/uploads\/2021\/12\/image-86.png 945w, http:\/\/club-arada.fr\/wp-content\/uploads\/2021\/12\/image-86-300x225.png 300w, http:\/\/club-arada.fr\/wp-content\/uploads\/2021\/12\/image-86-768x576.png 768w\" sizes=\"(max-width: 945px) 100vw, 945px\" \/><\/figure>\n\n\n\n<figure class=\"wp-block-image size-full\"><img loading=\"lazy\" width=\"945\" height=\"709\" src=\"http:\/\/club-arada.fr\/wp-content\/uploads\/2021\/12\/image-87.png\" alt=\"\" class=\"wp-image-179\" srcset=\"http:\/\/club-arada.fr\/wp-content\/uploads\/2021\/12\/image-87.png 945w, http:\/\/club-arada.fr\/wp-content\/uploads\/2021\/12\/image-87-300x225.png 300w, http:\/\/club-arada.fr\/wp-content\/uploads\/2021\/12\/image-87-768x576.png 768w\" sizes=\"(max-width: 945px) 100vw, 945px\" \/><\/figure>\n\n\n\n<p>Arr\u00eat pour le repas de midi au restaurant de Saint Christophe et le Laris<\/p>\n\n\n\n<figure class=\"wp-block-image size-full\"><img loading=\"lazy\" width=\"945\" height=\"709\" src=\"http:\/\/club-arada.fr\/wp-content\/uploads\/2021\/12\/image-88.png\" alt=\"\" class=\"wp-image-180\" srcset=\"http:\/\/club-arada.fr\/wp-content\/uploads\/2021\/12\/image-88.png 945w, http:\/\/club-arada.fr\/wp-content\/uploads\/2021\/12\/image-88-300x225.png 300w, http:\/\/club-arada.fr\/wp-content\/uploads\/2021\/12\/image-88-768x576.png 768w\" sizes=\"(max-width: 945px) 100vw, 945px\" \/><\/figure>\n\n\n\n<figure class=\"wp-block-image size-full\"><img loading=\"lazy\" width=\"945\" height=\"709\" src=\"http:\/\/club-arada.fr\/wp-content\/uploads\/2021\/12\/image-89.png\" alt=\"\" class=\"wp-image-181\" srcset=\"http:\/\/club-arada.fr\/wp-content\/uploads\/2021\/12\/image-89.png 945w, http:\/\/club-arada.fr\/wp-content\/uploads\/2021\/12\/image-89-300x225.png 300w, http:\/\/club-arada.fr\/wp-content\/uploads\/2021\/12\/image-89-768x576.png 768w\" sizes=\"(max-width: 945px) 100vw, 945px\" \/><\/figure>\n\n\n\n<figure class=\"wp-block-image size-full\"><img loading=\"lazy\" width=\"945\" height=\"709\" src=\"http:\/\/club-arada.fr\/wp-content\/uploads\/2021\/12\/image-90.png\" alt=\"\" class=\"wp-image-182\" srcset=\"http:\/\/club-arada.fr\/wp-content\/uploads\/2021\/12\/image-90.png 945w, http:\/\/club-arada.fr\/wp-content\/uploads\/2021\/12\/image-90-300x225.png 300w, http:\/\/club-arada.fr\/wp-content\/uploads\/2021\/12\/image-90-768x576.png 768w\" sizes=\"(max-width: 945px) 100vw, 945px\" \/><\/figure>\n\n\n\n<figure class=\"wp-block-image size-full\"><img loading=\"lazy\" width=\"700\" height=\"353\" src=\"http:\/\/club-arada.fr\/wp-content\/uploads\/2021\/12\/image-91.png\" alt=\"\" class=\"wp-image-183\" srcset=\"http:\/\/club-arada.fr\/wp-content\/uploads\/2021\/12\/image-91.png 700w, http:\/\/club-arada.fr\/wp-content\/uploads\/2021\/12\/image-91-300x151.png 300w\" sizes=\"(max-width: 700px) 100vw, 700px\" \/><\/figure>\n","protected":false},"excerpt":{"rendered":"<p>Le dimanche 14 octobre 2012 31 voitures se sont retrouv\u00e9es au Cabaret Neuf pour un petit d\u00e9jeuner d\u2019accueil pr\u00e9par\u00e9 par le r\u00e9gal fermier. Les organisateurs de la journ\u00e9e Laurent, Jean Michel et Andr\u00e9 nous&#46;&#46;&#46;<\/p>\n","protected":false},"author":1,"featured_media":0,"parent":0,"menu_order":0,"comment_status":"closed","ping_status":"closed","template":"","meta":[],"_links":{"self":[{"href":"http:\/\/club-arada.fr\/index.php\/wp-json\/wp\/v2\/pages\/166"}],"collection":[{"href":"http:\/\/club-arada.fr\/index.php\/wp-json\/wp\/v2\/pages"}],"about":[{"href":"http:\/\/club-arada.fr\/index.php\/wp-json\/wp\/v2\/types\/page"}],"author":[{"embeddable":true,"href":"http:\/\/club-arada.fr\/index.php\/wp-json\/wp\/v2\/users\/1"}],"replies":[{"embeddable":true,"href":"http:\/\/club-arada.fr\/index.php\/wp-json\/wp\/v2\/comments?post=166"}],"version-history":[{"count":1,"href":"http:\/\/club-arada.fr\/index.php\/wp-json\/wp\/v2\/pages\/166\/revisions"}],"predecessor-version":[{"id":184,"href":"http:\/\/club-arada.fr\/index.php\/wp-json\/wp\/v2\/pages\/166\/revisions\/184"}],"wp:attachment":[{"href":"http:\/\/club-arada.fr\/index.php\/wp-json\/wp\/v2\/media?parent=166"}],"curies":[{"name":"wp","href":"https:\/\/api.w.org\/{rel}","templated":true}]}}