{"id":1512,"date":"2021-12-13T11:29:29","date_gmt":"2021-12-13T10:29:29","guid":{"rendered":"http:\/\/club-arada.fr\/?page_id=1512"},"modified":"2021-12-13T11:29:29","modified_gmt":"2021-12-13T10:29:29","slug":"barquette-sib-1972","status":"publish","type":"page","link":"http:\/\/club-arada.fr\/index.php\/barquette-sib-1972\/","title":{"rendered":"Barquette SIB 1972"},"content":{"rendered":"\n<p>La SIB est un barquette de comp\u00e9tition qui \u00e9tait fabriqu\u00e9e au d\u00e9but des ann\u00e9es 70 par 3 passionn\u00e9s r\u00e9sident \u00e0 Ste Tulle dans le 04 \u00e0 cot\u00e9 de Manosque.<\/p>\n\n\n\n<p>Elles se sont surtout distingu\u00e9es en course de cote dans le sud de la FRANCE.<\/p>\n\n\n\n<p>Les&nbsp;SIB utilisaient la totalit\u00e9 de la&nbsp;m\u00e9canique de R8 Gordini.<\/p>\n\n\n\n<p>Elles ont \u00e9galement \u00e9t\u00e9 construites avec des m\u00e9caniques Simca et s appelaient alors SIMKIT.<\/p>\n\n\n\n<p>Ce mod\u00e8le est munie d une plaque sur le longeron arri\u00e8re gauche portant l inscription : SIB N\u00b02 1972.<\/p>\n\n\n\n<figure class=\"wp-block-image size-full\"><img loading=\"lazy\" width=\"945\" height=\"709\" src=\"http:\/\/club-arada.fr\/wp-content\/uploads\/2021\/12\/image-1167.png\" alt=\"\" class=\"wp-image-1513\" srcset=\"http:\/\/club-arada.fr\/wp-content\/uploads\/2021\/12\/image-1167.png 945w, http:\/\/club-arada.fr\/wp-content\/uploads\/2021\/12\/image-1167-300x225.png 300w, http:\/\/club-arada.fr\/wp-content\/uploads\/2021\/12\/image-1167-768x576.png 768w\" sizes=\"(max-width: 945px) 100vw, 945px\" \/><\/figure>\n\n\n\n<figure class=\"wp-block-image size-full\"><img loading=\"lazy\" width=\"750\" height=\"1000\" src=\"http:\/\/club-arada.fr\/wp-content\/uploads\/2021\/12\/image-1168.png\" alt=\"\" class=\"wp-image-1514\" srcset=\"http:\/\/club-arada.fr\/wp-content\/uploads\/2021\/12\/image-1168.png 750w, http:\/\/club-arada.fr\/wp-content\/uploads\/2021\/12\/image-1168-225x300.png 225w\" sizes=\"(max-width: 750px) 100vw, 750px\" \/><\/figure>\n\n\n\n<figure class=\"wp-block-image\"><img\/><\/figure>\n\n\n\n<figure class=\"wp-block-image size-full\"><img loading=\"lazy\" width=\"945\" height=\"709\" src=\"http:\/\/club-arada.fr\/wp-content\/uploads\/2021\/12\/image-1169.png\" alt=\"\" class=\"wp-image-1515\" srcset=\"http:\/\/club-arada.fr\/wp-content\/uploads\/2021\/12\/image-1169.png 945w, http:\/\/club-arada.fr\/wp-content\/uploads\/2021\/12\/image-1169-300x225.png 300w, http:\/\/club-arada.fr\/wp-content\/uploads\/2021\/12\/image-1169-768x576.png 768w\" sizes=\"(max-width: 945px) 100vw, 945px\" \/><\/figure>\n\n\n\n<figure class=\"wp-block-image size-full\"><img loading=\"lazy\" width=\"945\" height=\"709\" src=\"http:\/\/club-arada.fr\/wp-content\/uploads\/2021\/12\/image-1170.png\" alt=\"\" class=\"wp-image-1516\" srcset=\"http:\/\/club-arada.fr\/wp-content\/uploads\/2021\/12\/image-1170.png 945w, http:\/\/club-arada.fr\/wp-content\/uploads\/2021\/12\/image-1170-300x225.png 300w, http:\/\/club-arada.fr\/wp-content\/uploads\/2021\/12\/image-1170-768x576.png 768w\" sizes=\"(max-width: 945px) 100vw, 945px\" \/><\/figure>\n\n\n\n<figure class=\"wp-block-image size-full\"><img loading=\"lazy\" width=\"945\" height=\"709\" src=\"http:\/\/club-arada.fr\/wp-content\/uploads\/2021\/12\/image-1171.png\" alt=\"\" class=\"wp-image-1517\" srcset=\"http:\/\/club-arada.fr\/wp-content\/uploads\/2021\/12\/image-1171.png 945w, http:\/\/club-arada.fr\/wp-content\/uploads\/2021\/12\/image-1171-300x225.png 300w, http:\/\/club-arada.fr\/wp-content\/uploads\/2021\/12\/image-1171-768x576.png 768w\" sizes=\"(max-width: 945px) 100vw, 945px\" \/><\/figure>\n\n\n\n<figure class=\"wp-block-image size-full\"><img loading=\"lazy\" width=\"945\" height=\"709\" src=\"http:\/\/club-arada.fr\/wp-content\/uploads\/2021\/12\/image-1172.png\" alt=\"\" class=\"wp-image-1518\" srcset=\"http:\/\/club-arada.fr\/wp-content\/uploads\/2021\/12\/image-1172.png 945w, http:\/\/club-arada.fr\/wp-content\/uploads\/2021\/12\/image-1172-300x225.png 300w, http:\/\/club-arada.fr\/wp-content\/uploads\/2021\/12\/image-1172-768x576.png 768w\" sizes=\"(max-width: 945px) 100vw, 945px\" \/><\/figure>\n\n\n\n<figure class=\"wp-block-image size-full\"><img loading=\"lazy\" width=\"945\" height=\"709\" src=\"http:\/\/club-arada.fr\/wp-content\/uploads\/2021\/12\/image-1173.png\" alt=\"\" class=\"wp-image-1519\" srcset=\"http:\/\/club-arada.fr\/wp-content\/uploads\/2021\/12\/image-1173.png 945w, http:\/\/club-arada.fr\/wp-content\/uploads\/2021\/12\/image-1173-300x225.png 300w, http:\/\/club-arada.fr\/wp-content\/uploads\/2021\/12\/image-1173-768x576.png 768w\" sizes=\"(max-width: 945px) 100vw, 945px\" \/><\/figure>\n\n\n\n<figure class=\"wp-block-image size-full\"><img loading=\"lazy\" width=\"945\" height=\"709\" src=\"http:\/\/club-arada.fr\/wp-content\/uploads\/2021\/12\/image-1174.png\" alt=\"\" class=\"wp-image-1520\" srcset=\"http:\/\/club-arada.fr\/wp-content\/uploads\/2021\/12\/image-1174.png 945w, http:\/\/club-arada.fr\/wp-content\/uploads\/2021\/12\/image-1174-300x225.png 300w, http:\/\/club-arada.fr\/wp-content\/uploads\/2021\/12\/image-1174-768x576.png 768w\" sizes=\"(max-width: 945px) 100vw, 945px\" \/><\/figure>\n\n\n\n<figure class=\"wp-block-image size-full\"><img loading=\"lazy\" width=\"945\" height=\"709\" src=\"http:\/\/club-arada.fr\/wp-content\/uploads\/2021\/12\/image-1175.png\" alt=\"\" class=\"wp-image-1521\" srcset=\"http:\/\/club-arada.fr\/wp-content\/uploads\/2021\/12\/image-1175.png 945w, http:\/\/club-arada.fr\/wp-content\/uploads\/2021\/12\/image-1175-300x225.png 300w, http:\/\/club-arada.fr\/wp-content\/uploads\/2021\/12\/image-1175-768x576.png 768w\" sizes=\"(max-width: 945px) 100vw, 945px\" \/><\/figure>\n\n\n\n<figure class=\"wp-block-image size-full\"><img loading=\"lazy\" width=\"945\" height=\"709\" src=\"http:\/\/club-arada.fr\/wp-content\/uploads\/2021\/12\/image-1176.png\" alt=\"\" class=\"wp-image-1522\" srcset=\"http:\/\/club-arada.fr\/wp-content\/uploads\/2021\/12\/image-1176.png 945w, http:\/\/club-arada.fr\/wp-content\/uploads\/2021\/12\/image-1176-300x225.png 300w, http:\/\/club-arada.fr\/wp-content\/uploads\/2021\/12\/image-1176-768x576.png 768w\" sizes=\"(max-width: 945px) 100vw, 945px\" \/><\/figure>\n\n\n\n<figure class=\"wp-block-image size-full\"><img loading=\"lazy\" width=\"945\" height=\"709\" src=\"http:\/\/club-arada.fr\/wp-content\/uploads\/2021\/12\/image-1177.png\" alt=\"\" class=\"wp-image-1523\" srcset=\"http:\/\/club-arada.fr\/wp-content\/uploads\/2021\/12\/image-1177.png 945w, http:\/\/club-arada.fr\/wp-content\/uploads\/2021\/12\/image-1177-300x225.png 300w, http:\/\/club-arada.fr\/wp-content\/uploads\/2021\/12\/image-1177-768x576.png 768w\" sizes=\"(max-width: 945px) 100vw, 945px\" \/><\/figure>\n","protected":false},"excerpt":{"rendered":"<p>La SIB est un barquette de comp\u00e9tition qui \u00e9tait fabriqu\u00e9e au d\u00e9but des ann\u00e9es 70 par 3 passionn\u00e9s r\u00e9sident \u00e0 Ste Tulle dans le 04 \u00e0 cot\u00e9 de Manosque. Elles se sont surtout distingu\u00e9es&#46;&#46;&#46;<\/p>\n","protected":false},"author":1,"featured_media":0,"parent":0,"menu_order":0,"comment_status":"closed","ping_status":"closed","template":"","meta":[],"_links":{"self":[{"href":"http:\/\/club-arada.fr\/index.php\/wp-json\/wp\/v2\/pages\/1512"}],"collection":[{"href":"http:\/\/club-arada.fr\/index.php\/wp-json\/wp\/v2\/pages"}],"about":[{"href":"http:\/\/club-arada.fr\/index.php\/wp-json\/wp\/v2\/types\/page"}],"author":[{"embeddable":true,"href":"http:\/\/club-arada.fr\/index.php\/wp-json\/wp\/v2\/users\/1"}],"replies":[{"embeddable":true,"href":"http:\/\/club-arada.fr\/index.php\/wp-json\/wp\/v2\/comments?post=1512"}],"version-history":[{"count":1,"href":"http:\/\/club-arada.fr\/index.php\/wp-json\/wp\/v2\/pages\/1512\/revisions"}],"predecessor-version":[{"id":1524,"href":"http:\/\/club-arada.fr\/index.php\/wp-json\/wp\/v2\/pages\/1512\/revisions\/1524"}],"wp:attachment":[{"href":"http:\/\/club-arada.fr\/index.php\/wp-json\/wp\/v2\/media?parent=1512"}],"curies":[{"name":"wp","href":"https:\/\/api.w.org\/{rel}","templated":true}]}}