{"id":1506,"date":"2021-12-13T11:26:41","date_gmt":"2021-12-13T10:26:41","guid":{"rendered":"http:\/\/club-arada.fr\/?page_id=1506"},"modified":"2021-12-13T11:26:42","modified_gmt":"2021-12-13T10:26:42","slug":"r8-major","status":"publish","type":"page","link":"http:\/\/club-arada.fr\/index.php\/r8-major\/","title":{"rendered":"R8 \u2013 major"},"content":{"rendered":"\n<p>En 1968 la renault 8 major (type R1132) disparue deux ans plus t\u00f4t revient au catalogue. Le moteur est toujours un 6cv de 1100cm<sup>3&nbsp;,<\/sup>la boite est \u00e0 quatre vitesses&nbsp;et les quatre freins sont&nbsp;\u00e0 disques.<br>Cette R8 major est \u00e9quip\u00e9e d\u2019un nouveau tableau de bord en faux bois avec compteurs circulaires, elle n\u2019est plus \u00e9quip\u00e9e des baguettes lat\u00e9rales.<\/p>\n\n\n\n<p><strong>Renault 8 major 1969<br><\/strong><br>Cette voiture est un v\u00e9hicule de famille. Elle \u00e0 \u00e9t\u00e9 restaur\u00e9e par un jeune professionnel en 2007.<\/p>\n","protected":false},"excerpt":{"rendered":"<p>En 1968 la renault 8 major (type R1132) disparue deux ans plus t\u00f4t revient au catalogue. Le moteur est toujours un 6cv de 1100cm3&nbsp;,la boite est \u00e0 quatre vitesses&nbsp;et les quatre freins sont&nbsp;\u00e0 disques.Cette&#46;&#46;&#46;<\/p>\n","protected":false},"author":1,"featured_media":0,"parent":0,"menu_order":0,"comment_status":"closed","ping_status":"closed","template":"","meta":[],"_links":{"self":[{"href":"http:\/\/club-arada.fr\/index.php\/wp-json\/wp\/v2\/pages\/1506"}],"collection":[{"href":"http:\/\/club-arada.fr\/index.php\/wp-json\/wp\/v2\/pages"}],"about":[{"href":"http:\/\/club-arada.fr\/index.php\/wp-json\/wp\/v2\/types\/page"}],"author":[{"embeddable":true,"href":"http:\/\/club-arada.fr\/index.php\/wp-json\/wp\/v2\/users\/1"}],"replies":[{"embeddable":true,"href":"http:\/\/club-arada.fr\/index.php\/wp-json\/wp\/v2\/comments?post=1506"}],"version-history":[{"count":1,"href":"http:\/\/club-arada.fr\/index.php\/wp-json\/wp\/v2\/pages\/1506\/revisions"}],"predecessor-version":[{"id":1507,"href":"http:\/\/club-arada.fr\/index.php\/wp-json\/wp\/v2\/pages\/1506\/revisions\/1507"}],"wp:attachment":[{"href":"http:\/\/club-arada.fr\/index.php\/wp-json\/wp\/v2\/media?parent=1506"}],"curies":[{"name":"wp","href":"https:\/\/api.w.org\/{rel}","templated":true}]}}