{"id":1370,"date":"2021-12-13T10:58:09","date_gmt":"2021-12-13T09:58:09","guid":{"rendered":"http:\/\/club-arada.fr\/?page_id=1370"},"modified":"2021-12-13T10:58:10","modified_gmt":"2021-12-13T09:58:10","slug":"a-110-v85-2","status":"publish","type":"page","link":"http:\/\/club-arada.fr\/index.php\/a-110-v85-2\/","title":{"rendered":"A 110 V85"},"content":{"rendered":"\n<p>A110 V85 de 1975, la carrosserie a \u00e9t\u00e9 modifi\u00e9e dans le style groupe 4<\/p>\n\n\n\n<figure class=\"wp-block-image size-full\"><img loading=\"lazy\" width=\"945\" height=\"708\" src=\"http:\/\/club-arada.fr\/wp-content\/uploads\/2021\/12\/image-1109.png\" alt=\"\" class=\"wp-image-1371\" srcset=\"http:\/\/club-arada.fr\/wp-content\/uploads\/2021\/12\/image-1109.png 945w, http:\/\/club-arada.fr\/wp-content\/uploads\/2021\/12\/image-1109-300x225.png 300w, http:\/\/club-arada.fr\/wp-content\/uploads\/2021\/12\/image-1109-768x575.png 768w\" sizes=\"(max-width: 945px) 100vw, 945px\" \/><\/figure>\n","protected":false},"excerpt":{"rendered":"<p>A110 V85 de 1975, la carrosserie a \u00e9t\u00e9 modifi\u00e9e dans le style groupe 4<\/p>\n","protected":false},"author":1,"featured_media":0,"parent":0,"menu_order":0,"comment_status":"closed","ping_status":"closed","template":"","meta":[],"_links":{"self":[{"href":"http:\/\/club-arada.fr\/index.php\/wp-json\/wp\/v2\/pages\/1370"}],"collection":[{"href":"http:\/\/club-arada.fr\/index.php\/wp-json\/wp\/v2\/pages"}],"about":[{"href":"http:\/\/club-arada.fr\/index.php\/wp-json\/wp\/v2\/types\/page"}],"author":[{"embeddable":true,"href":"http:\/\/club-arada.fr\/index.php\/wp-json\/wp\/v2\/users\/1"}],"replies":[{"embeddable":true,"href":"http:\/\/club-arada.fr\/index.php\/wp-json\/wp\/v2\/comments?post=1370"}],"version-history":[{"count":1,"href":"http:\/\/club-arada.fr\/index.php\/wp-json\/wp\/v2\/pages\/1370\/revisions"}],"predecessor-version":[{"id":1372,"href":"http:\/\/club-arada.fr\/index.php\/wp-json\/wp\/v2\/pages\/1370\/revisions\/1372"}],"wp:attachment":[{"href":"http:\/\/club-arada.fr\/index.php\/wp-json\/wp\/v2\/media?parent=1370"}],"curies":[{"name":"wp","href":"https:\/\/api.w.org\/{rel}","templated":true}]}}