{"id":1219,"date":"2021-12-13T10:40:14","date_gmt":"2021-12-13T09:40:14","guid":{"rendered":"http:\/\/club-arada.fr\/?page_id=1219"},"modified":"2021-12-13T10:40:14","modified_gmt":"2021-12-13T09:40:14","slug":"christian-meyer","status":"publish","type":"page","link":"http:\/\/club-arada.fr\/index.php\/christian-meyer\/","title":{"rendered":"Christian Meyer"},"content":{"rendered":"\n<p>Christian a particip\u00e9 d\u00e8s le d\u00e9but du club en 1997 avec sa disponibilit\u00e9, sa g\u00e9n\u00e9rosit\u00e9, son implication mais surtout par passion. Pendant 20 ans il sera un pilier de l\u2019ARADA. Quand nous pensons \u00e0 lui, nous avons le sourire car il avait toujours le mot attentionn\u00e9, la blague qui faisait rire et il savait aussi tout en \u00e9tant discret se rendre utile sans rien attendre en retour.<\/p>\n\n\n\n<p>Christian pour les uns, kiki pour les autres ou encore Quinou, &nbsp;s\u2019en est all\u00e9 brutalement le 14 juillet 2016.<\/p>\n\n\n\n<p>les Aradiens pensent \u00e0 lui, \u00e0 sa compagne Coco et \u00e0 ses proches en ce moment difficile.<\/p>\n\n\n\n<p>plus que des mots, ci dessous, quelques photos de lui, au hasard des ann\u00e9es avec ses autos successives\u2026.<\/p>\n\n\n\n<p><em>KONICA MINOLTA DIGITAL CAMERA<\/em><\/p>\n\n\n\n<figure class=\"wp-block-image size-full\"><img loading=\"lazy\" width=\"945\" height=\"605\" src=\"http:\/\/club-arada.fr\/wp-content\/uploads\/2021\/12\/image-987.png\" alt=\"\" class=\"wp-image-1220\" srcset=\"http:\/\/club-arada.fr\/wp-content\/uploads\/2021\/12\/image-987.png 945w, http:\/\/club-arada.fr\/wp-content\/uploads\/2021\/12\/image-987-300x192.png 300w, http:\/\/club-arada.fr\/wp-content\/uploads\/2021\/12\/image-987-768x492.png 768w\" sizes=\"(max-width: 945px) 100vw, 945px\" \/><\/figure>\n\n\n\n<figure class=\"wp-block-image size-full\"><img loading=\"lazy\" width=\"945\" height=\"614\" src=\"http:\/\/club-arada.fr\/wp-content\/uploads\/2021\/12\/image-988.png\" alt=\"\" class=\"wp-image-1221\" srcset=\"http:\/\/club-arada.fr\/wp-content\/uploads\/2021\/12\/image-988.png 945w, http:\/\/club-arada.fr\/wp-content\/uploads\/2021\/12\/image-988-300x195.png 300w, http:\/\/club-arada.fr\/wp-content\/uploads\/2021\/12\/image-988-768x499.png 768w\" sizes=\"(max-width: 945px) 100vw, 945px\" \/><\/figure>\n\n\n\n<figure class=\"wp-block-image size-full\"><img loading=\"lazy\" width=\"945\" height=\"709\" src=\"http:\/\/club-arada.fr\/wp-content\/uploads\/2021\/12\/image-989.png\" alt=\"\" class=\"wp-image-1222\" srcset=\"http:\/\/club-arada.fr\/wp-content\/uploads\/2021\/12\/image-989.png 945w, http:\/\/club-arada.fr\/wp-content\/uploads\/2021\/12\/image-989-300x225.png 300w, http:\/\/club-arada.fr\/wp-content\/uploads\/2021\/12\/image-989-768x576.png 768w\" sizes=\"(max-width: 945px) 100vw, 945px\" \/><\/figure>\n\n\n\n<figure class=\"wp-block-image size-full\"><img loading=\"lazy\" width=\"945\" height=\"709\" src=\"http:\/\/club-arada.fr\/wp-content\/uploads\/2021\/12\/image-990.png\" alt=\"\" class=\"wp-image-1223\" srcset=\"http:\/\/club-arada.fr\/wp-content\/uploads\/2021\/12\/image-990.png 945w, http:\/\/club-arada.fr\/wp-content\/uploads\/2021\/12\/image-990-300x225.png 300w, http:\/\/club-arada.fr\/wp-content\/uploads\/2021\/12\/image-990-768x576.png 768w\" sizes=\"(max-width: 945px) 100vw, 945px\" \/><\/figure>\n\n\n\n<figure class=\"wp-block-image size-full is-resized\"><img loading=\"lazy\" src=\"http:\/\/club-arada.fr\/wp-content\/uploads\/2021\/12\/image-991.png\" alt=\"\" class=\"wp-image-1224\" width=\"945\" height=\"643\" srcset=\"http:\/\/club-arada.fr\/wp-content\/uploads\/2021\/12\/image-991.png 945w, http:\/\/club-arada.fr\/wp-content\/uploads\/2021\/12\/image-991-300x204.png 300w, http:\/\/club-arada.fr\/wp-content\/uploads\/2021\/12\/image-991-768x523.png 768w\" sizes=\"(max-width: 945px) 100vw, 945px\" \/><\/figure>\n\n\n\n<figure class=\"wp-block-image size-large\"><img loading=\"lazy\" width=\"744\" height=\"1024\" src=\"http:\/\/club-arada.fr\/wp-content\/uploads\/2021\/12\/image-992-744x1024.png\" alt=\"\" class=\"wp-image-1225\" srcset=\"http:\/\/club-arada.fr\/wp-content\/uploads\/2021\/12\/image-992-744x1024.png 744w, http:\/\/club-arada.fr\/wp-content\/uploads\/2021\/12\/image-992-218x300.png 218w, http:\/\/club-arada.fr\/wp-content\/uploads\/2021\/12\/image-992-768x1057.png 768w, http:\/\/club-arada.fr\/wp-content\/uploads\/2021\/12\/image-992.png 945w\" sizes=\"(max-width: 744px) 100vw, 744px\" \/><\/figure>\n\n\n\n<figure class=\"wp-block-image size-large\"><img loading=\"lazy\" width=\"686\" height=\"1024\" src=\"http:\/\/club-arada.fr\/wp-content\/uploads\/2021\/12\/image-993-686x1024.png\" alt=\"\" class=\"wp-image-1226\" srcset=\"http:\/\/club-arada.fr\/wp-content\/uploads\/2021\/12\/image-993-686x1024.png 686w, http:\/\/club-arada.fr\/wp-content\/uploads\/2021\/12\/image-993-201x300.png 201w, http:\/\/club-arada.fr\/wp-content\/uploads\/2021\/12\/image-993-768x1147.png 768w, http:\/\/club-arada.fr\/wp-content\/uploads\/2021\/12\/image-993.png 945w\" sizes=\"(max-width: 686px) 100vw, 686px\" \/><\/figure>\n\n\n\n<figure class=\"wp-block-image size-large\"><img loading=\"lazy\" width=\"686\" height=\"1024\" src=\"http:\/\/club-arada.fr\/wp-content\/uploads\/2021\/12\/image-994-686x1024.png\" alt=\"\" class=\"wp-image-1227\" srcset=\"http:\/\/club-arada.fr\/wp-content\/uploads\/2021\/12\/image-994-686x1024.png 686w, http:\/\/club-arada.fr\/wp-content\/uploads\/2021\/12\/image-994-201x300.png 201w, http:\/\/club-arada.fr\/wp-content\/uploads\/2021\/12\/image-994-768x1147.png 768w, http:\/\/club-arada.fr\/wp-content\/uploads\/2021\/12\/image-994.png 945w\" sizes=\"(max-width: 686px) 100vw, 686px\" \/><\/figure>\n\n\n\n<figure class=\"wp-block-image size-large\"><img loading=\"lazy\" width=\"686\" height=\"1024\" src=\"http:\/\/club-arada.fr\/wp-content\/uploads\/2021\/12\/image-995-686x1024.png\" alt=\"\" class=\"wp-image-1228\" srcset=\"http:\/\/club-arada.fr\/wp-content\/uploads\/2021\/12\/image-995-686x1024.png 686w, http:\/\/club-arada.fr\/wp-content\/uploads\/2021\/12\/image-995-201x300.png 201w, http:\/\/club-arada.fr\/wp-content\/uploads\/2021\/12\/image-995-768x1147.png 768w, http:\/\/club-arada.fr\/wp-content\/uploads\/2021\/12\/image-995.png 945w\" sizes=\"(max-width: 686px) 100vw, 686px\" \/><\/figure>\n\n\n\n<figure class=\"wp-block-image size-full\"><img loading=\"lazy\" width=\"945\" height=\"660\" src=\"http:\/\/club-arada.fr\/wp-content\/uploads\/2021\/12\/image-996.png\" alt=\"\" class=\"wp-image-1229\" srcset=\"http:\/\/club-arada.fr\/wp-content\/uploads\/2021\/12\/image-996.png 945w, http:\/\/club-arada.fr\/wp-content\/uploads\/2021\/12\/image-996-300x210.png 300w, http:\/\/club-arada.fr\/wp-content\/uploads\/2021\/12\/image-996-768x536.png 768w\" sizes=\"(max-width: 945px) 100vw, 945px\" \/><\/figure>\n\n\n\n<figure class=\"wp-block-image size-full\"><img loading=\"lazy\" width=\"945\" height=\"709\" src=\"http:\/\/club-arada.fr\/wp-content\/uploads\/2021\/12\/image-997.png\" alt=\"\" class=\"wp-image-1230\" srcset=\"http:\/\/club-arada.fr\/wp-content\/uploads\/2021\/12\/image-997.png 945w, http:\/\/club-arada.fr\/wp-content\/uploads\/2021\/12\/image-997-300x225.png 300w, http:\/\/club-arada.fr\/wp-content\/uploads\/2021\/12\/image-997-768x576.png 768w\" sizes=\"(max-width: 945px) 100vw, 945px\" \/><\/figure>\n\n\n\n<figure class=\"wp-block-image size-full\"><img loading=\"lazy\" width=\"945\" height=\"709\" src=\"http:\/\/club-arada.fr\/wp-content\/uploads\/2021\/12\/image-998.png\" alt=\"\" class=\"wp-image-1231\" srcset=\"http:\/\/club-arada.fr\/wp-content\/uploads\/2021\/12\/image-998.png 945w, http:\/\/club-arada.fr\/wp-content\/uploads\/2021\/12\/image-998-300x225.png 300w, http:\/\/club-arada.fr\/wp-content\/uploads\/2021\/12\/image-998-768x576.png 768w\" sizes=\"(max-width: 945px) 100vw, 945px\" \/><\/figure>\n\n\n\n<figure class=\"wp-block-image size-full\"><img loading=\"lazy\" width=\"945\" height=\"709\" src=\"http:\/\/club-arada.fr\/wp-content\/uploads\/2021\/12\/image-999.png\" alt=\"\" class=\"wp-image-1232\" srcset=\"http:\/\/club-arada.fr\/wp-content\/uploads\/2021\/12\/image-999.png 945w, http:\/\/club-arada.fr\/wp-content\/uploads\/2021\/12\/image-999-300x225.png 300w, http:\/\/club-arada.fr\/wp-content\/uploads\/2021\/12\/image-999-768x576.png 768w\" sizes=\"(max-width: 945px) 100vw, 945px\" \/><\/figure>\n\n\n\n<figure class=\"wp-block-image size-full\"><img loading=\"lazy\" width=\"945\" height=\"651\" src=\"http:\/\/club-arada.fr\/wp-content\/uploads\/2021\/12\/image-1000.png\" alt=\"\" class=\"wp-image-1233\" srcset=\"http:\/\/club-arada.fr\/wp-content\/uploads\/2021\/12\/image-1000.png 945w, http:\/\/club-arada.fr\/wp-content\/uploads\/2021\/12\/image-1000-300x207.png 300w, http:\/\/club-arada.fr\/wp-content\/uploads\/2021\/12\/image-1000-768x529.png 768w\" sizes=\"(max-width: 945px) 100vw, 945px\" \/><\/figure>\n\n\n\n<figure class=\"wp-block-image size-full\"><img loading=\"lazy\" width=\"945\" height=\"691\" src=\"http:\/\/club-arada.fr\/wp-content\/uploads\/2021\/12\/image-1001.png\" alt=\"\" class=\"wp-image-1234\" srcset=\"http:\/\/club-arada.fr\/wp-content\/uploads\/2021\/12\/image-1001.png 945w, http:\/\/club-arada.fr\/wp-content\/uploads\/2021\/12\/image-1001-300x219.png 300w, http:\/\/club-arada.fr\/wp-content\/uploads\/2021\/12\/image-1001-768x562.png 768w\" sizes=\"(max-width: 945px) 100vw, 945px\" \/><\/figure>\n\n\n\n<figure class=\"wp-block-image size-full\"><img loading=\"lazy\" width=\"945\" height=\"709\" src=\"http:\/\/club-arada.fr\/wp-content\/uploads\/2021\/12\/image-1002.png\" alt=\"\" class=\"wp-image-1235\" srcset=\"http:\/\/club-arada.fr\/wp-content\/uploads\/2021\/12\/image-1002.png 945w, http:\/\/club-arada.fr\/wp-content\/uploads\/2021\/12\/image-1002-300x225.png 300w, http:\/\/club-arada.fr\/wp-content\/uploads\/2021\/12\/image-1002-768x576.png 768w\" sizes=\"(max-width: 945px) 100vw, 945px\" \/><\/figure>\n\n\n\n<figure class=\"wp-block-image size-full\"><img loading=\"lazy\" width=\"945\" height=\"709\" src=\"http:\/\/club-arada.fr\/wp-content\/uploads\/2021\/12\/image-1003.png\" alt=\"\" class=\"wp-image-1236\" srcset=\"http:\/\/club-arada.fr\/wp-content\/uploads\/2021\/12\/image-1003.png 945w, http:\/\/club-arada.fr\/wp-content\/uploads\/2021\/12\/image-1003-300x225.png 300w, http:\/\/club-arada.fr\/wp-content\/uploads\/2021\/12\/image-1003-768x576.png 768w\" sizes=\"(max-width: 945px) 100vw, 945px\" \/><\/figure>\n\n\n\n<figure class=\"wp-block-image size-full\"><img loading=\"lazy\" width=\"945\" height=\"709\" src=\"http:\/\/club-arada.fr\/wp-content\/uploads\/2021\/12\/image-1004.png\" alt=\"\" class=\"wp-image-1237\" srcset=\"http:\/\/club-arada.fr\/wp-content\/uploads\/2021\/12\/image-1004.png 945w, http:\/\/club-arada.fr\/wp-content\/uploads\/2021\/12\/image-1004-300x225.png 300w, http:\/\/club-arada.fr\/wp-content\/uploads\/2021\/12\/image-1004-768x576.png 768w\" sizes=\"(max-width: 945px) 100vw, 945px\" \/><\/figure>\n\n\n\n<figure class=\"wp-block-image size-full\"><img loading=\"lazy\" width=\"945\" height=\"709\" src=\"http:\/\/club-arada.fr\/wp-content\/uploads\/2021\/12\/image-1005.png\" alt=\"\" class=\"wp-image-1238\" srcset=\"http:\/\/club-arada.fr\/wp-content\/uploads\/2021\/12\/image-1005.png 945w, http:\/\/club-arada.fr\/wp-content\/uploads\/2021\/12\/image-1005-300x225.png 300w, http:\/\/club-arada.fr\/wp-content\/uploads\/2021\/12\/image-1005-768x576.png 768w\" sizes=\"(max-width: 945px) 100vw, 945px\" \/><\/figure>\n\n\n\n<figure class=\"wp-block-image size-full\"><img loading=\"lazy\" width=\"945\" height=\"709\" src=\"http:\/\/club-arada.fr\/wp-content\/uploads\/2021\/12\/image-1006.png\" alt=\"\" class=\"wp-image-1239\" srcset=\"http:\/\/club-arada.fr\/wp-content\/uploads\/2021\/12\/image-1006.png 945w, http:\/\/club-arada.fr\/wp-content\/uploads\/2021\/12\/image-1006-300x225.png 300w, http:\/\/club-arada.fr\/wp-content\/uploads\/2021\/12\/image-1006-768x576.png 768w\" sizes=\"(max-width: 945px) 100vw, 945px\" \/><\/figure>\n\n\n\n<figure class=\"wp-block-image size-full\"><img loading=\"lazy\" width=\"945\" height=\"709\" src=\"http:\/\/club-arada.fr\/wp-content\/uploads\/2021\/12\/image-1007.png\" alt=\"\" class=\"wp-image-1240\" srcset=\"http:\/\/club-arada.fr\/wp-content\/uploads\/2021\/12\/image-1007.png 945w, http:\/\/club-arada.fr\/wp-content\/uploads\/2021\/12\/image-1007-300x225.png 300w, http:\/\/club-arada.fr\/wp-content\/uploads\/2021\/12\/image-1007-768x576.png 768w\" sizes=\"(max-width: 945px) 100vw, 945px\" \/><\/figure>\n\n\n\n<figure class=\"wp-block-image size-full\"><img loading=\"lazy\" width=\"945\" height=\"709\" src=\"http:\/\/club-arada.fr\/wp-content\/uploads\/2021\/12\/image-1008.png\" alt=\"\" class=\"wp-image-1241\" srcset=\"http:\/\/club-arada.fr\/wp-content\/uploads\/2021\/12\/image-1008.png 945w, http:\/\/club-arada.fr\/wp-content\/uploads\/2021\/12\/image-1008-300x225.png 300w, http:\/\/club-arada.fr\/wp-content\/uploads\/2021\/12\/image-1008-768x576.png 768w\" sizes=\"(max-width: 945px) 100vw, 945px\" \/><\/figure>\n\n\n\n<figure class=\"wp-block-image size-full\"><img loading=\"lazy\" width=\"945\" height=\"709\" src=\"http:\/\/club-arada.fr\/wp-content\/uploads\/2021\/12\/image-1009.png\" alt=\"\" class=\"wp-image-1242\" srcset=\"http:\/\/club-arada.fr\/wp-content\/uploads\/2021\/12\/image-1009.png 945w, http:\/\/club-arada.fr\/wp-content\/uploads\/2021\/12\/image-1009-300x225.png 300w, http:\/\/club-arada.fr\/wp-content\/uploads\/2021\/12\/image-1009-768x576.png 768w\" sizes=\"(max-width: 945px) 100vw, 945px\" \/><\/figure>\n\n\n\n<figure class=\"wp-block-image size-full\"><img loading=\"lazy\" width=\"945\" height=\"709\" src=\"http:\/\/club-arada.fr\/wp-content\/uploads\/2021\/12\/image-1010.png\" alt=\"\" class=\"wp-image-1243\" srcset=\"http:\/\/club-arada.fr\/wp-content\/uploads\/2021\/12\/image-1010.png 945w, http:\/\/club-arada.fr\/wp-content\/uploads\/2021\/12\/image-1010-300x225.png 300w, http:\/\/club-arada.fr\/wp-content\/uploads\/2021\/12\/image-1010-768x576.png 768w\" sizes=\"(max-width: 945px) 100vw, 945px\" \/><\/figure>\n\n\n\n<figure class=\"wp-block-image size-full\"><img loading=\"lazy\" width=\"945\" height=\"709\" src=\"http:\/\/club-arada.fr\/wp-content\/uploads\/2021\/12\/image-1011.png\" alt=\"\" class=\"wp-image-1244\" srcset=\"http:\/\/club-arada.fr\/wp-content\/uploads\/2021\/12\/image-1011.png 945w, http:\/\/club-arada.fr\/wp-content\/uploads\/2021\/12\/image-1011-300x225.png 300w, http:\/\/club-arada.fr\/wp-content\/uploads\/2021\/12\/image-1011-768x576.png 768w\" sizes=\"(max-width: 945px) 100vw, 945px\" \/><\/figure>\n\n\n\n<figure class=\"wp-block-image size-full\"><img loading=\"lazy\" width=\"945\" height=\"709\" src=\"http:\/\/club-arada.fr\/wp-content\/uploads\/2021\/12\/image-1012.png\" alt=\"\" class=\"wp-image-1245\" srcset=\"http:\/\/club-arada.fr\/wp-content\/uploads\/2021\/12\/image-1012.png 945w, http:\/\/club-arada.fr\/wp-content\/uploads\/2021\/12\/image-1012-300x225.png 300w, http:\/\/club-arada.fr\/wp-content\/uploads\/2021\/12\/image-1012-768x576.png 768w\" sizes=\"(max-width: 945px) 100vw, 945px\" \/><\/figure>\n\n\n\n<figure class=\"wp-block-image size-full\"><img loading=\"lazy\" width=\"945\" height=\"709\" src=\"http:\/\/club-arada.fr\/wp-content\/uploads\/2021\/12\/image-1013.png\" alt=\"\" class=\"wp-image-1246\" srcset=\"http:\/\/club-arada.fr\/wp-content\/uploads\/2021\/12\/image-1013.png 945w, http:\/\/club-arada.fr\/wp-content\/uploads\/2021\/12\/image-1013-300x225.png 300w, http:\/\/club-arada.fr\/wp-content\/uploads\/2021\/12\/image-1013-768x576.png 768w\" sizes=\"(max-width: 945px) 100vw, 945px\" \/><\/figure>\n\n\n\n<figure class=\"wp-block-image size-full\"><img loading=\"lazy\" width=\"945\" height=\"709\" src=\"http:\/\/club-arada.fr\/wp-content\/uploads\/2021\/12\/image-1014.png\" alt=\"\" class=\"wp-image-1247\" srcset=\"http:\/\/club-arada.fr\/wp-content\/uploads\/2021\/12\/image-1014.png 945w, http:\/\/club-arada.fr\/wp-content\/uploads\/2021\/12\/image-1014-300x225.png 300w, http:\/\/club-arada.fr\/wp-content\/uploads\/2021\/12\/image-1014-768x576.png 768w\" sizes=\"(max-width: 945px) 100vw, 945px\" \/><\/figure>\n\n\n\n<figure class=\"wp-block-image size-full\"><img loading=\"lazy\" width=\"945\" height=\"709\" src=\"http:\/\/club-arada.fr\/wp-content\/uploads\/2021\/12\/image-1015.png\" alt=\"\" class=\"wp-image-1248\" srcset=\"http:\/\/club-arada.fr\/wp-content\/uploads\/2021\/12\/image-1015.png 945w, http:\/\/club-arada.fr\/wp-content\/uploads\/2021\/12\/image-1015-300x225.png 300w, http:\/\/club-arada.fr\/wp-content\/uploads\/2021\/12\/image-1015-768x576.png 768w\" sizes=\"(max-width: 945px) 100vw, 945px\" \/><\/figure>\n\n\n\n<figure class=\"wp-block-image size-full\"><img loading=\"lazy\" width=\"945\" height=\"709\" src=\"http:\/\/club-arada.fr\/wp-content\/uploads\/2021\/12\/image-1016.png\" alt=\"\" class=\"wp-image-1249\" srcset=\"http:\/\/club-arada.fr\/wp-content\/uploads\/2021\/12\/image-1016.png 945w, http:\/\/club-arada.fr\/wp-content\/uploads\/2021\/12\/image-1016-300x225.png 300w, http:\/\/club-arada.fr\/wp-content\/uploads\/2021\/12\/image-1016-768x576.png 768w\" sizes=\"(max-width: 945px) 100vw, 945px\" \/><\/figure>\n\n\n\n<figure class=\"wp-block-image size-full is-resized\"><img loading=\"lazy\" src=\"http:\/\/club-arada.fr\/wp-content\/uploads\/2021\/12\/image-1017.png\" alt=\"\" class=\"wp-image-1250\" width=\"945\" height=\"709\" srcset=\"http:\/\/club-arada.fr\/wp-content\/uploads\/2021\/12\/image-1017.png 945w, http:\/\/club-arada.fr\/wp-content\/uploads\/2021\/12\/image-1017-300x225.png 300w, http:\/\/club-arada.fr\/wp-content\/uploads\/2021\/12\/image-1017-768x576.png 768w\" sizes=\"(max-width: 945px) 100vw, 945px\" \/><\/figure>\n\n\n\n<figure class=\"wp-block-image size-full\"><img loading=\"lazy\" width=\"945\" height=\"709\" src=\"http:\/\/club-arada.fr\/wp-content\/uploads\/2021\/12\/image-1018.png\" alt=\"\" class=\"wp-image-1251\" srcset=\"http:\/\/club-arada.fr\/wp-content\/uploads\/2021\/12\/image-1018.png 945w, http:\/\/club-arada.fr\/wp-content\/uploads\/2021\/12\/image-1018-300x225.png 300w, http:\/\/club-arada.fr\/wp-content\/uploads\/2021\/12\/image-1018-768x576.png 768w\" sizes=\"(max-width: 945px) 100vw, 945px\" \/><\/figure>\n\n\n\n<figure class=\"wp-block-image size-full\"><img loading=\"lazy\" width=\"945\" height=\"709\" src=\"http:\/\/club-arada.fr\/wp-content\/uploads\/2021\/12\/image-1019.png\" alt=\"\" class=\"wp-image-1252\" srcset=\"http:\/\/club-arada.fr\/wp-content\/uploads\/2021\/12\/image-1019.png 945w, http:\/\/club-arada.fr\/wp-content\/uploads\/2021\/12\/image-1019-300x225.png 300w, http:\/\/club-arada.fr\/wp-content\/uploads\/2021\/12\/image-1019-768x576.png 768w\" sizes=\"(max-width: 945px) 100vw, 945px\" \/><\/figure>\n\n\n\n<figure class=\"wp-block-image size-full\"><img loading=\"lazy\" width=\"945\" height=\"709\" src=\"http:\/\/club-arada.fr\/wp-content\/uploads\/2021\/12\/image-1020.png\" alt=\"\" class=\"wp-image-1253\" srcset=\"http:\/\/club-arada.fr\/wp-content\/uploads\/2021\/12\/image-1020.png 945w, http:\/\/club-arada.fr\/wp-content\/uploads\/2021\/12\/image-1020-300x225.png 300w, http:\/\/club-arada.fr\/wp-content\/uploads\/2021\/12\/image-1020-768x576.png 768w\" sizes=\"(max-width: 945px) 100vw, 945px\" \/><\/figure>\n\n\n\n<figure class=\"wp-block-image size-full\"><img loading=\"lazy\" width=\"945\" height=\"709\" src=\"http:\/\/club-arada.fr\/wp-content\/uploads\/2021\/12\/image-1021.png\" alt=\"\" class=\"wp-image-1254\" srcset=\"http:\/\/club-arada.fr\/wp-content\/uploads\/2021\/12\/image-1021.png 945w, http:\/\/club-arada.fr\/wp-content\/uploads\/2021\/12\/image-1021-300x225.png 300w, http:\/\/club-arada.fr\/wp-content\/uploads\/2021\/12\/image-1021-768x576.png 768w\" sizes=\"(max-width: 945px) 100vw, 945px\" \/><\/figure>\n\n\n\n<figure class=\"wp-block-image size-full\"><img loading=\"lazy\" width=\"945\" height=\"632\" src=\"http:\/\/club-arada.fr\/wp-content\/uploads\/2021\/12\/image-1022.png\" alt=\"\" class=\"wp-image-1255\" srcset=\"http:\/\/club-arada.fr\/wp-content\/uploads\/2021\/12\/image-1022.png 945w, http:\/\/club-arada.fr\/wp-content\/uploads\/2021\/12\/image-1022-300x201.png 300w, http:\/\/club-arada.fr\/wp-content\/uploads\/2021\/12\/image-1022-768x514.png 768w\" sizes=\"(max-width: 945px) 100vw, 945px\" \/><\/figure>\n\n\n\n<figure class=\"wp-block-image size-full\"><img loading=\"lazy\" width=\"945\" height=\"631\" src=\"http:\/\/club-arada.fr\/wp-content\/uploads\/2021\/12\/image-1023.png\" alt=\"\" class=\"wp-image-1256\" srcset=\"http:\/\/club-arada.fr\/wp-content\/uploads\/2021\/12\/image-1023.png 945w, http:\/\/club-arada.fr\/wp-content\/uploads\/2021\/12\/image-1023-300x200.png 300w, http:\/\/club-arada.fr\/wp-content\/uploads\/2021\/12\/image-1023-768x513.png 768w\" sizes=\"(max-width: 945px) 100vw, 945px\" \/><\/figure>\n\n\n\n<figure class=\"wp-block-image size-full\"><img loading=\"lazy\" width=\"945\" height=\"709\" src=\"http:\/\/club-arada.fr\/wp-content\/uploads\/2021\/12\/image-1024.png\" alt=\"\" class=\"wp-image-1257\" srcset=\"http:\/\/club-arada.fr\/wp-content\/uploads\/2021\/12\/image-1024.png 945w, http:\/\/club-arada.fr\/wp-content\/uploads\/2021\/12\/image-1024-300x225.png 300w, http:\/\/club-arada.fr\/wp-content\/uploads\/2021\/12\/image-1024-768x576.png 768w\" sizes=\"(max-width: 945px) 100vw, 945px\" \/><\/figure>\n\n\n\n<figure class=\"wp-block-image size-full\"><img loading=\"lazy\" width=\"945\" height=\"630\" src=\"http:\/\/club-arada.fr\/wp-content\/uploads\/2021\/12\/image-1025.png\" alt=\"\" class=\"wp-image-1258\" srcset=\"http:\/\/club-arada.fr\/wp-content\/uploads\/2021\/12\/image-1025.png 945w, http:\/\/club-arada.fr\/wp-content\/uploads\/2021\/12\/image-1025-300x200.png 300w, http:\/\/club-arada.fr\/wp-content\/uploads\/2021\/12\/image-1025-768x512.png 768w\" sizes=\"(max-width: 945px) 100vw, 945px\" \/><\/figure>\n\n\n\n<figure class=\"wp-block-image size-full\"><img loading=\"lazy\" width=\"945\" height=\"709\" src=\"http:\/\/club-arada.fr\/wp-content\/uploads\/2021\/12\/image-1026.png\" alt=\"\" class=\"wp-image-1259\" srcset=\"http:\/\/club-arada.fr\/wp-content\/uploads\/2021\/12\/image-1026.png 945w, http:\/\/club-arada.fr\/wp-content\/uploads\/2021\/12\/image-1026-300x225.png 300w, http:\/\/club-arada.fr\/wp-content\/uploads\/2021\/12\/image-1026-768x576.png 768w\" sizes=\"(max-width: 945px) 100vw, 945px\" \/><\/figure>\n\n\n\n<figure class=\"wp-block-image size-full\"><img loading=\"lazy\" width=\"945\" height=\"633\" src=\"http:\/\/club-arada.fr\/wp-content\/uploads\/2021\/12\/image-1027.png\" alt=\"\" class=\"wp-image-1260\" srcset=\"http:\/\/club-arada.fr\/wp-content\/uploads\/2021\/12\/image-1027.png 945w, http:\/\/club-arada.fr\/wp-content\/uploads\/2021\/12\/image-1027-300x201.png 300w, http:\/\/club-arada.fr\/wp-content\/uploads\/2021\/12\/image-1027-768x514.png 768w\" sizes=\"(max-width: 945px) 100vw, 945px\" \/><\/figure>\n\n\n\n<figure class=\"wp-block-image size-full\"><img loading=\"lazy\" width=\"945\" height=\"709\" src=\"http:\/\/club-arada.fr\/wp-content\/uploads\/2021\/12\/image-1028.png\" alt=\"\" class=\"wp-image-1261\" srcset=\"http:\/\/club-arada.fr\/wp-content\/uploads\/2021\/12\/image-1028.png 945w, http:\/\/club-arada.fr\/wp-content\/uploads\/2021\/12\/image-1028-300x225.png 300w, http:\/\/club-arada.fr\/wp-content\/uploads\/2021\/12\/image-1028-768x576.png 768w\" sizes=\"(max-width: 945px) 100vw, 945px\" \/><\/figure>\n\n\n\n<figure class=\"wp-block-image size-large\"><img loading=\"lazy\" width=\"768\" height=\"1024\" src=\"http:\/\/club-arada.fr\/wp-content\/uploads\/2021\/12\/image-1029-768x1024.png\" alt=\"\" class=\"wp-image-1262\" srcset=\"http:\/\/club-arada.fr\/wp-content\/uploads\/2021\/12\/image-1029-768x1024.png 768w, http:\/\/club-arada.fr\/wp-content\/uploads\/2021\/12\/image-1029-225x300.png 225w, http:\/\/club-arada.fr\/wp-content\/uploads\/2021\/12\/image-1029.png 945w\" sizes=\"(max-width: 768px) 100vw, 768px\" \/><\/figure>\n\n\n\n<figure class=\"wp-block-image size-full\"><img loading=\"lazy\" width=\"945\" height=\"945\" src=\"http:\/\/club-arada.fr\/wp-content\/uploads\/2021\/12\/image-1030.png\" alt=\"\" class=\"wp-image-1263\" srcset=\"http:\/\/club-arada.fr\/wp-content\/uploads\/2021\/12\/image-1030.png 945w, http:\/\/club-arada.fr\/wp-content\/uploads\/2021\/12\/image-1030-300x300.png 300w, http:\/\/club-arada.fr\/wp-content\/uploads\/2021\/12\/image-1030-150x150.png 150w, http:\/\/club-arada.fr\/wp-content\/uploads\/2021\/12\/image-1030-768x768.png 768w, http:\/\/club-arada.fr\/wp-content\/uploads\/2021\/12\/image-1030-80x80.png 80w, http:\/\/club-arada.fr\/wp-content\/uploads\/2021\/12\/image-1030-320x320.png 320w\" sizes=\"(max-width: 945px) 100vw, 945px\" \/><\/figure>\n\n\n\n<figure class=\"wp-block-image size-large\"><img loading=\"lazy\" width=\"793\" height=\"1024\" src=\"http:\/\/club-arada.fr\/wp-content\/uploads\/2021\/12\/image-1031-793x1024.png\" alt=\"\" class=\"wp-image-1264\" srcset=\"http:\/\/club-arada.fr\/wp-content\/uploads\/2021\/12\/image-1031-793x1024.png 793w, http:\/\/club-arada.fr\/wp-content\/uploads\/2021\/12\/image-1031-232x300.png 232w, http:\/\/club-arada.fr\/wp-content\/uploads\/2021\/12\/image-1031-768x992.png 768w, http:\/\/club-arada.fr\/wp-content\/uploads\/2021\/12\/image-1031.png 945w\" sizes=\"(max-width: 793px) 100vw, 793px\" \/><\/figure>\n","protected":false},"excerpt":{"rendered":"<p>Christian a particip\u00e9 d\u00e8s le d\u00e9but du club en 1997 avec sa disponibilit\u00e9, sa g\u00e9n\u00e9rosit\u00e9, son implication mais surtout par passion. Pendant 20 ans il sera un pilier de l\u2019ARADA. Quand nous pensons \u00e0&#46;&#46;&#46;<\/p>\n","protected":false},"author":1,"featured_media":0,"parent":0,"menu_order":0,"comment_status":"closed","ping_status":"closed","template":"","meta":[],"_links":{"self":[{"href":"http:\/\/club-arada.fr\/index.php\/wp-json\/wp\/v2\/pages\/1219"}],"collection":[{"href":"http:\/\/club-arada.fr\/index.php\/wp-json\/wp\/v2\/pages"}],"about":[{"href":"http:\/\/club-arada.fr\/index.php\/wp-json\/wp\/v2\/types\/page"}],"author":[{"embeddable":true,"href":"http:\/\/club-arada.fr\/index.php\/wp-json\/wp\/v2\/users\/1"}],"replies":[{"embeddable":true,"href":"http:\/\/club-arada.fr\/index.php\/wp-json\/wp\/v2\/comments?post=1219"}],"version-history":[{"count":1,"href":"http:\/\/club-arada.fr\/index.php\/wp-json\/wp\/v2\/pages\/1219\/revisions"}],"predecessor-version":[{"id":1265,"href":"http:\/\/club-arada.fr\/index.php\/wp-json\/wp\/v2\/pages\/1219\/revisions\/1265"}],"wp:attachment":[{"href":"http:\/\/club-arada.fr\/index.php\/wp-json\/wp\/v2\/media?parent=1219"}],"curies":[{"name":"wp","href":"https:\/\/api.w.org\/{rel}","templated":true}]}}