{"id":1169,"date":"2021-12-13T10:26:09","date_gmt":"2021-12-13T09:26:09","guid":{"rendered":"http:\/\/club-arada.fr\/?page_id=1169"},"modified":"2021-12-13T10:26:10","modified_gmt":"2021-12-13T09:26:10","slug":"premier-apercu-de-la-signatech-alpine-matmut-a470","status":"publish","type":"page","link":"http:\/\/club-arada.fr\/index.php\/premier-apercu-de-la-signatech-alpine-matmut-a470\/","title":{"rendered":"Premier aper\u00e7u de la Signatech-Alpine Matmut A470"},"content":{"rendered":"\n<p>\u00ab&nbsp;Suite au nouveau r\u00e8glement technique de la cat\u00e9gorie LM P2, qui entrera en vigueur en 2017, quatre constructeurs ont \u00e9t\u00e9 retenus pour concevoir les bolides, dont Oreca. Le constructeur du Var, qui a d\u00e9voil\u00e9 la 07 en octobre dernier. C\u2019est l\u2019<a href=\"https:\/\/web.archive.org\/web\/20210411093737\/https:\/alpineplanet.com\/alpine-a460-belle-oreca\/\">Oreca 07<\/a>&nbsp;qui a \u00e9t\u00e9 retenue par&nbsp;Signatech-Alpine Matmut pour porter ses couleurs.&nbsp;<a href=\"https:\/\/web.archive.org\/web\/20210411093737\/https:\/alpineplanet.com\/signatech-alpine-engage-deux-a470\/\">Alpine engagera avec deux prototypes A470<\/a>. Les voitures, qui porteront \u00e0 nouveau les num\u00e9ros 35 et 36, seront engag\u00e9es sous la banni\u00e8re Signatech Alpine Matmut.<\/p>\n\n\n\n<p>Voici un premier aper\u00e7u de la future Signatech-Alpine Matmut A470 vue par Ludovic Noel notre dessinateur.&nbsp;\u00bb<\/p>\n\n\n\n<figure class=\"wp-block-image size-full\"><img loading=\"lazy\" width=\"945\" height=\"634\" src=\"http:\/\/club-arada.fr\/wp-content\/uploads\/2021\/12\/image-964.png\" alt=\"\" class=\"wp-image-1170\" srcset=\"http:\/\/club-arada.fr\/wp-content\/uploads\/2021\/12\/image-964.png 945w, http:\/\/club-arada.fr\/wp-content\/uploads\/2021\/12\/image-964-300x201.png 300w, http:\/\/club-arada.fr\/wp-content\/uploads\/2021\/12\/image-964-768x515.png 768w\" sizes=\"(max-width: 945px) 100vw, 945px\" \/><\/figure>\n\n\n\n<p>la suite de l\u2019article d\u2019 alpine planete :<\/p>\n\n\n\n<figure class=\"wp-block-embed\"><div class=\"wp-block-embed__wrapper\">\nhttps:\/\/alpineplanet.com\/apercu-signatech-alpine-matmut-a470\/\n<\/div><\/figure>\n","protected":false},"excerpt":{"rendered":"<p>\u00ab&nbsp;Suite au nouveau r\u00e8glement technique de la cat\u00e9gorie LM P2, qui entrera en vigueur en 2017, quatre constructeurs ont \u00e9t\u00e9 retenus pour concevoir les bolides, dont Oreca. Le constructeur du Var, qui a d\u00e9voil\u00e9&#46;&#46;&#46;<\/p>\n","protected":false},"author":1,"featured_media":0,"parent":0,"menu_order":0,"comment_status":"closed","ping_status":"closed","template":"","meta":[],"_links":{"self":[{"href":"http:\/\/club-arada.fr\/index.php\/wp-json\/wp\/v2\/pages\/1169"}],"collection":[{"href":"http:\/\/club-arada.fr\/index.php\/wp-json\/wp\/v2\/pages"}],"about":[{"href":"http:\/\/club-arada.fr\/index.php\/wp-json\/wp\/v2\/types\/page"}],"author":[{"embeddable":true,"href":"http:\/\/club-arada.fr\/index.php\/wp-json\/wp\/v2\/users\/1"}],"replies":[{"embeddable":true,"href":"http:\/\/club-arada.fr\/index.php\/wp-json\/wp\/v2\/comments?post=1169"}],"version-history":[{"count":1,"href":"http:\/\/club-arada.fr\/index.php\/wp-json\/wp\/v2\/pages\/1169\/revisions"}],"predecessor-version":[{"id":1171,"href":"http:\/\/club-arada.fr\/index.php\/wp-json\/wp\/v2\/pages\/1169\/revisions\/1171"}],"wp:attachment":[{"href":"http:\/\/club-arada.fr\/index.php\/wp-json\/wp\/v2\/media?parent=1169"}],"curies":[{"name":"wp","href":"https:\/\/api.w.org\/{rel}","templated":true}]}}