{"id":1135,"date":"2021-12-13T10:20:17","date_gmt":"2021-12-13T09:20:17","guid":{"rendered":"http:\/\/club-arada.fr\/?page_id=1135"},"modified":"2021-12-13T10:20:17","modified_gmt":"2021-12-13T09:20:17","slug":"24h-du-mans-2017","status":"publish","type":"page","link":"http:\/\/club-arada.fr\/index.php\/24h-du-mans-2017\/","title":{"rendered":"24h du Mans 2017"},"content":{"rendered":"\n<p>tr\u00e8s belle course palpitante avec plein de rebondissements dans toutes les cat\u00e9gories avant , pendant et m\u00eame apr\u00e8s<\/p>\n\n\n\n<p>Alpine 3e aux 24h du Mans 2017 !!!!<\/p>\n\n\n\n<p>(photo alpine planet)<\/p>\n\n\n\n<p>photos et vid\u00e9o suivante d\u2019apr\u00e8s le site FIA<\/p>\n\n\n\n<p><a href=\"https:\/\/web.archive.org\/web\/20210411044709\/http:\/club-arada.fr\/2017\/05\/07\/fia-wec-6-spa-francorchamps\/affiche_portrait_24_heures_du_mans_2017_14c550\/\"><\/a><\/p>\n\n\n\n<p>une vid\u00e9o des plus grands moments<\/p>\n\n\n\n<figure class=\"wp-block-embed is-type-video is-provider-youtube wp-block-embed-youtube wp-embed-aspect-16-9 wp-has-aspect-ratio\"><div class=\"wp-block-embed__wrapper\">\n<div class=\"video-container\"><iframe loading=\"lazy\" title=\"24 Hours of Le Mans - FULL RACE HIGHLIGHTS\" width=\"500\" height=\"281\" src=\"https:\/\/www.youtube.com\/embed\/fxY5VdCv_YU?feature=oembed&#038;wmode=opaque\" frameborder=\"0\" allow=\"accelerometer; autoplay; clipboard-write; encrypted-media; gyroscope; picture-in-picture\" allowfullscreen><\/iframe><\/div>\n<\/div><\/figure>\n\n\n\n<p><a href=\"https:\/\/web.archive.org\/web\/20210411044709\/http:\/club-arada.fr\/2017\/06\/24\/24h-du-mans-2017\/5945471b204dd\/\"><\/a><a href=\"https:\/\/web.archive.org\/web\/20210411044709\/http:\/club-arada.fr\/2017\/06\/24\/24h-du-mans-2017\/5941816cc3c89\/\"> <\/a><\/p>\n\n\n\n<figure class=\"wp-block-image size-large\"><img loading=\"lazy\" width=\"794\" height=\"1024\" src=\"http:\/\/club-arada.fr\/wp-content\/uploads\/2021\/12\/image-940-794x1024.png\" alt=\"\" class=\"wp-image-1136\" srcset=\"http:\/\/club-arada.fr\/wp-content\/uploads\/2021\/12\/image-940-794x1024.png 794w, http:\/\/club-arada.fr\/wp-content\/uploads\/2021\/12\/image-940-233x300.png 233w, http:\/\/club-arada.fr\/wp-content\/uploads\/2021\/12\/image-940-768x991.png 768w, http:\/\/club-arada.fr\/wp-content\/uploads\/2021\/12\/image-940.png 945w\" sizes=\"(max-width: 794px) 100vw, 794px\" \/><\/figure>\n\n\n\n<figure class=\"wp-block-image size-full\"><img loading=\"lazy\" width=\"945\" height=\"630\" src=\"http:\/\/club-arada.fr\/wp-content\/uploads\/2021\/12\/image-941.png\" alt=\"\" class=\"wp-image-1137\" srcset=\"http:\/\/club-arada.fr\/wp-content\/uploads\/2021\/12\/image-941.png 945w, http:\/\/club-arada.fr\/wp-content\/uploads\/2021\/12\/image-941-300x200.png 300w, http:\/\/club-arada.fr\/wp-content\/uploads\/2021\/12\/image-941-768x512.png 768w\" sizes=\"(max-width: 945px) 100vw, 945px\" \/><\/figure>\n\n\n\n<figure class=\"wp-block-image size-full\"><img loading=\"lazy\" width=\"945\" height=\"630\" src=\"http:\/\/club-arada.fr\/wp-content\/uploads\/2021\/12\/image-942.png\" alt=\"\" class=\"wp-image-1138\" srcset=\"http:\/\/club-arada.fr\/wp-content\/uploads\/2021\/12\/image-942.png 945w, http:\/\/club-arada.fr\/wp-content\/uploads\/2021\/12\/image-942-300x200.png 300w, http:\/\/club-arada.fr\/wp-content\/uploads\/2021\/12\/image-942-768x512.png 768w\" sizes=\"(max-width: 945px) 100vw, 945px\" \/><\/figure>\n\n\n\n<figure class=\"wp-block-image size-full\"><img loading=\"lazy\" width=\"945\" height=\"630\" src=\"http:\/\/club-arada.fr\/wp-content\/uploads\/2021\/12\/image-943.png\" alt=\"\" class=\"wp-image-1139\" srcset=\"http:\/\/club-arada.fr\/wp-content\/uploads\/2021\/12\/image-943.png 945w, http:\/\/club-arada.fr\/wp-content\/uploads\/2021\/12\/image-943-300x200.png 300w, http:\/\/club-arada.fr\/wp-content\/uploads\/2021\/12\/image-943-768x512.png 768w\" sizes=\"(max-width: 945px) 100vw, 945px\" \/><\/figure>\n\n\n\n<figure class=\"wp-block-image size-full\"><img loading=\"lazy\" width=\"945\" height=\"630\" src=\"http:\/\/club-arada.fr\/wp-content\/uploads\/2021\/12\/image-944.png\" alt=\"\" class=\"wp-image-1140\" srcset=\"http:\/\/club-arada.fr\/wp-content\/uploads\/2021\/12\/image-944.png 945w, http:\/\/club-arada.fr\/wp-content\/uploads\/2021\/12\/image-944-300x200.png 300w, http:\/\/club-arada.fr\/wp-content\/uploads\/2021\/12\/image-944-768x512.png 768w\" sizes=\"(max-width: 945px) 100vw, 945px\" \/><\/figure>\n\n\n\n<p><a href=\"https:\/\/web.archive.org\/web\/20210411044709\/http:\/club-arada.fr\/2017\/06\/24\/24h-du-mans-2017\/5945d93bc5af1\/\"><\/a><a href=\"https:\/\/web.archive.org\/web\/20210411044709\/http:\/club-arada.fr\/2017\/06\/24\/24h-du-mans-2017\/5945d9d8e7044\/\"><\/a><\/p>\n","protected":false},"excerpt":{"rendered":"<p>tr\u00e8s belle course palpitante avec plein de rebondissements dans toutes les cat\u00e9gories avant , pendant et m\u00eame apr\u00e8s Alpine 3e aux 24h du Mans 2017 !!!! (photo alpine planet) photos et vid\u00e9o suivante d\u2019apr\u00e8s&#46;&#46;&#46;<\/p>\n","protected":false},"author":1,"featured_media":0,"parent":0,"menu_order":0,"comment_status":"closed","ping_status":"closed","template":"","meta":[],"_links":{"self":[{"href":"http:\/\/club-arada.fr\/index.php\/wp-json\/wp\/v2\/pages\/1135"}],"collection":[{"href":"http:\/\/club-arada.fr\/index.php\/wp-json\/wp\/v2\/pages"}],"about":[{"href":"http:\/\/club-arada.fr\/index.php\/wp-json\/wp\/v2\/types\/page"}],"author":[{"embeddable":true,"href":"http:\/\/club-arada.fr\/index.php\/wp-json\/wp\/v2\/users\/1"}],"replies":[{"embeddable":true,"href":"http:\/\/club-arada.fr\/index.php\/wp-json\/wp\/v2\/comments?post=1135"}],"version-history":[{"count":1,"href":"http:\/\/club-arada.fr\/index.php\/wp-json\/wp\/v2\/pages\/1135\/revisions"}],"predecessor-version":[{"id":1141,"href":"http:\/\/club-arada.fr\/index.php\/wp-json\/wp\/v2\/pages\/1135\/revisions\/1141"}],"wp:attachment":[{"href":"http:\/\/club-arada.fr\/index.php\/wp-json\/wp\/v2\/media?parent=1135"}],"curies":[{"name":"wp","href":"https:\/\/api.w.org\/{rel}","templated":true}]}}