{"id":1101,"date":"2021-12-13T09:47:18","date_gmt":"2021-12-13T08:47:18","guid":{"rendered":"http:\/\/club-arada.fr\/?page_id=1101"},"modified":"2021-12-13T09:47:18","modified_gmt":"2021-12-13T08:47:18","slug":"sortie-29-mai-2018-entre-rhone-et-saone","status":"publish","type":"page","link":"http:\/\/club-arada.fr\/index.php\/sortie-29-mai-2018-entre-rhone-et-saone\/","title":{"rendered":"Sortie 29 mai 2018 Entre Rh\u00f4ne et Sa\u00f4ne"},"content":{"rendered":"\n<figure class=\"wp-block-image size-full\"><img loading=\"lazy\" width=\"945\" height=\"532\" src=\"http:\/\/club-arada.fr\/wp-content\/uploads\/2021\/12\/image-922.png\" alt=\"\" class=\"wp-image-1102\" srcset=\"http:\/\/club-arada.fr\/wp-content\/uploads\/2021\/12\/image-922.png 945w, http:\/\/club-arada.fr\/wp-content\/uploads\/2021\/12\/image-922-300x169.png 300w, http:\/\/club-arada.fr\/wp-content\/uploads\/2021\/12\/image-922-768x432.png 768w\" sizes=\"(max-width: 945px) 100vw, 945px\" \/><\/figure>\n\n\n\n<p><a href=\"https:\/\/web.archive.org\/web\/20210401064609\/http:\/club-arada.fr\/p1210886\/\"><\/a><\/p>\n\n\n\n<p>L\u2019Herm\u00e8s nous accueille \u00e0 son bord sur les quais du Rh\u00f4ne \u00e0 Lyon<\/p>\n\n\n\n<figure class=\"wp-block-image size-full\"><img loading=\"lazy\" width=\"945\" height=\"532\" src=\"http:\/\/club-arada.fr\/wp-content\/uploads\/2021\/12\/image-923.png\" alt=\"\" class=\"wp-image-1103\" srcset=\"http:\/\/club-arada.fr\/wp-content\/uploads\/2021\/12\/image-923.png 945w, http:\/\/club-arada.fr\/wp-content\/uploads\/2021\/12\/image-923-300x169.png 300w, http:\/\/club-arada.fr\/wp-content\/uploads\/2021\/12\/image-923-768x432.png 768w\" sizes=\"(max-width: 945px) 100vw, 945px\" \/><\/figure>\n\n\n\n<p><a href=\"https:\/\/web.archive.org\/web\/20210401064609\/http:\/club-arada.fr\/p1210897\/\"><\/a><\/p>\n\n\n\n<p>Y a t\u2019il un pilote dans le bateau ?<\/p>\n\n\n\n<figure class=\"wp-block-image size-full\"><img loading=\"lazy\" width=\"945\" height=\"532\" src=\"http:\/\/club-arada.fr\/wp-content\/uploads\/2021\/12\/image-924.png\" alt=\"\" class=\"wp-image-1104\" srcset=\"http:\/\/club-arada.fr\/wp-content\/uploads\/2021\/12\/image-924.png 945w, http:\/\/club-arada.fr\/wp-content\/uploads\/2021\/12\/image-924-300x169.png 300w, http:\/\/club-arada.fr\/wp-content\/uploads\/2021\/12\/image-924-768x432.png 768w\" sizes=\"(max-width: 945px) 100vw, 945px\" \/><\/figure>\n\n\n\n<p><a href=\"https:\/\/web.archive.org\/web\/20210401064609\/http:\/club-arada.fr\/p1210915\/\"><\/a><\/p>\n\n\n\n<p>Confluence entre Rh\u00f4ne et Sa\u00f4ne<\/p>\n\n\n\n<figure class=\"wp-block-image size-full\"><img loading=\"lazy\" width=\"945\" height=\"532\" src=\"http:\/\/club-arada.fr\/wp-content\/uploads\/2021\/12\/image-925.png\" alt=\"\" class=\"wp-image-1105\" srcset=\"http:\/\/club-arada.fr\/wp-content\/uploads\/2021\/12\/image-925.png 945w, http:\/\/club-arada.fr\/wp-content\/uploads\/2021\/12\/image-925-300x169.png 300w, http:\/\/club-arada.fr\/wp-content\/uploads\/2021\/12\/image-925-768x432.png 768w\" sizes=\"(max-width: 945px) 100vw, 945px\" \/><\/figure>\n\n\n\n<p><a href=\"https:\/\/web.archive.org\/web\/20210401064609\/http:\/club-arada.fr\/p1210929\/\"><\/a><\/p>\n\n\n\n<p>On profite de la qui\u00e9tude des lieux<\/p>\n\n\n\n<figure class=\"wp-block-image size-full\"><img loading=\"lazy\" width=\"945\" height=\"630\" src=\"http:\/\/club-arada.fr\/wp-content\/uploads\/2021\/12\/image-926.png\" alt=\"\" class=\"wp-image-1106\" srcset=\"http:\/\/club-arada.fr\/wp-content\/uploads\/2021\/12\/image-926.png 945w, http:\/\/club-arada.fr\/wp-content\/uploads\/2021\/12\/image-926-300x200.png 300w, http:\/\/club-arada.fr\/wp-content\/uploads\/2021\/12\/image-926-768x512.png 768w\" sizes=\"(max-width: 945px) 100vw, 945px\" \/><\/figure>\n\n\n\n<p><a href=\"https:\/\/web.archive.org\/web\/20210401064609\/http:\/club-arada.fr\/p1210956\/\"><\/a><\/p>\n\n\n\n<p>sans oublier la f\u00eate des m\u00e8res !<\/p>\n\n\n\n<figure class=\"wp-block-image size-full\"><img loading=\"lazy\" width=\"945\" height=\"532\" src=\"http:\/\/club-arada.fr\/wp-content\/uploads\/2021\/12\/image-927.png\" alt=\"\" class=\"wp-image-1107\" srcset=\"http:\/\/club-arada.fr\/wp-content\/uploads\/2021\/12\/image-927.png 945w, http:\/\/club-arada.fr\/wp-content\/uploads\/2021\/12\/image-927-300x169.png 300w, http:\/\/club-arada.fr\/wp-content\/uploads\/2021\/12\/image-927-768x432.png 768w\" sizes=\"(max-width: 945px) 100vw, 945px\" \/><\/figure>\n\n\n\n<p><a href=\"https:\/\/web.archive.org\/web\/20210401064609\/http:\/club-arada.fr\/accueil\/p1210970\/\"><\/a><\/p>\n\n\n\n<p>Quelques gouttes \u00e0 l\u2019arriv\u00e9e mais la journ\u00e9e \u00e9tait belle et r\u00e9ussie !<\/p>\n","protected":false},"excerpt":{"rendered":"<p>L\u2019Herm\u00e8s nous accueille \u00e0 son bord sur les quais du Rh\u00f4ne \u00e0 Lyon Y a t\u2019il un pilote dans le bateau ? Confluence entre Rh\u00f4ne et Sa\u00f4ne On profite de la qui\u00e9tude des lieux&#46;&#46;&#46;<\/p>\n","protected":false},"author":1,"featured_media":0,"parent":0,"menu_order":0,"comment_status":"closed","ping_status":"closed","template":"","meta":[],"_links":{"self":[{"href":"http:\/\/club-arada.fr\/index.php\/wp-json\/wp\/v2\/pages\/1101"}],"collection":[{"href":"http:\/\/club-arada.fr\/index.php\/wp-json\/wp\/v2\/pages"}],"about":[{"href":"http:\/\/club-arada.fr\/index.php\/wp-json\/wp\/v2\/types\/page"}],"author":[{"embeddable":true,"href":"http:\/\/club-arada.fr\/index.php\/wp-json\/wp\/v2\/users\/1"}],"replies":[{"embeddable":true,"href":"http:\/\/club-arada.fr\/index.php\/wp-json\/wp\/v2\/comments?post=1101"}],"version-history":[{"count":1,"href":"http:\/\/club-arada.fr\/index.php\/wp-json\/wp\/v2\/pages\/1101\/revisions"}],"predecessor-version":[{"id":1108,"href":"http:\/\/club-arada.fr\/index.php\/wp-json\/wp\/v2\/pages\/1101\/revisions\/1108"}],"wp:attachment":[{"href":"http:\/\/club-arada.fr\/index.php\/wp-json\/wp\/v2\/media?parent=1101"}],"curies":[{"name":"wp","href":"https:\/\/api.w.org\/{rel}","templated":true}]}}