{"id":1063,"date":"2021-12-13T09:39:48","date_gmt":"2021-12-13T08:39:48","guid":{"rendered":"http:\/\/club-arada.fr\/?page_id=1063"},"modified":"2021-12-13T09:39:48","modified_gmt":"2021-12-13T08:39:48","slug":"fete-du-timbre-2018","status":"publish","type":"page","link":"http:\/\/club-arada.fr\/index.php\/fete-du-timbre-2018\/","title":{"rendered":"F\u00eate du timbre 2018"},"content":{"rendered":"\n<p>La f\u00eate du timbre 2018 a pour th\u00e8me cette ann\u00e9e les automobiles anciennes et le patrimoine<\/p>\n\n\n\n<figure class=\"wp-block-image size-full\"><img loading=\"lazy\" width=\"303\" height=\"405\" src=\"http:\/\/club-arada.fr\/wp-content\/uploads\/2021\/12\/image-892.png\" alt=\"\" class=\"wp-image-1064\" srcset=\"http:\/\/club-arada.fr\/wp-content\/uploads\/2021\/12\/image-892.png 303w, http:\/\/club-arada.fr\/wp-content\/uploads\/2021\/12\/image-892-224x300.png 224w\" sizes=\"(max-width: 303px) 100vw, 303px\" \/><\/figure>\n\n\n\n<p><a href=\"https:\/\/web.archive.org\/web\/20210324141729\/http:\/club-arada.fr\/affiche-fete-du-timbre\/\"><\/a><\/p>\n\n\n\n<p>A cette occasion deux timbres postes ont \u00e9t\u00e9 \u00e9mis et ils sont assez repr\u00e9sentatifs de ce qu\u2019on peut trouver \u00e0 l\u2019ARADA :<\/p>\n\n\n\n<figure class=\"wp-block-image size-full\"><img loading=\"lazy\" width=\"350\" height=\"261\" src=\"http:\/\/club-arada.fr\/wp-content\/uploads\/2021\/12\/image-893.png\" alt=\"\" class=\"wp-image-1065\" srcset=\"http:\/\/club-arada.fr\/wp-content\/uploads\/2021\/12\/image-893.png 350w, http:\/\/club-arada.fr\/wp-content\/uploads\/2021\/12\/image-893-300x224.png 300w\" sizes=\"(max-width: 350px) 100vw, 350px\" \/><\/figure>\n\n\n\n<p><a href=\"https:\/\/web.archive.org\/web\/20210324141729\/http:\/club-arada.fr\/a110\/\"><\/a><\/p>\n\n\n\n<p>La Berlinette en timbre courant \u00e0 0.80 \u20ac de valeur faciale et<\/p>\n\n\n\n<figure class=\"wp-block-image size-full\"><img loading=\"lazy\" width=\"422\" height=\"292\" src=\"http:\/\/club-arada.fr\/wp-content\/uploads\/2021\/12\/image-894.png\" alt=\"\" class=\"wp-image-1066\" srcset=\"http:\/\/club-arada.fr\/wp-content\/uploads\/2021\/12\/image-894.png 422w, http:\/\/club-arada.fr\/wp-content\/uploads\/2021\/12\/image-894-300x208.png 300w\" sizes=\"(max-width: 422px) 100vw, 422px\" \/><\/figure>\n\n\n\n<p><a href=\"https:\/\/web.archive.org\/web\/20210324141729\/http:\/club-arada.fr\/r5-3\/\"><\/a><\/p>\n\n\n\n<p>La R5 Maxi Turbo en bloc-feuillet \u00e0 1.60 \u20ac<\/p>\n\n\n\n<p>Le cercle philat\u00e9lique valentinois a eu la bonne id\u00e9e de faire venir une vraie auto sur le lieu de l\u2019exposition :<\/p>\n\n\n\n<figure class=\"wp-block-image size-full\"><img loading=\"lazy\" width=\"945\" height=\"631\" src=\"http:\/\/club-arada.fr\/wp-content\/uploads\/2021\/12\/image-895.png\" alt=\"\" class=\"wp-image-1067\" srcset=\"http:\/\/club-arada.fr\/wp-content\/uploads\/2021\/12\/image-895.png 945w, http:\/\/club-arada.fr\/wp-content\/uploads\/2021\/12\/image-895-300x200.png 300w, http:\/\/club-arada.fr\/wp-content\/uploads\/2021\/12\/image-895-768x513.png 768w\" sizes=\"(max-width: 945px) 100vw, 945px\" \/><\/figure>\n\n\n\n<p><a href=\"https:\/\/web.archive.org\/web\/20210324141729\/http:\/club-arada.fr\/fete-du-timbre\/\"><\/a><\/p>\n\n\n\n<p>Cette f\u00eate est \u00e9galement l\u2019occasion d\u2019une \u00e9mission de quelques documents souvenirs :<\/p>\n\n\n\n<figure class=\"wp-block-image size-large\"><img loading=\"lazy\" width=\"736\" height=\"1024\" src=\"http:\/\/club-arada.fr\/wp-content\/uploads\/2021\/12\/image-896-736x1024.png\" alt=\"\" class=\"wp-image-1068\" srcset=\"http:\/\/club-arada.fr\/wp-content\/uploads\/2021\/12\/image-896-736x1024.png 736w, http:\/\/club-arada.fr\/wp-content\/uploads\/2021\/12\/image-896-216x300.png 216w, http:\/\/club-arada.fr\/wp-content\/uploads\/2021\/12\/image-896-768x1069.png 768w, http:\/\/club-arada.fr\/wp-content\/uploads\/2021\/12\/image-896.png 945w\" sizes=\"(max-width: 736px) 100vw, 736px\" \/><\/figure>\n\n\n\n<p><a href=\"https:\/\/web.archive.org\/web\/20210324141729\/http:\/club-arada.fr\/fete-du-timbre-a110-001\/\"><\/a><\/p>\n\n\n\n<p>Une fiche pr\u00e9sentant et expliquant le timbre<\/p>\n\n\n\n<figure class=\"wp-block-image size-large\"><img loading=\"lazy\" width=\"736\" height=\"1024\" src=\"http:\/\/club-arada.fr\/wp-content\/uploads\/2021\/12\/image-897-736x1024.png\" alt=\"\" class=\"wp-image-1069\" srcset=\"http:\/\/club-arada.fr\/wp-content\/uploads\/2021\/12\/image-897-736x1024.png 736w, http:\/\/club-arada.fr\/wp-content\/uploads\/2021\/12\/image-897-216x300.png 216w, http:\/\/club-arada.fr\/wp-content\/uploads\/2021\/12\/image-897-768x1069.png 768w, http:\/\/club-arada.fr\/wp-content\/uploads\/2021\/12\/image-897.png 945w\" sizes=\"(max-width: 736px) 100vw, 736px\" \/><\/figure>\n\n\n\n<p><a href=\"https:\/\/web.archive.org\/web\/20210324141729\/http:\/club-arada.fr\/fete-du-timbre-r5-001\/\"><\/a><\/p>\n\n\n\n<p>Une enveloppe dite \u00ab&nbsp;premier jour&nbsp;\u00bb avec le timbre et le cachet postal sp\u00e9cial<\/p>\n\n\n\n<figure class=\"wp-block-image size-full\"><img loading=\"lazy\" width=\"945\" height=\"669\" src=\"http:\/\/club-arada.fr\/wp-content\/uploads\/2021\/12\/image-898.png\" alt=\"\" class=\"wp-image-1070\" srcset=\"http:\/\/club-arada.fr\/wp-content\/uploads\/2021\/12\/image-898.png 945w, http:\/\/club-arada.fr\/wp-content\/uploads\/2021\/12\/image-898-300x212.png 300w, http:\/\/club-arada.fr\/wp-content\/uploads\/2021\/12\/image-898-768x544.png 768w\" sizes=\"(max-width: 945px) 100vw, 945px\" \/><\/figure>\n\n\n\n<figure class=\"wp-block-image size-full\"><img loading=\"lazy\" width=\"945\" height=\"645\" src=\"http:\/\/club-arada.fr\/wp-content\/uploads\/2021\/12\/image-899.png\" alt=\"\" class=\"wp-image-1071\" srcset=\"http:\/\/club-arada.fr\/wp-content\/uploads\/2021\/12\/image-899.png 945w, http:\/\/club-arada.fr\/wp-content\/uploads\/2021\/12\/image-899-300x205.png 300w, http:\/\/club-arada.fr\/wp-content\/uploads\/2021\/12\/image-899-768x524.png 768w\" sizes=\"(max-width: 945px) 100vw, 945px\" \/><\/figure>\n\n\n\n<figure class=\"wp-block-image size-full\"><img loading=\"lazy\" width=\"945\" height=\"654\" src=\"http:\/\/club-arada.fr\/wp-content\/uploads\/2021\/12\/image-900.png\" alt=\"\" class=\"wp-image-1072\" srcset=\"http:\/\/club-arada.fr\/wp-content\/uploads\/2021\/12\/image-900.png 945w, http:\/\/club-arada.fr\/wp-content\/uploads\/2021\/12\/image-900-300x208.png 300w, http:\/\/club-arada.fr\/wp-content\/uploads\/2021\/12\/image-900-768x532.png 768w\" sizes=\"(max-width: 945px) 100vw, 945px\" \/><\/figure>\n\n\n\n<p><a href=\"https:\/\/web.archive.org\/web\/20210324141729\/http:\/club-arada.fr\/fete-du-timbre-1-001\/\"><\/a><a href=\"https:\/\/web.archive.org\/web\/20210324141729\/http:\/club-arada.fr\/fete-du-timbre-2-001\/\"><\/a><a href=\"https:\/\/web.archive.org\/web\/20210324141729\/http:\/club-arada.fr\/fete-du-timbre-3-001\/\"><\/a><\/p>\n\n\n\n<p>L\u2019occasion \u00e9galement de red\u00e9couvrir le patrimoine valentinois et notamment le Parc Jouvet<\/p>\n\n\n\n<p>Ce qu\u2019on appelle enfin un \u00ab&nbsp;entier postal&nbsp;\u00bb : une carte postale avec le timbre imprim\u00e9 sur la carte et non coll\u00e9 dessus en plus : (recto et verso de cet entier postal)<\/p>\n\n\n\n<figure class=\"wp-block-image size-large\"><img loading=\"lazy\" width=\"722\" height=\"1024\" src=\"http:\/\/club-arada.fr\/wp-content\/uploads\/2021\/12\/image-901-722x1024.png\" alt=\"\" class=\"wp-image-1073\" srcset=\"http:\/\/club-arada.fr\/wp-content\/uploads\/2021\/12\/image-901-722x1024.png 722w, http:\/\/club-arada.fr\/wp-content\/uploads\/2021\/12\/image-901-211x300.png 211w, http:\/\/club-arada.fr\/wp-content\/uploads\/2021\/12\/image-901-768x1090.png 768w, http:\/\/club-arada.fr\/wp-content\/uploads\/2021\/12\/image-901.png 945w\" sizes=\"(max-width: 722px) 100vw, 722px\" \/><\/figure>\n\n\n\n<p><a href=\"https:\/\/web.archive.org\/web\/20210324141729\/http:\/club-arada.fr\/fete-du-timbre-5-001\/\"><\/a><\/p>\n","protected":false},"excerpt":{"rendered":"<p>La f\u00eate du timbre 2018 a pour th\u00e8me cette ann\u00e9e les automobiles anciennes et le patrimoine A cette occasion deux timbres postes ont \u00e9t\u00e9 \u00e9mis et ils sont assez repr\u00e9sentatifs de ce qu\u2019on peut&#46;&#46;&#46;<\/p>\n","protected":false},"author":1,"featured_media":0,"parent":0,"menu_order":0,"comment_status":"closed","ping_status":"closed","template":"","meta":[],"_links":{"self":[{"href":"http:\/\/club-arada.fr\/index.php\/wp-json\/wp\/v2\/pages\/1063"}],"collection":[{"href":"http:\/\/club-arada.fr\/index.php\/wp-json\/wp\/v2\/pages"}],"about":[{"href":"http:\/\/club-arada.fr\/index.php\/wp-json\/wp\/v2\/types\/page"}],"author":[{"embeddable":true,"href":"http:\/\/club-arada.fr\/index.php\/wp-json\/wp\/v2\/users\/1"}],"replies":[{"embeddable":true,"href":"http:\/\/club-arada.fr\/index.php\/wp-json\/wp\/v2\/comments?post=1063"}],"version-history":[{"count":1,"href":"http:\/\/club-arada.fr\/index.php\/wp-json\/wp\/v2\/pages\/1063\/revisions"}],"predecessor-version":[{"id":1074,"href":"http:\/\/club-arada.fr\/index.php\/wp-json\/wp\/v2\/pages\/1063\/revisions\/1074"}],"wp:attachment":[{"href":"http:\/\/club-arada.fr\/index.php\/wp-json\/wp\/v2\/media?parent=1063"}],"curies":[{"name":"wp","href":"https:\/\/api.w.org\/{rel}","templated":true}]}}