{"id":1045,"date":"2021-12-13T09:38:08","date_gmt":"2021-12-13T08:38:08","guid":{"rendered":"http:\/\/club-arada.fr\/?page_id=1045"},"modified":"2021-12-13T09:38:09","modified_gmt":"2021-12-13T08:38:09","slug":"epoquauto-2018","status":"publish","type":"page","link":"http:\/\/club-arada.fr\/index.php\/epoquauto-2018\/","title":{"rendered":"Epoqu\u2019auto 2018"},"content":{"rendered":"\n<figure class=\"wp-block-image size-full\"><img loading=\"lazy\" width=\"945\" height=\"630\" src=\"http:\/\/club-arada.fr\/wp-content\/uploads\/2021\/12\/image-876.png\" alt=\"\" class=\"wp-image-1046\" srcset=\"http:\/\/club-arada.fr\/wp-content\/uploads\/2021\/12\/image-876.png 945w, http:\/\/club-arada.fr\/wp-content\/uploads\/2021\/12\/image-876-300x200.png 300w, http:\/\/club-arada.fr\/wp-content\/uploads\/2021\/12\/image-876-768x512.png 768w\" sizes=\"(max-width: 945px) 100vw, 945px\" \/><\/figure>\n\n\n\n<p>Bruno SABY en visite sur le stand<\/p>\n\n\n\n<figure class=\"wp-block-image size-full\"><img loading=\"lazy\" width=\"945\" height=\"630\" src=\"http:\/\/club-arada.fr\/wp-content\/uploads\/2021\/12\/image-877.png\" alt=\"\" class=\"wp-image-1047\" srcset=\"http:\/\/club-arada.fr\/wp-content\/uploads\/2021\/12\/image-877.png 945w, http:\/\/club-arada.fr\/wp-content\/uploads\/2021\/12\/image-877-300x200.png 300w, http:\/\/club-arada.fr\/wp-content\/uploads\/2021\/12\/image-877-768x512.png 768w\" sizes=\"(max-width: 945px) 100vw, 945px\" \/><\/figure>\n\n\n\n<p><a href=\"https:\/\/web.archive.org\/web\/20210331031358\/http:\/club-arada.fr\/epoq18-1\/\"><\/a><\/p>\n\n\n\n<p>Nous avons expos\u00e9 cette ann\u00e9e une JEFA Formule France 1969. 2 voitures seulement avaient \u00e9t\u00e9 construites par JEFA en 1969 pour la Formule France.<\/p>\n\n\n\n<figure class=\"wp-block-image size-full\"><img loading=\"lazy\" width=\"945\" height=\"630\" src=\"http:\/\/club-arada.fr\/wp-content\/uploads\/2021\/12\/image-878.png\" alt=\"\" class=\"wp-image-1048\" srcset=\"http:\/\/club-arada.fr\/wp-content\/uploads\/2021\/12\/image-878.png 945w, http:\/\/club-arada.fr\/wp-content\/uploads\/2021\/12\/image-878-300x200.png 300w, http:\/\/club-arada.fr\/wp-content\/uploads\/2021\/12\/image-878-768x512.png 768w\" sizes=\"(max-width: 945px) 100vw, 945px\" \/><\/figure>\n\n\n\n<p>Celle-ci a \u00e9t\u00e9 enti\u00e8rement restaur\u00e9e, remont\u00e9e, reconstruite. Elle est parfaitement fonctionnelle avec son 1500 cm3 Gordini. Il convient juste d\u2019avoir un gabarit \u00ab\u00a0adapt\u00e9\u00a0\u00bb pour pouvoir la piloter !<\/p>\n\n\n\n<p><a href=\"https:\/\/web.archive.org\/web\/20210331031358\/http:\/club-arada.fr\/epoq18-3\/\"><\/a><\/p>\n\n\n\n<p>La seconde auto expos\u00e9e par le club : une magnifique Clio Williams Phase 1<\/p>\n\n\n\n<figure class=\"wp-block-image size-full\"><img loading=\"lazy\" width=\"945\" height=\"529\" src=\"http:\/\/club-arada.fr\/wp-content\/uploads\/2021\/12\/image-879.png\" alt=\"\" class=\"wp-image-1049\" srcset=\"http:\/\/club-arada.fr\/wp-content\/uploads\/2021\/12\/image-879.png 945w, http:\/\/club-arada.fr\/wp-content\/uploads\/2021\/12\/image-879-300x168.png 300w, http:\/\/club-arada.fr\/wp-content\/uploads\/2021\/12\/image-879-768x430.png 768w\" sizes=\"(max-width: 945px) 100vw, 945px\" \/><\/figure>\n\n\n\n<p><a href=\"https:\/\/web.archive.org\/web\/20210331031358\/http:\/club-arada.fr\/sony-dsc-2\/\"><\/a><\/p>\n\n\n\n<p>Le moteur Gordini de la JEFA<\/p>\n\n\n\n<figure class=\"wp-block-image size-full\"><img loading=\"lazy\" width=\"945\" height=\"529\" src=\"http:\/\/club-arada.fr\/wp-content\/uploads\/2021\/12\/image-881.png\" alt=\"\" class=\"wp-image-1051\" srcset=\"http:\/\/club-arada.fr\/wp-content\/uploads\/2021\/12\/image-881.png 945w, http:\/\/club-arada.fr\/wp-content\/uploads\/2021\/12\/image-881-300x168.png 300w, http:\/\/club-arada.fr\/wp-content\/uploads\/2021\/12\/image-881-768x430.png 768w\" sizes=\"(max-width: 945px) 100vw, 945px\" \/><\/figure>\n\n\n\n<p><a href=\"https:\/\/web.archive.org\/web\/20210331031358\/http:\/club-arada.fr\/sony-dsc\/\"><\/a><\/p>\n\n\n\n<p>C\u2019est une \u2026 smarlinette<\/p>\n\n\n\n<p><a href=\"https:\/\/web.archive.org\/web\/20210331031358\/http:\/club-arada.fr\/sony-dsc-3\/\"><\/a><\/p>\n\n\n\n<p><a href=\"https:\/\/web.archive.org\/web\/20210331031358\/http:\/club-arada.fr\/sony-dsc-4\/\"><\/a><\/p>\n\n\n\n<figure class=\"wp-block-image size-full\"><img loading=\"lazy\" width=\"945\" height=\"529\" src=\"http:\/\/club-arada.fr\/wp-content\/uploads\/2021\/12\/image-882.png\" alt=\"\" class=\"wp-image-1052\" srcset=\"http:\/\/club-arada.fr\/wp-content\/uploads\/2021\/12\/image-882.png 945w, http:\/\/club-arada.fr\/wp-content\/uploads\/2021\/12\/image-882-300x168.png 300w, http:\/\/club-arada.fr\/wp-content\/uploads\/2021\/12\/image-882-768x430.png 768w\" sizes=\"(max-width: 945px) 100vw, 945px\" \/><\/figure>\n\n\n\n<figure class=\"wp-block-image size-full\"><img loading=\"lazy\" width=\"945\" height=\"529\" src=\"http:\/\/club-arada.fr\/wp-content\/uploads\/2021\/12\/image-883.png\" alt=\"\" class=\"wp-image-1053\" srcset=\"http:\/\/club-arada.fr\/wp-content\/uploads\/2021\/12\/image-883.png 945w, http:\/\/club-arada.fr\/wp-content\/uploads\/2021\/12\/image-883-300x168.png 300w, http:\/\/club-arada.fr\/wp-content\/uploads\/2021\/12\/image-883-768x430.png 768w\" sizes=\"(max-width: 945px) 100vw, 945px\" \/><\/figure>\n\n\n\n<figure class=\"wp-block-image size-full\"><img loading=\"lazy\" width=\"945\" height=\"630\" src=\"http:\/\/club-arada.fr\/wp-content\/uploads\/2021\/12\/image-884.png\" alt=\"\" class=\"wp-image-1054\" srcset=\"http:\/\/club-arada.fr\/wp-content\/uploads\/2021\/12\/image-884.png 945w, http:\/\/club-arada.fr\/wp-content\/uploads\/2021\/12\/image-884-300x200.png 300w, http:\/\/club-arada.fr\/wp-content\/uploads\/2021\/12\/image-884-768x512.png 768w\" sizes=\"(max-width: 945px) 100vw, 945px\" \/><\/figure>\n\n\n\n<figure class=\"wp-block-image size-large\"><img loading=\"lazy\" width=\"683\" height=\"1024\" src=\"http:\/\/club-arada.fr\/wp-content\/uploads\/2021\/12\/image-885-683x1024.png\" alt=\"\" class=\"wp-image-1055\" srcset=\"http:\/\/club-arada.fr\/wp-content\/uploads\/2021\/12\/image-885-683x1024.png 683w, http:\/\/club-arada.fr\/wp-content\/uploads\/2021\/12\/image-885-200x300.png 200w, http:\/\/club-arada.fr\/wp-content\/uploads\/2021\/12\/image-885-768x1152.png 768w, http:\/\/club-arada.fr\/wp-content\/uploads\/2021\/12\/image-885.png 945w\" sizes=\"(max-width: 683px) 100vw, 683px\" \/><\/figure>\n\n\n\n<figure class=\"wp-block-image size-large\"><img loading=\"lazy\" width=\"683\" height=\"1024\" src=\"http:\/\/club-arada.fr\/wp-content\/uploads\/2021\/12\/image-886-683x1024.png\" alt=\"\" class=\"wp-image-1056\" srcset=\"http:\/\/club-arada.fr\/wp-content\/uploads\/2021\/12\/image-886-683x1024.png 683w, http:\/\/club-arada.fr\/wp-content\/uploads\/2021\/12\/image-886-200x300.png 200w, http:\/\/club-arada.fr\/wp-content\/uploads\/2021\/12\/image-886-768x1152.png 768w, http:\/\/club-arada.fr\/wp-content\/uploads\/2021\/12\/image-886.png 945w\" sizes=\"(max-width: 683px) 100vw, 683px\" \/><\/figure>\n\n\n\n<figure class=\"wp-block-image size-large\"><img loading=\"lazy\" width=\"683\" height=\"1024\" src=\"http:\/\/club-arada.fr\/wp-content\/uploads\/2021\/12\/image-887-683x1024.png\" alt=\"\" class=\"wp-image-1057\" srcset=\"http:\/\/club-arada.fr\/wp-content\/uploads\/2021\/12\/image-887-683x1024.png 683w, http:\/\/club-arada.fr\/wp-content\/uploads\/2021\/12\/image-887-200x300.png 200w, http:\/\/club-arada.fr\/wp-content\/uploads\/2021\/12\/image-887-768x1152.png 768w, http:\/\/club-arada.fr\/wp-content\/uploads\/2021\/12\/image-887.png 945w\" sizes=\"(max-width: 683px) 100vw, 683px\" \/><\/figure>\n\n\n\n<figure class=\"wp-block-image size-large\"><img loading=\"lazy\" width=\"683\" height=\"1024\" src=\"http:\/\/club-arada.fr\/wp-content\/uploads\/2021\/12\/image-888-683x1024.png\" alt=\"\" class=\"wp-image-1058\" srcset=\"http:\/\/club-arada.fr\/wp-content\/uploads\/2021\/12\/image-888-683x1024.png 683w, http:\/\/club-arada.fr\/wp-content\/uploads\/2021\/12\/image-888-200x300.png 200w, http:\/\/club-arada.fr\/wp-content\/uploads\/2021\/12\/image-888-768x1152.png 768w, http:\/\/club-arada.fr\/wp-content\/uploads\/2021\/12\/image-888.png 945w\" sizes=\"(max-width: 683px) 100vw, 683px\" \/><\/figure>\n\n\n\n<figure class=\"wp-block-image size-full\"><img loading=\"lazy\" width=\"945\" height=\"630\" src=\"http:\/\/club-arada.fr\/wp-content\/uploads\/2021\/12\/image-889.png\" alt=\"\" class=\"wp-image-1059\" srcset=\"http:\/\/club-arada.fr\/wp-content\/uploads\/2021\/12\/image-889.png 945w, http:\/\/club-arada.fr\/wp-content\/uploads\/2021\/12\/image-889-300x200.png 300w, http:\/\/club-arada.fr\/wp-content\/uploads\/2021\/12\/image-889-768x512.png 768w\" sizes=\"(max-width: 945px) 100vw, 945px\" \/><\/figure>\n\n\n\n<figure class=\"wp-block-image size-full\"><img loading=\"lazy\" width=\"945\" height=\"630\" src=\"http:\/\/club-arada.fr\/wp-content\/uploads\/2021\/12\/image-890.png\" alt=\"\" class=\"wp-image-1060\" srcset=\"http:\/\/club-arada.fr\/wp-content\/uploads\/2021\/12\/image-890.png 945w, http:\/\/club-arada.fr\/wp-content\/uploads\/2021\/12\/image-890-300x200.png 300w, http:\/\/club-arada.fr\/wp-content\/uploads\/2021\/12\/image-890-768x512.png 768w\" sizes=\"(max-width: 945px) 100vw, 945px\" \/><\/figure>\n\n\n\n<figure class=\"wp-block-image size-full\"><img loading=\"lazy\" width=\"945\" height=\"630\" src=\"http:\/\/club-arada.fr\/wp-content\/uploads\/2021\/12\/image-891.png\" alt=\"\" class=\"wp-image-1061\" srcset=\"http:\/\/club-arada.fr\/wp-content\/uploads\/2021\/12\/image-891.png 945w, http:\/\/club-arada.fr\/wp-content\/uploads\/2021\/12\/image-891-300x200.png 300w, http:\/\/club-arada.fr\/wp-content\/uploads\/2021\/12\/image-891-768x512.png 768w\" sizes=\"(max-width: 945px) 100vw, 945px\" \/><\/figure>\n\n\n\n<p><a href=\"https:\/\/web.archive.org\/web\/20210331031358\/http:\/club-arada.fr\/epoq2018-5\/\"><\/a><\/p>\n\n\n\n<p><a href=\"https:\/\/web.archive.org\/web\/20210331031358\/http:\/club-arada.fr\/epoq2018-6\/\"><\/a><\/p>\n\n\n\n<p><a href=\"https:\/\/web.archive.org\/web\/20210331031358\/http:\/club-arada.fr\/epoq2018-7\/\"><\/a><\/p>\n\n\n\n<p><a href=\"https:\/\/web.archive.org\/web\/20210331031358\/http:\/club-arada.fr\/epoq2018-8\/\"><\/a><\/p>\n\n\n\n<p><a href=\"https:\/\/web.archive.org\/web\/20210331031358\/http:\/club-arada.fr\/epoq2018-9\/\"><\/a><\/p>\n\n\n\n<p><a href=\"https:\/\/web.archive.org\/web\/20210331031358\/http:\/club-arada.fr\/epoq2018-10\/\"><\/a><\/p>\n\n\n\n<p><a href=\"https:\/\/web.archive.org\/web\/20210331031358\/http:\/club-arada.fr\/epoq2018-11\/\"><\/a><\/p>\n\n\n\n<p><a href=\"https:\/\/web.archive.org\/web\/20210331031358\/http:\/club-arada.fr\/epoq2018-12\/\"><\/a><\/p>\n","protected":false},"excerpt":{"rendered":"<p>Bruno SABY en visite sur le stand Nous avons expos\u00e9 cette ann\u00e9e une JEFA Formule France 1969. 2 voitures seulement avaient \u00e9t\u00e9 construites par JEFA en 1969 pour la Formule France. Celle-ci a \u00e9t\u00e9&#46;&#46;&#46;<\/p>\n","protected":false},"author":1,"featured_media":0,"parent":0,"menu_order":0,"comment_status":"closed","ping_status":"closed","template":"","meta":[],"_links":{"self":[{"href":"http:\/\/club-arada.fr\/index.php\/wp-json\/wp\/v2\/pages\/1045"}],"collection":[{"href":"http:\/\/club-arada.fr\/index.php\/wp-json\/wp\/v2\/pages"}],"about":[{"href":"http:\/\/club-arada.fr\/index.php\/wp-json\/wp\/v2\/types\/page"}],"author":[{"embeddable":true,"href":"http:\/\/club-arada.fr\/index.php\/wp-json\/wp\/v2\/users\/1"}],"replies":[{"embeddable":true,"href":"http:\/\/club-arada.fr\/index.php\/wp-json\/wp\/v2\/comments?post=1045"}],"version-history":[{"count":1,"href":"http:\/\/club-arada.fr\/index.php\/wp-json\/wp\/v2\/pages\/1045\/revisions"}],"predecessor-version":[{"id":1062,"href":"http:\/\/club-arada.fr\/index.php\/wp-json\/wp\/v2\/pages\/1045\/revisions\/1062"}],"wp:attachment":[{"href":"http:\/\/club-arada.fr\/index.php\/wp-json\/wp\/v2\/media?parent=1045"}],"curies":[{"name":"wp","href":"https:\/\/api.w.org\/{rel}","templated":true}]}}